{"id":831,"date":"2017-10-28T20:35:50","date_gmt":"2017-10-28T22:35:50","guid":{"rendered":"https:\/\/wp.ufpel.edu.br\/legadolaclau\/?page_id=831"},"modified":"2017-10-30T14:03:29","modified_gmt":"2017-10-30T16:03:29","slug":"sumario","status":"publish","type":"page","link":"https:\/\/wp.ufpel.edu.br\/legadolaclau\/eventos-anteriores\/anais-do-simposio-pos-estruturalismo-e-teoria-sociall\/sumario\/","title":{"rendered":"Sum\u00e1rio"},"content":{"rendered":"<p><a href=\"https:\/\/wp.ufpel.edu.br\/legadolaclau\/pt\/eventos-anteriores\/anais-do-simposio-pos-estruturalismo-e-teoria-social-2017\/sumario\/gt-1-teoria-do-discurso-e-seus-interlocutores\/\">GT 1 \u2013 Teoria do Discurso e seus Interlocutores<\/a><\/p>\n<p><a href=\"https:\/\/wp.ufpel.edu.br\/legadolaclau\/pt\/eventos-anteriores\/anais-do-simposio-pos-estruturalismo-e-teoria-social-2017\/sumario\/gt-2-teoria-do-discurso-e-mobilizacoes-sociais-na-america-latina\/\">GT 2 \u2013 Teoria do Discurso e Mobiliza\u00e7\u00f5es Sociais na Am\u00e9rica Latina<\/a><\/p>\n<p><a href=\"https:\/\/wp.ufpel.edu.br\/legadolaclau\/pt\/eventos-anteriores\/anais-do-simposio-pos-estruturalismo-e-teoria-social-2017\/sumario\/gt-3-teoria-do-discurso-ciencia-e-tecnologia\/\">GT 3 \u2013 Teoria do discurso, ci\u00eancia e tecnologia<\/a><\/p>\n<p><a href=\"https:\/\/wp.ufpel.edu.br\/legadolaclau\/pt\/eventos-anteriores\/anais-do-simposio-pos-estruturalismo-e-teoria-social-2017\/sumario\/gt-04-teoria-do-discurso-e-educacao\/\">GT 04 \u2013 Teoria do Discurso e Educa\u00e7\u00e3o<\/a><\/p>\n<p><a href=\"https:\/\/wp.ufpel.edu.br\/legadolaclau\/pt\/eventos-anteriores\/anais-do-simposio-pos-estruturalismo-e-teoria-social-2017\/sumario\/gt-5-teoria-do-discurso-metodos-e-tecnicas-de-pesquisa\/\">GT 5 \u2013 Teoria do Discurso, m\u00e9todos e t\u00e9cnicas de pesquisa<\/a><\/p>\n<p>&nbsp;<\/p>\n","protected":false},"excerpt":{"rendered":"<p>GT 1 \u2013 Teoria do Discurso e seus Interlocutores GT 2 \u2013 Teoria do Discurso e Mobiliza\u00e7\u00f5es Sociais na Am\u00e9rica Latina GT 3 \u2013 Teoria do discurso, ci\u00eancia e tecnologia GT 04 \u2013 Teoria do Discurso e Educa\u00e7\u00e3o GT 5 \u2013 Teoria do Discurso, m\u00e9todos e t\u00e9cnicas de pesquisa &nbsp;<\/p>\n","protected":false},"author":528,"featured_media":0,"parent":825,"menu_order":0,"comment_status":"closed","ping_status":"closed","template":"","meta":{"jetpack_post_was_ever_published":false,"footnotes":""},"class_list":["post-831","page","type-page","status-publish","hentry"],"jetpack_sharing_enabled":true,"jetpack_shortlink":"https:\/\/wp.me\/P8yPuk-dp","jetpack_likes_enabled":true,"publishpress_future_action":{"enabled":false,"date":"2026-04-18 03:37:58","action":"change-status","newStatus":"draft","terms":[],"taxonomy":"","extraData":[]},"publishpress_future_workflow_manual_trigger":{"enabledWorkflows":[]},"_links":{"self":[{"href":"https:\/\/wp.ufpel.edu.br\/legadolaclau\/wp-json\/wp\/v2\/pages\/831","targetHints":{"allow":["GET"]}}],"collection":[{"href":"https:\/\/wp.ufpel.edu.br\/legadolaclau\/wp-json\/wp\/v2\/pages"}],"about":[{"href":"https:\/\/wp.ufpel.edu.br\/legadolaclau\/wp-json\/wp\/v2\/types\/page"}],"author":[{"embeddable":true,"href":"https:\/\/wp.ufpel.edu.br\/legadolaclau\/wp-json\/wp\/v2\/users\/528"}],"replies":[{"embeddable":true,"href":"https:\/\/wp.ufpel.edu.br\/legadolaclau\/wp-json\/wp\/v2\/comments?post=831"}],"version-history":[{"count":4,"href":"https:\/\/wp.ufpel.edu.br\/legadolaclau\/wp-json\/wp\/v2\/pages\/831\/revisions"}],"predecessor-version":[{"id":879,"href":"https:\/\/wp.ufpel.edu.br\/legadolaclau\/wp-json\/wp\/v2\/pages\/831\/revisions\/879"}],"up":[{"embeddable":true,"href":"https:\/\/wp.ufpel.edu.br\/legadolaclau\/wp-json\/wp\/v2\/pages\/825"}],"wp:attachment":[{"href":"https:\/\/wp.ufpel.edu.br\/legadolaclau\/wp-json\/wp\/v2\/media?parent=831"}],"curies":[{"name":"wp","href":"https:\/\/api.w.org\/{rel}","templated":true}]}}