{"id":828,"date":"2017-10-28T20:32:00","date_gmt":"2017-10-28T22:32:00","guid":{"rendered":"https:\/\/wp.ufpel.edu.br\/legadolaclau\/?page_id=828"},"modified":"2017-11-24T15:42:45","modified_gmt":"2017-11-24T17:42:45","slug":"expediente","status":"publish","type":"page","link":"https:\/\/wp.ufpel.edu.br\/legadolaclau\/eventos-anteriores\/anais-do-simposio-pos-estruturalismo-e-teoria-sociall\/expediente\/","title":{"rendered":"Expediente"},"content":{"rendered":"<p><strong>II SIMP\u00d3SIO P\u00d3S-ESTRUTURALISMO E TEORIA SOCIAL: ERNESTO LACLAU E SEUS INTERLOCUTORES<\/strong><br \/>\n25 a 27 de setembro de 2017<br \/>\nUniversidade Federal de Pelotas<br \/>\nPelotas, Brasil<\/p>\n<p><strong>ISSN\u00a0<\/strong>2594-6358<\/p>\n<p><strong>SIMP\u00d3SIO P\u00d3S-ESTRUTURALISMO E TEORIA SOCIAL<\/strong><br \/>\nEvento Bienal<br \/>\n<strong>UNIVERSIDADE FEDERAL DE PELOTAS<\/strong><br \/>\nReitor: Pedro Rodrigues Curi Hallal<br \/>\nVice-Reitor: Lu\u00eds Isa\u00edas Centeno do Amaral<br \/>\nPr\u00f3-Reitor Administrativo: Ricardo Hartlebem Peter<br \/>\nPr\u00f3-Reitor de Assuntos Estudantis: Mario Renato de Azevedo J\u00fanior<br \/>\nPr\u00f3-Reitora de Extens\u00e3o e Cultura: Francisca Ferreira Michelon<br \/>\nPr\u00f3-Reitor de Gest\u00e3o de Pessoas: S\u00e9rgio Batista Christino<br \/>\nPr\u00f3-Reitora de Gradua\u00e7\u00e3o: Maria F\u00e1tima C\u00f3ssio<br \/>\nPr\u00f3-Reitor de Infraestrutura: Julio Carlos Balzano de Mattos<br \/>\nPr\u00f3-Reitor de Pesquisa e P\u00f3s-Gradua\u00e7\u00e3o: Fl\u00e1vio Fernando Demarco<br \/>\nPr\u00f3-Reitor de Planejamento e Desenvolvimento: Ot\u00e1vio Martins Peres<br \/>\nINSTITUTO DE FILOSOFIA, SOCIOLOGIA E POL\u00cdTICA<br \/>\nDiretor: Jo\u00e3o Francisco Nascimento Hobuss<br \/>\nVice-Diretor: William H\u00e9ctor G\u00f3mez Soto<br \/>\nPROGRAMA DE P\u00d3S-GRADUA\u00c7\u00c3O EM CI\u00caNCIA POL\u00cdTICA<br \/>\nCoordenadora: Bianca de Freitas Linhares<br \/>\nCoordenador Adjunto: Carlos Artur Gallo<br \/>\nPROGRAMA DE P\u00d3S-GRADUA\u00c7\u00c3O EM SOCIOLOGIA<br \/>\nCoordenador: Elaine da Silveira Leite<br \/>\nCoordenador Adjunto: Marcus Vinicius Spolle<br \/>\n<strong>\u00a0<\/strong><\/p>\n<p><strong>COORDENA\u00c7\u00c3O-GERAL<\/strong><br \/>\nBianca de Freitas Linhares<br \/>\nDaniel de Mendon\u00e7a<br \/>\nL\u00e9o Peixoto Rodrigues<br \/>\n<strong>COMISS\u00c3O ORGANIZADORA<\/strong><br \/>\nAgnes Bezerra Menezes<br \/>\nBianca de Freitas Linhares<br \/>\nCamila Dellagnese Prates<br \/>\nCarolina Costa dos Santos<br \/>\nDaniel de Mendon\u00e7a<br \/>\nEverton Garcia da Costa<br \/>\nGabriel Bandeira Coelho<br \/>\nKamila Lima do Nascimento<br \/>\nLarissa Russo Gon\u00e7alves<br \/>\nL\u00e9o Peixoto Rodrigues<br \/>\nLet\u00edcia Baron<br \/>\nLucas Garcia da Silva<br \/>\nMariele Afonso Domingues<br \/>\nMichele Diana da Luz<br \/>\nMurilo Paiotti Dias<br \/>\nNadir Lara Junior<br \/>\nSandra Regina Barboza Parzianello<br \/>\nSimone Muniz Puyo<br \/>\n<strong>EDITORA\u00c7\u00c3O<\/strong><br \/>\nBianca de Freitas Linhares<br \/>\nCarolina Costa dos Santos<br \/>\nLet\u00edcia Baron<br \/>\nSimone Muniz Puyo<\/p>\n<p><strong>ENDERE\u00c7O<\/strong><br \/>\nRua Cel. Alberto Rosa n. 154 sala 302 &#8211; Centro &#8211; Pelotas\/RS. CEP: 96.010-770<\/p>\n","protected":false},"excerpt":{"rendered":"<p>II SIMP\u00d3SIO P\u00d3S-ESTRUTURALISMO E TEORIA SOCIAL: ERNESTO LACLAU E SEUS INTERLOCUTORES 25 a 27 de setembro de 2017 Universidade Federal de Pelotas Pelotas, Brasil ISSN\u00a02594-6358 SIMP\u00d3SIO P\u00d3S-ESTRUTURALISMO E TEORIA SOCIAL Evento Bienal UNIVERSIDADE FEDERAL DE PELOTAS Reitor: Pedro Rodrigues Curi Hallal Vice-Reitor: Lu\u00eds Isa\u00edas Centeno do Amaral Pr\u00f3-Reitor Administrativo: Ricardo Hartlebem Peter Pr\u00f3-Reitor de Assuntos &hellip; <a href=\"https:\/\/wp.ufpel.edu.br\/legadolaclau\/eventos-anteriores\/anais-do-simposio-pos-estruturalismo-e-teoria-sociall\/expediente\/\" class=\"more-link\">Continue lendo <span class=\"screen-reader-text\">Expediente<\/span> <span class=\"meta-nav\">&rarr;<\/span><\/a><\/p>\n","protected":false},"author":528,"featured_media":0,"parent":825,"menu_order":0,"comment_status":"closed","ping_status":"closed","template":"","meta":{"jetpack_post_was_ever_published":false,"footnotes":""},"class_list":["post-828","page","type-page","status-publish","hentry"],"jetpack_sharing_enabled":true,"jetpack_shortlink":"https:\/\/wp.me\/P8yPuk-dm","jetpack_likes_enabled":true,"publishpress_future_action":{"enabled":false,"date":"2026-04-18 13:19:57","action":"change-status","newStatus":"draft","terms":[],"taxonomy":"","extraData":[]},"publishpress_future_workflow_manual_trigger":{"enabledWorkflows":[]},"_links":{"self":[{"href":"https:\/\/wp.ufpel.edu.br\/legadolaclau\/wp-json\/wp\/v2\/pages\/828","targetHints":{"allow":["GET"]}}],"collection":[{"href":"https:\/\/wp.ufpel.edu.br\/legadolaclau\/wp-json\/wp\/v2\/pages"}],"about":[{"href":"https:\/\/wp.ufpel.edu.br\/legadolaclau\/wp-json\/wp\/v2\/types\/page"}],"author":[{"embeddable":true,"href":"https:\/\/wp.ufpel.edu.br\/legadolaclau\/wp-json\/wp\/v2\/users\/528"}],"replies":[{"embeddable":true,"href":"https:\/\/wp.ufpel.edu.br\/legadolaclau\/wp-json\/wp\/v2\/comments?post=828"}],"version-history":[{"count":7,"href":"https:\/\/wp.ufpel.edu.br\/legadolaclau\/wp-json\/wp\/v2\/pages\/828\/revisions"}],"predecessor-version":[{"id":988,"href":"https:\/\/wp.ufpel.edu.br\/legadolaclau\/wp-json\/wp\/v2\/pages\/828\/revisions\/988"}],"up":[{"embeddable":true,"href":"https:\/\/wp.ufpel.edu.br\/legadolaclau\/wp-json\/wp\/v2\/pages\/825"}],"wp:attachment":[{"href":"https:\/\/wp.ufpel.edu.br\/legadolaclau\/wp-json\/wp\/v2\/media?parent=828"}],"curies":[{"name":"wp","href":"https:\/\/api.w.org\/{rel}","templated":true}]}}