{"id":812,"date":"2017-10-28T20:15:22","date_gmt":"2017-10-28T22:15:22","guid":{"rendered":"https:\/\/wp.ufpel.edu.br\/legadolaclau\/?page_id=812"},"modified":"2022-07-07T19:24:21","modified_gmt":"2022-07-07T22:24:21","slug":"gt-4-pos-estruturalismo-pos-fundacionalismo-e-teoria-do-discurso","status":"publish","type":"page","link":"https:\/\/wp.ufpel.edu.br\/legadolaclau\/eventos-anteriores\/anais-do-simposio-pos-estruturalismo-e-teoria-social\/sumario\/gt-4-pos-estruturalismo-pos-fundacionalismo-e-teoria-do-discurso\/","title":{"rendered":"GT 4 \u2013 P\u00f3s-Estruturalismo, P\u00f3s-Fundacionalismo e Teoria do Discurso"},"content":{"rendered":"<div>\n<p><strong>Coordena<span lang=\"PT-BR\">\u00e7\u00e3o<\/span>: Everton Garcia da Costa (UFRGS) e Rosana Alves Gomes (UFPel)<span lang=\"PT-BR\">.<\/span><\/strong><\/p>\n<\/div>\n<p>S\u00e9rgio Barbosa dos Santos Silva \u2013 UFSC<br \/>\nPara entender as \u201cjornadas de junho de 2013\u201d \u00e0 luz do pensamento de Ernesto Laclau\u00a0<a href=\"https:\/\/wp.ufpel.edu.br\/legadolaclau\/pt\/eventos-anteriores\/anais-do-simposio-pos-estruturalismo-e-teoria-social\/sergio-silva\/\" rel=\"attachment wp-att-162\">PDF<\/a><\/p>\n<p>Juliana Camila Barbosa Mendes \u2013 UFPE<br \/>\nModerniza\u00e7\u00e3o ou monitoramento? Movimentos discursivos da pol\u00edtica de responsabiliza\u00e7\u00e3o educacional em Pernambuco\u00a0<a href=\"https:\/\/wp.ufpel.edu.br\/legadolaclau\/pt\/eventos-anteriores\/anais-do-simposio-pos-estruturalismo-e-teoria-social\/juliana-mendes\/\" rel=\"attachment wp-att-163\">PDF<\/a><\/p>\n<p>Nadja Karin Pellejero \u2013 FURG; Claudia Mota Estabel \u2013 FURG<br \/>\nHegemonia, antagonismo, discurso e governo Dilma\u00a0<a href=\"https:\/\/wp.ufpel.edu.br\/legadolaclau\/pt\/eventos-anteriores\/anais-do-simposio-pos-estruturalismo-e-teoria-social\/artigo-gt4-nadja-e-claudia\/\" rel=\"attachment wp-att-164\">PDF<\/a><\/p>\n<p>Edemilson Paran\u00e1; Lucas Trindade da Silva;\u00a0Alexandre Marinho Pimenta<br \/>\nA atualidade de uma problem\u00e1tica para a Ci\u00eancias Sociais: o anti-humanismo te\u00f3rico em Niklas Luhmann e Louis Althusser\u00a0<a href=\"https:\/\/wp.ufpel.edu.br\/legadolaclau\/pt\/eventos-anteriores\/anais-do-simposio-pos-estruturalismo-e-teoria-social\/artigo-gt-4-edemilson\/\" rel=\"attachment wp-att-165\">PDF<\/a><\/p>\n<p>Lu\u00edsa Bonetti Scirea \u2013 UFSC<br \/>\nEntre discursos: aproxima\u00e7\u00f5es e distanciamentos entre a categoria discurso da Escola de Essex e da An\u00e1lise do Discurso Francesa\u00a0<a href=\"https:\/\/wp.ufpel.edu.br\/legadolaclau\/pt\/eventos-anteriores\/anais-do-simposio-pos-estruturalismo-e-teoria-social\/artigo-gt4_bonetti-scirea-luisa\/\" rel=\"attachment wp-att-166\">PDF<\/a><\/p>\n<p>Leonardo Monteiro Crespo de Almeida \u2013 UFPE<br \/>\nCadeias de Equival\u00eancia e Assemblage: Converg\u00eancias entre as teorias de Ernesto Laclau e Manuel de Landa\u00a0<a href=\"https:\/\/wp.ufpel.edu.br\/legadolaclau\/pt\/eventos-anteriores\/anais-do-simposio-pos-estruturalismo-e-teoria-social\/artigo-leonardo-almeida-1\/\" rel=\"attachment wp-att-161\">PDF<\/a><\/p>\n<p>Rafael Bruno Gon\u00e7alves \u2013 UERJ<br \/>\nO conceito de ideologia na tradi\u00e7\u00e3o (p\u00f3s)marxista e p\u00f3s-estruturalista\u00a0<a href=\"https:\/\/wp.ufpel.edu.br\/legadolaclau\/pt\/eventos-anteriores\/anais-do-simposio-pos-estruturalismo-e-teoria-social\/rafael-bruno\/\" rel=\"attachment wp-att-167\">PDF<\/a><\/p>\n<p>Henrique de Oliveira Lee \u2013 UFMT; Camila Rodrigues Francisco \u2013 UFMT<br \/>\nEmbates discursivos em torno de significantes vazios: Uma investiga\u00e7\u00e3o sobre a constru\u00e7\u00e3o de antagonismos durante as manifesta\u00e7\u00f5es de junho de 2013\u00a0<a href=\"https:\/\/wp.ufpel.edu.br\/legadolaclau\/pt\/eventos-anteriores\/anais-do-simposio-pos-estruturalismo-e-teoria-social\/artigo-gt4-lee-henrique_-francisco-camila-r\/\" rel=\"attachment wp-att-168\">PDF<\/a><\/p>\n<p>Beatriz Soares Louren\u00e7o \u2013 UFRJ<br \/>\nDo significante vazio ao fascismo: as manifesta\u00e7\u00f5es de julho de 2013 observadas pela l\u00f3gica p\u00f3s-estruturalista de Ernesto Laclau\u00a0<a href=\"https:\/\/wp.ufpel.edu.br\/legadolaclau\/pt\/eventos-anteriores\/anais-do-simposio-pos-estruturalismo-e-teoria-social\/beatriz\/\" rel=\"attachment wp-att-169\">PDF<\/a><\/p>\n<p>Raphael Sansonetti Valverde \u2013 UFSC<br \/>\nHegemonia, articula\u00e7\u00e3o e movimento estudantil: Uma an\u00e1lise da pol\u00edtica estudantil e da nega\u00e7\u00e3o do projeto empresa Junior no Centro de Filosofia e Ci\u00eancias Humanas da UFSC \u00e0 partir da Teoria do Discurso da Escola de Essex\u00a0<a href=\"https:\/\/wp.ufpel.edu.br\/legadolaclau\/pt\/eventos-anteriores\/anais-do-simposio-pos-estruturalismo-e-teoria-social\/artigo-gt-4-valverde-raphael-sansonetti\/\" rel=\"attachment wp-att-170\">PDF<\/a><\/p>\n<p>&nbsp;<\/p>\n","protected":false},"excerpt":{"rendered":"<p>Coordena\u00e7\u00e3o: Everton Garcia da Costa (UFRGS) e Rosana Alves Gomes (UFPel). S\u00e9rgio Barbosa dos Santos Silva \u2013 UFSC Para entender as \u201cjornadas de junho de 2013\u201d \u00e0 luz do pensamento de Ernesto Laclau\u00a0PDF Juliana Camila Barbosa Mendes \u2013 UFPE Moderniza\u00e7\u00e3o ou monitoramento? Movimentos discursivos da pol\u00edtica de responsabiliza\u00e7\u00e3o educacional em Pernambuco\u00a0PDF Nadja Karin Pellejero \u2013 &hellip; <a href=\"https:\/\/wp.ufpel.edu.br\/legadolaclau\/eventos-anteriores\/anais-do-simposio-pos-estruturalismo-e-teoria-social\/sumario\/gt-4-pos-estruturalismo-pos-fundacionalismo-e-teoria-do-discurso\/\" class=\"more-link\">Continue lendo <span class=\"screen-reader-text\">GT 4 \u2013 P\u00f3s-Estruturalismo, P\u00f3s-Fundacionalismo e Teoria do Discurso<\/span> <span class=\"meta-nav\">&rarr;<\/span><\/a><\/p>\n","protected":false},"author":528,"featured_media":0,"parent":795,"menu_order":0,"comment_status":"closed","ping_status":"closed","template":"","meta":{"jetpack_post_was_ever_published":false,"footnotes":""},"class_list":["post-812","page","type-page","status-publish","hentry"],"jetpack_sharing_enabled":true,"jetpack_shortlink":"https:\/\/wp.me\/P8yPuk-d6","jetpack_likes_enabled":true,"publishpress_future_action":{"enabled":false,"date":"2026-05-19 08:53:29","action":"change-status","newStatus":"draft","terms":[],"taxonomy":"","extraData":[]},"publishpress_future_workflow_manual_trigger":{"enabledWorkflows":[]},"_links":{"self":[{"href":"https:\/\/wp.ufpel.edu.br\/legadolaclau\/wp-json\/wp\/v2\/pages\/812","targetHints":{"allow":["GET"]}}],"collection":[{"href":"https:\/\/wp.ufpel.edu.br\/legadolaclau\/wp-json\/wp\/v2\/pages"}],"about":[{"href":"https:\/\/wp.ufpel.edu.br\/legadolaclau\/wp-json\/wp\/v2\/types\/page"}],"author":[{"embeddable":true,"href":"https:\/\/wp.ufpel.edu.br\/legadolaclau\/wp-json\/wp\/v2\/users\/528"}],"replies":[{"embeddable":true,"href":"https:\/\/wp.ufpel.edu.br\/legadolaclau\/wp-json\/wp\/v2\/comments?post=812"}],"version-history":[{"count":7,"href":"https:\/\/wp.ufpel.edu.br\/legadolaclau\/wp-json\/wp\/v2\/pages\/812\/revisions"}],"predecessor-version":[{"id":1829,"href":"https:\/\/wp.ufpel.edu.br\/legadolaclau\/wp-json\/wp\/v2\/pages\/812\/revisions\/1829"}],"up":[{"embeddable":true,"href":"https:\/\/wp.ufpel.edu.br\/legadolaclau\/wp-json\/wp\/v2\/pages\/795"}],"wp:attachment":[{"href":"https:\/\/wp.ufpel.edu.br\/legadolaclau\/wp-json\/wp\/v2\/media?parent=812"}],"curies":[{"name":"wp","href":"https:\/\/api.w.org\/{rel}","templated":true}]}}