{"id":798,"date":"2017-10-28T19:24:22","date_gmt":"2017-10-28T21:24:22","guid":{"rendered":"https:\/\/wp.ufpel.edu.br\/legadolaclau\/?page_id=798"},"modified":"2022-07-07T19:21:41","modified_gmt":"2022-07-07T22:21:41","slug":"gt-1-teoria-do-discurso-e-transdisciplinaridade","status":"publish","type":"page","link":"https:\/\/wp.ufpel.edu.br\/legadolaclau\/eventos-anteriores\/anais-do-simposio-pos-estruturalismo-e-teoria-social\/sumario\/gt-1-teoria-do-discurso-e-transdisciplinaridade\/","title":{"rendered":"GT 1 \u2013 Teoria do Discurso e transdisciplinaridade"},"content":{"rendered":"<p><strong>Coordena<span lang=\"PT-BR\">\u00e7\u00e3o<\/span>: Gabriel Bandeira Coelho (UFPel) e Michele Diana da Luz (UFPel)<span lang=\"PT-BR\">.<\/span><\/strong><\/p>\n<p>Javier Balsa \u2013 UNQ<br \/>\nPuntos de di\u00e1logo entre la teor\u00eda de la hegemon\u00eda de Laclau y los estudios del lenguaje\u00a0\u00a0<a href=\"https:\/\/wp.ufpel.edu.br\/legadolaclau\/pt\/eventos-anteriores\/anais-do-simposio-pos-estruturalismo-e-teoria-social\/javier-balsa\/\" rel=\"attachment wp-att-129\">PDF<\/a><\/p>\n<p>Ignacio Pehu\u00e9n Romani \u2013 UNQ<br \/>\nEl problema de la demanda como unidad de an\u00e1lisis en La Raz\u00f3n Populista de Ernesto Laclau\u00a0<a href=\"https:\/\/wp.ufpel.edu.br\/legadolaclau\/pt\/eventos-anteriores\/anais-do-simposio-pos-estruturalismo-e-teoria-social\/ignacio-pehuen-romani\/\" rel=\"attachment wp-att-130\">PDF<\/a><\/p>\n<p>Glaucia Eunice Gon\u00e7alves \u2013 UFMT; Rosivete Oliveira \u2013 UFM<br \/>\nDesenvolvimento humano, defici\u00eancia intelectual e as disputas por significa\u00e7\u00e3o no campo discursivo\u00a0<a href=\"https:\/\/wp.ufpel.edu.br\/legadolaclau\/pt\/eventos-anteriores\/anais-do-simposio-pos-estruturalismo-e-teoria-social\/glaucia-eunice-goncalves-da-silva\/\" rel=\"attachment wp-att-131\">PDF<\/a><\/p>\n<p>Jean Jeison F\u00fchr \u2013 UNISINOS; Nadir Lara J\u00fanior \u2013 UNISINOS<br \/>\nA transdiciplinariedade de articula\u00e7\u00e3o das ci\u00eancias sociais na sa\u00fade coletiva para analisar a hegemonia flexneriana\u00a0<a href=\"https:\/\/wp.ufpel.edu.br\/legadolaclau\/pt\/eventos-anteriores\/anais-do-simposio-pos-estruturalismo-e-teoria-social\/jean-jeison-fuhr\/\" rel=\"attachment wp-att-132\">PDF<\/a><\/p>\n<p>Rocco Picciotto Maniscalco \u2013 UNB<br \/>\nEl populismo y el MoVimento 5 stelle\u00a0<a href=\"https:\/\/wp.ufpel.edu.br\/legadolaclau\/pt\/eventos-anteriores\/anais-do-simposio-pos-estruturalismo-e-teoria-social\/maniscalco-rocco-picciotto\/\" rel=\"attachment wp-att-133\">PDF<\/a><\/p>\n<p>Marcelo Buttelli Ramos &#8211; PUCRS<br \/>\nEntre pr\u00e1ticas populistas e crimes hediondos: uma proposta de (re)significa\u00e7\u00e3o das no\u00e7\u00f5es num contexto de emerg\u00eancia de uma nova racionalidade punitiva <a href=\"https:\/\/wp.ufpel.edu.br\/legadolaclau\/pt\/eventos-anteriores\/anais-do-simposio-pos-estruturalismo-e-teoria-social\/marcelo-buttelli-ramos\/\" rel=\"attachment wp-att-134\">PDF<\/a><\/p>\n<p>Priscila C. Ribeiro \u2013 UERJ<br \/>\nTeoria do discurso para uma outra leitura de curr\u00edculo<a href=\"https:\/\/wp.ufpel.edu.br\/legadolaclau\/pt\/eventos-anteriores\/anais-do-simposio-pos-estruturalismo-e-teoria-social\/priscila-campos-ribeiro-docx\/\" rel=\"attachment wp-att-135\">\u00a0PDF<\/a><\/p>\n<p>Romero Bastos \u2013 UFRRJ<br \/>\nOs jogos eletr\u00f4nicos de simula\u00e7\u00e3o de futebol como objeto-causa do desejo de torcedores brasileiros por clubes estrangeiros\u00a0<a href=\"https:\/\/wp.ufpel.edu.br\/legadolaclau\/pt\/eventos-anteriores\/anais-do-simposio-pos-estruturalismo-e-teoria-social\/romero-jasku-bastos\/\" rel=\"attachment wp-att-136\">PDF<\/a><\/p>\n<p>Magno Vieira da Silva \u2013 USP<br \/>\nCultura e comunica\u00e7\u00e3o nas organiza\u00e7\u00f5es: um olhar a partir da Teoria do Discurso de Ernesto Laclau\u00a0<a href=\"https:\/\/wp.ufpel.edu.br\/legadolaclau\/pt\/eventos-anteriores\/anais-do-simposio-pos-estruturalismo-e-teoria-social\/magno-vieira-da-silva\/\" rel=\"attachment wp-att-137\">PDF<\/a><\/p>\n<p>\u00c1ngela Victoria Escobar; Claudia Marcela Urrea Ballesteros; Javier Cadavid Ramirez \u2013 Universidad del Vall<br \/>\nAnalise critico dos Fundamentos Te\u00f3ricos y Conceptuais do Modelo de Reintegraci\u00f3n Comunitaria, da Agencia Colombiana para la Reintegraci\u00f3n &#8211; ACR\u00a0 <a href=\"https:\/\/wp.ufpel.edu.br\/legadolaclau\/pt\/eventos-anteriores\/anais-do-simposio-pos-estruturalismo-e-teoria-social\/angela-victoria\/\" rel=\"attachment wp-att-138\">PDF<\/a><\/p>\n","protected":false},"excerpt":{"rendered":"<p>Coordena\u00e7\u00e3o: Gabriel Bandeira Coelho (UFPel) e Michele Diana da Luz (UFPel). Javier Balsa \u2013 UNQ Puntos de di\u00e1logo entre la teor\u00eda de la hegemon\u00eda de Laclau y los estudios del lenguaje\u00a0\u00a0PDF Ignacio Pehu\u00e9n Romani \u2013 UNQ El problema de la demanda como unidad de an\u00e1lisis en La Raz\u00f3n Populista de Ernesto Laclau\u00a0PDF Glaucia Eunice Gon\u00e7alves &hellip; <a href=\"https:\/\/wp.ufpel.edu.br\/legadolaclau\/eventos-anteriores\/anais-do-simposio-pos-estruturalismo-e-teoria-social\/sumario\/gt-1-teoria-do-discurso-e-transdisciplinaridade\/\" class=\"more-link\">Continue lendo <span class=\"screen-reader-text\">GT 1 \u2013 Teoria do Discurso e transdisciplinaridade<\/span> <span class=\"meta-nav\">&rarr;<\/span><\/a><\/p>\n","protected":false},"author":528,"featured_media":0,"parent":795,"menu_order":0,"comment_status":"closed","ping_status":"closed","template":"","meta":{"jetpack_post_was_ever_published":false,"footnotes":""},"class_list":["post-798","page","type-page","status-publish","hentry"],"jetpack_sharing_enabled":true,"jetpack_shortlink":"https:\/\/wp.me\/P8yPuk-cS","jetpack_likes_enabled":true,"publishpress_future_action":{"enabled":false,"date":"2026-04-22 03:31:10","action":"change-status","newStatus":"draft","terms":[],"taxonomy":"","extraData":[]},"publishpress_future_workflow_manual_trigger":{"enabledWorkflows":[]},"_links":{"self":[{"href":"https:\/\/wp.ufpel.edu.br\/legadolaclau\/wp-json\/wp\/v2\/pages\/798","targetHints":{"allow":["GET"]}}],"collection":[{"href":"https:\/\/wp.ufpel.edu.br\/legadolaclau\/wp-json\/wp\/v2\/pages"}],"about":[{"href":"https:\/\/wp.ufpel.edu.br\/legadolaclau\/wp-json\/wp\/v2\/types\/page"}],"author":[{"embeddable":true,"href":"https:\/\/wp.ufpel.edu.br\/legadolaclau\/wp-json\/wp\/v2\/users\/528"}],"replies":[{"embeddable":true,"href":"https:\/\/wp.ufpel.edu.br\/legadolaclau\/wp-json\/wp\/v2\/comments?post=798"}],"version-history":[{"count":8,"href":"https:\/\/wp.ufpel.edu.br\/legadolaclau\/wp-json\/wp\/v2\/pages\/798\/revisions"}],"predecessor-version":[{"id":1826,"href":"https:\/\/wp.ufpel.edu.br\/legadolaclau\/wp-json\/wp\/v2\/pages\/798\/revisions\/1826"}],"up":[{"embeddable":true,"href":"https:\/\/wp.ufpel.edu.br\/legadolaclau\/wp-json\/wp\/v2\/pages\/795"}],"wp:attachment":[{"href":"https:\/\/wp.ufpel.edu.br\/legadolaclau\/wp-json\/wp\/v2\/media?parent=798"}],"curies":[{"name":"wp","href":"https:\/\/api.w.org\/{rel}","templated":true}]}}