{"id":795,"date":"2017-10-28T19:08:24","date_gmt":"2017-10-28T21:08:24","guid":{"rendered":"https:\/\/wp.ufpel.edu.br\/legadolaclau\/?page_id=795"},"modified":"2017-10-28T20:24:32","modified_gmt":"2017-10-28T22:24:32","slug":"sumario","status":"publish","type":"page","link":"https:\/\/wp.ufpel.edu.br\/legadolaclau\/eventos-anteriores\/anais-do-simposio-pos-estruturalismo-e-teoria-social\/sumario\/","title":{"rendered":"Sum\u00e1rio"},"content":{"rendered":"<p><a href=\"https:\/\/wp.ufpel.edu.br\/legadolaclau\/pt\/eventos-anteriores\/programacao-dos-gts\/sumario\/gt-1-teoria-do-discurso-e-transdisciplinaridade\/\">GT 1 \u2013 Teoria do Discurso e transdisciplinariedade<\/a><\/p>\n<p><a href=\"https:\/\/wp.ufpel.edu.br\/legadolaclau\/pt\/eventos-anteriores\/programacao-dos-gts\/sumario\/gt-2-a-recepcao-da-teoria-do-discurso-no-brasil\/\">GT 2 \u2013 A recep\u00e7\u00e3o da Teoria do Discurso no Brasil<\/a><\/p>\n<p><a href=\"https:\/\/wp.ufpel.edu.br\/legadolaclau\/pt\/eventos-anteriores\/programacao-dos-gts\/sumario\/gt-3-mobilizacoes-sociais-contemporaneas-na-america-latina-e-a-teoria-do-discurso\/\">GT 3 \u2013 Mobiliza\u00e7\u00f5es sociais contempor\u00e2neas na Am\u00e9rica Latina e a Teoria do Discurso<\/a><\/p>\n<p><a href=\"https:\/\/wp.ufpel.edu.br\/legadolaclau\/pt\/eventos-anteriores\/programacao-dos-gts\/sumario\/gt-4-pos-estruturalismo-pos-fundacionalismo-e-teoria-do-discurso\/\">GT 4 \u2013 P\u00f3s-Estruturalismo, P\u00f3s-Fundacionalismo e Teoria do Discurso<\/a><\/p>\n","protected":false},"excerpt":{"rendered":"<p>GT 1 \u2013 Teoria do Discurso e transdisciplinariedade GT 2 \u2013 A recep\u00e7\u00e3o da Teoria do Discurso no Brasil GT 3 \u2013 Mobiliza\u00e7\u00f5es sociais contempor\u00e2neas na Am\u00e9rica Latina e a Teoria do Discurso GT 4 \u2013 P\u00f3s-Estruturalismo, P\u00f3s-Fundacionalismo e Teoria do Discurso<\/p>\n","protected":false},"author":528,"featured_media":0,"parent":69,"menu_order":0,"comment_status":"closed","ping_status":"closed","template":"","meta":{"jetpack_post_was_ever_published":false,"footnotes":""},"class_list":["post-795","page","type-page","status-publish","hentry"],"jetpack_sharing_enabled":true,"jetpack_shortlink":"https:\/\/wp.me\/P8yPuk-cP","jetpack_likes_enabled":true,"publishpress_future_action":{"enabled":false,"date":"2026-04-22 19:31:59","action":"change-status","newStatus":"draft","terms":[],"taxonomy":"","extraData":[]},"publishpress_future_workflow_manual_trigger":{"enabledWorkflows":[]},"_links":{"self":[{"href":"https:\/\/wp.ufpel.edu.br\/legadolaclau\/wp-json\/wp\/v2\/pages\/795","targetHints":{"allow":["GET"]}}],"collection":[{"href":"https:\/\/wp.ufpel.edu.br\/legadolaclau\/wp-json\/wp\/v2\/pages"}],"about":[{"href":"https:\/\/wp.ufpel.edu.br\/legadolaclau\/wp-json\/wp\/v2\/types\/page"}],"author":[{"embeddable":true,"href":"https:\/\/wp.ufpel.edu.br\/legadolaclau\/wp-json\/wp\/v2\/users\/528"}],"replies":[{"embeddable":true,"href":"https:\/\/wp.ufpel.edu.br\/legadolaclau\/wp-json\/wp\/v2\/comments?post=795"}],"version-history":[{"count":3,"href":"https:\/\/wp.ufpel.edu.br\/legadolaclau\/wp-json\/wp\/v2\/pages\/795\/revisions"}],"predecessor-version":[{"id":822,"href":"https:\/\/wp.ufpel.edu.br\/legadolaclau\/wp-json\/wp\/v2\/pages\/795\/revisions\/822"}],"up":[{"embeddable":true,"href":"https:\/\/wp.ufpel.edu.br\/legadolaclau\/wp-json\/wp\/v2\/pages\/69"}],"wp:attachment":[{"href":"https:\/\/wp.ufpel.edu.br\/legadolaclau\/wp-json\/wp\/v2\/media?parent=795"}],"curies":[{"name":"wp","href":"https:\/\/api.w.org\/{rel}","templated":true}]}}