{"id":789,"date":"2017-10-28T18:55:06","date_gmt":"2017-10-28T20:55:06","guid":{"rendered":"https:\/\/wp.ufpel.edu.br\/legadolaclau\/?page_id=789"},"modified":"2017-11-24T15:42:05","modified_gmt":"2017-11-24T17:42:05","slug":"expediente","status":"publish","type":"page","link":"https:\/\/wp.ufpel.edu.br\/legadolaclau\/eventos-anteriores\/anais-do-simposio-pos-estruturalismo-e-teoria-social\/expediente\/","title":{"rendered":"Expediente"},"content":{"rendered":"<p><strong>I SIMP\u00d3SIO P\u00d3S-ESTRUTURALISMO E TEORIA SOCIAL: O LEGADO TRANSDISCIPLINAR DE ERNESTO LACLAU<\/strong><br \/>\n16 a 18 de setembro de 2015<br \/>\nUniversidade Federal de Pelotas<br \/>\nPelotas, Brasil<\/p>\n<p><strong>ISSN\u00a0<\/strong>2594-6358<\/p>\n<p><strong>SIMP\u00d3SIO P\u00d3S-ESTRUTURALISMO E TEORIA SOCIAL<\/strong><br \/>\nEvento Bienal<\/p>\n<p><strong>UNIVERSIDADE FEDERAL DE PELOTAS<\/strong><br \/>\nReitor: Mauro Augusto Burkert Del Pino<br \/>\nVice-Reitora: Denise Gigante<br \/>\nPr\u00f3-Reitor Administrativo: Antonio Carlos de Freitas Cleff<br \/>\nPr\u00f3-Reitora de Assuntos Estudantis: Ediane Sievers Acunha<br \/>\nPr\u00f3-Reitora de Extens\u00e3o e Cultura: Denise Marcos Bussoletti<br \/>\nPr\u00f3-Reitor de Gest\u00e3o de Pessoas: S\u00e9rgio Eloir Teixeira Wotter<br \/>\nPr\u00f3-Reitor de Gradua\u00e7\u00e3o: \u00c1lvaro Moreira Hypolito<br \/>\nPr\u00f3-Reitor de Infraestrutura: Gilson Sim\u00f5es Porci\u00fancula<br \/>\nPr\u00f3-Reitor de Pesquisa e P\u00f3s-Gradua\u00e7\u00e3o: Luciano Volcan Agostini<br \/>\nPr\u00f3-Reitor de Planejamento e Desenvolvimento: Luiz Os\u00f3rio Rocha dos Santos<\/p>\n<p>INSTITUTO DE FILOSOFIA, SOCIOLOGIA E POL\u00cdTICA<br \/>\nDiretor: Jo\u00e3o Francisco Nascimento Hobuss<br \/>\nVice-Diretor: William H\u00e9ctor G\u00f3mez Soto<\/p>\n<p>MESTRADO EM CI\u00caNCIA POL\u00cdTICA<br \/>\nCoordenadora: Rosangela Marione Schulz<br \/>\nCoordenadora Adjunta: Bianca de Freitas Linhares<\/p>\n<p>MESTRADO EM SOCIOLOGIA<br \/>\nCoordenador: Elaine da Silveira Leite<br \/>\nCoordenador Adjunto: Marcus Vinicius Spolle<\/p>\n<p><strong>COORDENA\u00c7\u00c3O-GERAL<\/strong><br \/>\nBianca de Freitas Linhares<br \/>\nDaniel de Mendon\u00e7a<br \/>\nL\u00e9o Peixoto Rodrigues<\/p>\n<p><strong>COMISS\u00c3O ORGANIZADORA <\/strong><br \/>\nBianca de Freitas Linhares<br \/>\nCarolina Costa dos Santos<br \/>\nDaniel de Mendon\u00e7a<br \/>\nEverton Garcia da Costa<br \/>\nFelipe Corral de Freitas<br \/>\nGabriel Bandeira Coelho<br \/>\nLarissa Russo Gon\u00e7alves<br \/>\nL\u00e9o Peixoto Rodrigues<br \/>\nLet\u00edcia Baron<br \/>\nLuis Gustavo Teixeira da Silva<br \/>\nMarcelo de Souza Marques<br \/>\nMariele Afonso Domingues<br \/>\nMichele Diana da Luz<br \/>\nRosana Alves Gomes<br \/>\nSamira Marques da Silveira<\/p>\n<p><strong>EDITORA\u00c7\u00c3O<\/strong><br \/>\nBianca de Freitas Linhares<br \/>\nCarolina Costa dos Santos<\/p>\n<p><strong>ENDERE\u00c7O<\/strong><br \/>\nRua Cel. Alberto Rosa n. 154 sala 302 &#8211; Centro &#8211; Pelotas\/RS. CEP: 96.010-770<\/p>\n<p>&nbsp;<\/p>\n","protected":false},"excerpt":{"rendered":"<p>I SIMP\u00d3SIO P\u00d3S-ESTRUTURALISMO E TEORIA SOCIAL: O LEGADO TRANSDISCIPLINAR DE ERNESTO LACLAU 16 a 18 de setembro de 2015 Universidade Federal de Pelotas Pelotas, Brasil ISSN\u00a02594-6358 SIMP\u00d3SIO P\u00d3S-ESTRUTURALISMO E TEORIA SOCIAL Evento Bienal UNIVERSIDADE FEDERAL DE PELOTAS Reitor: Mauro Augusto Burkert Del Pino Vice-Reitora: Denise Gigante Pr\u00f3-Reitor Administrativo: Antonio Carlos de Freitas Cleff Pr\u00f3-Reitora de &hellip; <a href=\"https:\/\/wp.ufpel.edu.br\/legadolaclau\/eventos-anteriores\/anais-do-simposio-pos-estruturalismo-e-teoria-social\/expediente\/\" class=\"more-link\">Continue lendo <span class=\"screen-reader-text\">Expediente<\/span> <span class=\"meta-nav\">&rarr;<\/span><\/a><\/p>\n","protected":false},"author":528,"featured_media":0,"parent":69,"menu_order":0,"comment_status":"closed","ping_status":"closed","template":"","meta":{"jetpack_post_was_ever_published":false,"footnotes":""},"class_list":["post-789","page","type-page","status-publish","hentry"],"jetpack_sharing_enabled":true,"jetpack_shortlink":"https:\/\/wp.me\/P8yPuk-cJ","jetpack_likes_enabled":true,"publishpress_future_action":{"enabled":false,"date":"2026-04-22 23:02:14","action":"change-status","newStatus":"draft","terms":[],"taxonomy":"","extraData":[]},"publishpress_future_workflow_manual_trigger":{"enabledWorkflows":[]},"_links":{"self":[{"href":"https:\/\/wp.ufpel.edu.br\/legadolaclau\/wp-json\/wp\/v2\/pages\/789","targetHints":{"allow":["GET"]}}],"collection":[{"href":"https:\/\/wp.ufpel.edu.br\/legadolaclau\/wp-json\/wp\/v2\/pages"}],"about":[{"href":"https:\/\/wp.ufpel.edu.br\/legadolaclau\/wp-json\/wp\/v2\/types\/page"}],"author":[{"embeddable":true,"href":"https:\/\/wp.ufpel.edu.br\/legadolaclau\/wp-json\/wp\/v2\/users\/528"}],"replies":[{"embeddable":true,"href":"https:\/\/wp.ufpel.edu.br\/legadolaclau\/wp-json\/wp\/v2\/comments?post=789"}],"version-history":[{"count":7,"href":"https:\/\/wp.ufpel.edu.br\/legadolaclau\/wp-json\/wp\/v2\/pages\/789\/revisions"}],"predecessor-version":[{"id":987,"href":"https:\/\/wp.ufpel.edu.br\/legadolaclau\/wp-json\/wp\/v2\/pages\/789\/revisions\/987"}],"up":[{"embeddable":true,"href":"https:\/\/wp.ufpel.edu.br\/legadolaclau\/wp-json\/wp\/v2\/pages\/69"}],"wp:attachment":[{"href":"https:\/\/wp.ufpel.edu.br\/legadolaclau\/wp-json\/wp\/v2\/media?parent=789"}],"curies":[{"name":"wp","href":"https:\/\/api.w.org\/{rel}","templated":true}]}}