{"id":292,"date":"2017-04-05T17:20:34","date_gmt":"2017-04-05T20:20:34","guid":{"rendered":"https:\/\/wp.ufpel.edu.br\/legadolaclau\/?page_id=292"},"modified":"2024-02-06T10:03:11","modified_gmt":"2024-02-06T13:03:11","slug":"comissoes","status":"publish","type":"page","link":"https:\/\/wp.ufpel.edu.br\/legadolaclau\/comissoes\/","title":{"rendered":"Comiss\u00f5es"},"content":{"rendered":"<p><a href=\"https:\/\/wp.me\/P8yPuk-nV\">Comiss\u00e3o Cient\u00edfica<\/a><\/p>\n<p><a href=\"https:\/\/wp.ufpel.edu.br\/legadolaclau\/pt\/comissao-organizadora-3\/\">Comiss\u00e3o Organizadora<\/a><\/p>\n","protected":false},"excerpt":{"rendered":"<p>Comiss\u00e3o Cient\u00edfica Comiss\u00e3o Organizadora<\/p>\n","protected":false},"author":528,"featured_media":0,"parent":0,"menu_order":0,"comment_status":"closed","ping_status":"closed","template":"","meta":{"jetpack_post_was_ever_published":false,"footnotes":""},"class_list":["post-292","page","type-page","status-publish","hentry"],"jetpack_sharing_enabled":true,"jetpack_shortlink":"https:\/\/wp.me\/P8yPuk-4I","jetpack_likes_enabled":true,"publishpress_future_action":{"enabled":false,"date":"2026-04-22 20:20:44","action":"change-status","newStatus":"draft","terms":[],"taxonomy":"","extraData":[]},"publishpress_future_workflow_manual_trigger":{"enabledWorkflows":[]},"_links":{"self":[{"href":"https:\/\/wp.ufpel.edu.br\/legadolaclau\/wp-json\/wp\/v2\/pages\/292","targetHints":{"allow":["GET"]}}],"collection":[{"href":"https:\/\/wp.ufpel.edu.br\/legadolaclau\/wp-json\/wp\/v2\/pages"}],"about":[{"href":"https:\/\/wp.ufpel.edu.br\/legadolaclau\/wp-json\/wp\/v2\/types\/page"}],"author":[{"embeddable":true,"href":"https:\/\/wp.ufpel.edu.br\/legadolaclau\/wp-json\/wp\/v2\/users\/528"}],"replies":[{"embeddable":true,"href":"https:\/\/wp.ufpel.edu.br\/legadolaclau\/wp-json\/wp\/v2\/comments?post=292"}],"version-history":[{"count":4,"href":"https:\/\/wp.ufpel.edu.br\/legadolaclau\/wp-json\/wp\/v2\/pages\/292\/revisions"}],"predecessor-version":[{"id":2140,"href":"https:\/\/wp.ufpel.edu.br\/legadolaclau\/wp-json\/wp\/v2\/pages\/292\/revisions\/2140"}],"wp:attachment":[{"href":"https:\/\/wp.ufpel.edu.br\/legadolaclau\/wp-json\/wp\/v2\/media?parent=292"}],"curies":[{"name":"wp","href":"https:\/\/api.w.org\/{rel}","templated":true}]}}