{"id":2299,"date":"2024-02-28T10:19:55","date_gmt":"2024-02-28T13:19:55","guid":{"rendered":"https:\/\/wp.ufpel.edu.br\/legadolaclau\/?page_id=2299"},"modified":"2024-05-08T15:38:12","modified_gmt":"2024-05-08T18:38:12","slug":"discursos-religiosos-no-cenario-politico-e-cultural-contemporaneo","status":"publish","type":"page","link":"https:\/\/wp.ufpel.edu.br\/legadolaclau\/discursos-religiosos-no-cenario-politico-e-cultural-contemporaneo\/","title":{"rendered":"GT 4: Discursos religiosos no cen\u00e1rio pol\u00edtico e cultural contempor\u00e2neo"},"content":{"rendered":"<p style=\"text-align: justify;\"><b>Proponentes<\/b><span style=\"font-weight: 400;\">: Joanildo Burity (FUNDAJ) e Gustavo Gilson Oliveira (UFPE).<\/span><\/p>\n<p style=\"text-align: justify;\"><b>Resumo<\/b><span style=\"font-weight: 400;\">. Discursos, identidades e movimentos sociais e pol\u00edticos de matriz religiosa tornaram-se insepar\u00e1veis da din\u00e2mica pol\u00edtica e cultural brasileira ao longo da \u00faltima d\u00e9cada. Esse fen\u00f4meno se articulado a processos correlatos que se desenvolvem no contexto global, apresentando nuan\u00e7as e complexidades pr\u00f3prias em cada contexto, que desafiam os esfor\u00e7os anal\u00edticos de pesquisadoras\/es e te\u00f3ricas\/os. O GT proposto tem como objetivo principal reunir pesquisadoras\/es e trabalhos que busquem discutir, a partir enfoques te\u00f3ricos p\u00f3s-estruturalistas ou do uso metodol\u00f3gico de distintas formas de an\u00e1lise do discurso, a presen\u00e7a, atua\u00e7\u00e3o, implica\u00e7\u00f5es e din\u00e2micas de reconfigura\u00e7\u00e3o de discursos religiosos e de agentes constitu\u00eddos e mobilizados por esses discursos no atual cen\u00e1rio pol\u00edtico brasileiro, latino-americano ou em chave comparativa internacional.<\/span><\/p>\n<p style=\"text-align: justify;\"><b>Palavras-chave<\/b><span style=\"font-weight: 400;\">: Discursos Religiosos; Identidades Religiosas; Religi\u00e3o e Pol\u00edtica; Religi\u00e3o e Cultura; Religi\u00e3o e Teoria do Discurso.<\/span><\/p>\n","protected":false},"excerpt":{"rendered":"<p>Proponentes: Joanildo Burity (FUNDAJ) e Gustavo Gilson Oliveira (UFPE). Resumo. Discursos, identidades e movimentos sociais e pol\u00edticos de matriz religiosa tornaram-se insepar\u00e1veis da din\u00e2mica pol\u00edtica e cultural brasileira ao longo da \u00faltima d\u00e9cada. Esse fen\u00f4meno se articulado a processos correlatos que se desenvolvem no contexto global, apresentando nuan\u00e7as e complexidades pr\u00f3prias em cada contexto, que &hellip; <a href=\"https:\/\/wp.ufpel.edu.br\/legadolaclau\/discursos-religiosos-no-cenario-politico-e-cultural-contemporaneo\/\" class=\"more-link\">Continue lendo <span class=\"screen-reader-text\">GT 4: Discursos religiosos no cen\u00e1rio pol\u00edtico e cultural contempor\u00e2neo<\/span> <span class=\"meta-nav\">&rarr;<\/span><\/a><\/p>\n","protected":false},"author":528,"featured_media":0,"parent":0,"menu_order":0,"comment_status":"closed","ping_status":"closed","template":"","meta":{"jetpack_post_was_ever_published":false,"footnotes":""},"class_list":["post-2299","page","type-page","status-publish","hentry"],"jetpack_sharing_enabled":true,"jetpack_shortlink":"https:\/\/wp.me\/P8yPuk-B5","jetpack_likes_enabled":true,"publishpress_future_action":{"enabled":false,"date":"2026-04-19 07:28:58","action":"change-status","newStatus":"draft","terms":[],"taxonomy":"","extraData":[]},"publishpress_future_workflow_manual_trigger":{"enabledWorkflows":[]},"_links":{"self":[{"href":"https:\/\/wp.ufpel.edu.br\/legadolaclau\/wp-json\/wp\/v2\/pages\/2299","targetHints":{"allow":["GET"]}}],"collection":[{"href":"https:\/\/wp.ufpel.edu.br\/legadolaclau\/wp-json\/wp\/v2\/pages"}],"about":[{"href":"https:\/\/wp.ufpel.edu.br\/legadolaclau\/wp-json\/wp\/v2\/types\/page"}],"author":[{"embeddable":true,"href":"https:\/\/wp.ufpel.edu.br\/legadolaclau\/wp-json\/wp\/v2\/users\/528"}],"replies":[{"embeddable":true,"href":"https:\/\/wp.ufpel.edu.br\/legadolaclau\/wp-json\/wp\/v2\/comments?post=2299"}],"version-history":[{"count":7,"href":"https:\/\/wp.ufpel.edu.br\/legadolaclau\/wp-json\/wp\/v2\/pages\/2299\/revisions"}],"predecessor-version":[{"id":2456,"href":"https:\/\/wp.ufpel.edu.br\/legadolaclau\/wp-json\/wp\/v2\/pages\/2299\/revisions\/2456"}],"wp:attachment":[{"href":"https:\/\/wp.ufpel.edu.br\/legadolaclau\/wp-json\/wp\/v2\/media?parent=2299"}],"curies":[{"name":"wp","href":"https:\/\/api.w.org\/{rel}","templated":true}]}}