{"id":2295,"date":"2024-02-28T10:18:46","date_gmt":"2024-02-28T13:18:46","guid":{"rendered":"https:\/\/wp.ufpel.edu.br\/legadolaclau\/?page_id=2295"},"modified":"2024-05-08T15:37:52","modified_gmt":"2024-05-08T18:37:52","slug":"teoria-do-discurso-e-abordagens-interdisciplinares","status":"publish","type":"page","link":"https:\/\/wp.ufpel.edu.br\/legadolaclau\/teoria-do-discurso-e-abordagens-interdisciplinares\/","title":{"rendered":"GT 3: Teoria do discurso e abordagens interdisciplinares"},"content":{"rendered":"<p style=\"text-align: justify;\"><b>Proponentes<\/b><span style=\"font-weight: 400;\">: Gabriel Bandeira Coelho (UFRGS), \u00c9verton Garcia da Costa (UFRGS) e Alice Hubner Franz (UFSC).<\/span><\/p>\n<p style=\"text-align: justify;\"><b>Resumo. <\/b><span style=\"font-weight: 400;\">Entre uma s\u00e9rie de modelos te\u00f3ricos emergentes nas d\u00e9cadas de 1960 e 1970, impulsionados pelas amplas e complexas mudan\u00e7as que se operavam \u00e0 \u00e9poca no tecido social, a teoria do discurso de Ernesto Laclau e Chantal Mouffe, com suas bases alicer\u00e7adas no marxismo, na psican\u00e1lise lacaniana, no p\u00f3s-estruturalismo e na perspectiva de desconstru\u00e7\u00e3o p\u00f3s-fundacionalista, ganha f\u00f4lego e destaque no cen\u00e1rio das ci\u00eancias humanas e sociais. Coelho e Rodrigues (2016) argumentam que a teoria do discurso tem sido amplamente utilizada para o conhecimento detalhado dos diferentes espa\u00e7os sociais, atrav\u00e9s de suas categorias de an\u00e1lise, especialmente a no\u00e7\u00e3o de discurso. Portanto, a teoria do discurso, por si s\u00f3, \u00e9 interdisciplinar. Ainda que a teoria pol\u00edtica do discurso tenha sua origem no campo da filosofia pol\u00edtica, a mesma tem despertado o interesse de estudiosos das mais diversas \u00e1reas do conhecimento cient\u00edfico. Tal anseio pela teoria do discurso demonstra o amplo alcance que a mesma possui, possibilitando a compreens\u00e3o de fen\u00f4menos complexos advindos das mais variadas disciplinas. Ademais, Lopes, Mendon\u00e7a e Burity (2015) salientam que o conjunto sofisticado de categorias de an\u00e1lise, propostas pela teoria do discurso, resultam em uma obra cuja perspic\u00e1cia anal\u00edtica mostra se singular. Assim, se atentarmos para os elementos gramscianos, lacanianos,\u00a0 derridadianos, a partir de conceitos-chave como hegemonia, objeto \u201ca\u201d, desconstru\u00e7\u00e3o\u00a0 (precariedade), discurso, articula\u00e7\u00e3o, antagonismo, agonismo e democracia, contidos em\u00a0 seu arcabou\u00e7o te\u00f3rico, podemos notar que a teoria do discurso atravessa diversificados\u00a0 campos do saber, tornando-se uma importante ferramenta te\u00f3rica, metodol\u00f3gica e\u00a0 epistemol\u00f3gica para observar uma diversidade de fen\u00f4menos sociais do mundo\u00a0 contempor\u00e2neo, seja na Filosofia, na Psicologia, na Educa\u00e7\u00e3o, na Sociologia, na\u00a0 Administra\u00e7\u00e3o, etc. Nesse sentido, o GT \u201cTeoria do discurso e abordagens interdisciplinares\u201d, assim como j\u00e1 proposto no IV Simp\u00f3sio P\u00f3s-estruturalismo e Teoria Social, em 2022, busca reunir e acolher trabalhos que possuam como fio condutor a teoria do discurso de Ernesto Laclau e Chantal Mouffe, sobretudo aqueles que realizam uma significativa interlocu\u00e7\u00e3o entre a abordagem laclauniana e mouffeana e as mais diversas \u00e1reas do conhecimento cient\u00edfico. Acredita-se que a partir dos argumentos expostos, a teoria pol\u00edtica do discurso, originada no campo da filosofia pol\u00edtica, tem potencialidade para ser utilizada como lente para compreender os fen\u00f4menos sociais, pol\u00edticos, organizacionais, culturais, ambientais, educacionais e econ\u00f4micos, caracter\u00edsticos desta contemporaneidade.<\/span><\/p>\n<p style=\"text-align: justify;\"><b>Palavras-chaves<\/b><span style=\"font-weight: 400;\">: Interdisciplinaridade; Teoria do Discurso; Di\u00e1logo.<\/span><\/p>\n","protected":false},"excerpt":{"rendered":"<p>Proponentes: Gabriel Bandeira Coelho (UFRGS), \u00c9verton Garcia da Costa (UFRGS) e Alice Hubner Franz (UFSC). Resumo. Entre uma s\u00e9rie de modelos te\u00f3ricos emergentes nas d\u00e9cadas de 1960 e 1970, impulsionados pelas amplas e complexas mudan\u00e7as que se operavam \u00e0 \u00e9poca no tecido social, a teoria do discurso de Ernesto Laclau e Chantal Mouffe, com suas &hellip; <a href=\"https:\/\/wp.ufpel.edu.br\/legadolaclau\/teoria-do-discurso-e-abordagens-interdisciplinares\/\" class=\"more-link\">Continue lendo <span class=\"screen-reader-text\">GT 3: Teoria do discurso e abordagens interdisciplinares<\/span> <span class=\"meta-nav\">&rarr;<\/span><\/a><\/p>\n","protected":false},"author":528,"featured_media":0,"parent":0,"menu_order":0,"comment_status":"closed","ping_status":"closed","template":"","meta":{"jetpack_post_was_ever_published":false,"footnotes":""},"class_list":["post-2295","page","type-page","status-publish","hentry"],"jetpack_sharing_enabled":true,"jetpack_shortlink":"https:\/\/wp.me\/P8yPuk-B1","jetpack_likes_enabled":true,"publishpress_future_action":{"enabled":false,"date":"2026-04-18 14:10:41","action":"change-status","newStatus":"draft","terms":[],"taxonomy":"","extraData":[]},"publishpress_future_workflow_manual_trigger":{"enabledWorkflows":[]},"_links":{"self":[{"href":"https:\/\/wp.ufpel.edu.br\/legadolaclau\/wp-json\/wp\/v2\/pages\/2295","targetHints":{"allow":["GET"]}}],"collection":[{"href":"https:\/\/wp.ufpel.edu.br\/legadolaclau\/wp-json\/wp\/v2\/pages"}],"about":[{"href":"https:\/\/wp.ufpel.edu.br\/legadolaclau\/wp-json\/wp\/v2\/types\/page"}],"author":[{"embeddable":true,"href":"https:\/\/wp.ufpel.edu.br\/legadolaclau\/wp-json\/wp\/v2\/users\/528"}],"replies":[{"embeddable":true,"href":"https:\/\/wp.ufpel.edu.br\/legadolaclau\/wp-json\/wp\/v2\/comments?post=2295"}],"version-history":[{"count":6,"href":"https:\/\/wp.ufpel.edu.br\/legadolaclau\/wp-json\/wp\/v2\/pages\/2295\/revisions"}],"predecessor-version":[{"id":2455,"href":"https:\/\/wp.ufpel.edu.br\/legadolaclau\/wp-json\/wp\/v2\/pages\/2295\/revisions\/2455"}],"wp:attachment":[{"href":"https:\/\/wp.ufpel.edu.br\/legadolaclau\/wp-json\/wp\/v2\/media?parent=2295"}],"curies":[{"name":"wp","href":"https:\/\/api.w.org\/{rel}","templated":true}]}}