{"id":2291,"date":"2024-02-28T10:17:48","date_gmt":"2024-02-28T13:17:48","guid":{"rendered":"https:\/\/wp.ufpel.edu.br\/legadolaclau\/?page_id=2291"},"modified":"2024-05-08T15:37:35","modified_gmt":"2024-05-08T18:37:35","slug":"teorias-da-democracia-instituicoes-politicas-e-novas-tecnologias-da-comunicacao-discursos-e-antagonismos","status":"publish","type":"page","link":"https:\/\/wp.ufpel.edu.br\/legadolaclau\/teorias-da-democracia-instituicoes-politicas-e-novas-tecnologias-da-comunicacao-discursos-e-antagonismos\/","title":{"rendered":"GT 2: Teorias da democracia, institui\u00e7\u00f5es pol\u00edticas e novas tecnologias da comunica\u00e7\u00e3o: discursos e antagonismos"},"content":{"rendered":"<p style=\"text-align: justify;\"><b>Proponentes<\/b><span style=\"font-weight: 400;\">: Felipe Corral de Freitas (UFSM), Paulo C\u00e9sar Neves Barboza (UFPel) e Marcelo de Souza Marques (UFES\/UVV).<\/span><\/p>\n<p style=\"text-align: justify;\"><b>Resumo<\/b><span style=\"font-weight: 400;\">. As democracias contempor\u00e2neas e suas institui\u00e7\u00f5es pol\u00edticas passam por instabilidades que s\u00e3o frutos das descren\u00e7as dos cidad\u00e3os em rela\u00e7\u00e3o \u00e0 capacidade da democracia e de\u00a0 suas institui\u00e7\u00f5es de responderem aos seus reclames e suas demandas, expressas por\u00a0 renovados movimentos pol\u00edticos de extrema-direita, que emergem em democracias\u00a0 consideradas consolidadas. As chamadas \u201ccrises da democracia\u201d, ventiladas por diversos autores, ainda que pesem quest\u00f5es te\u00f3ricas sobre o sentido de democracia substantiva,\u00a0 limitam suas percep\u00e7\u00f5es nas institui\u00e7\u00f5es e em suas regras que organizam as pr\u00e1ticas da\u00a0 pol\u00edtica. Nesse sentido, tr\u00eas pontos centrais s\u00e3o pouco explorados de modo articulado no entendimento mais claro sobre a instabilidade atual da democracia: os sentidos da democracia em disputa (sua dimens\u00e3o te\u00f3rica), os limites e a impermeabilidade de suas institui\u00e7\u00f5es \u00e0s demandas dos cidad\u00e3os (sua dimens\u00e3o emp\u00edrica) e o impacto das novas\u00a0 tecnologias da comunica\u00e7\u00e3o (que afetam os dois pontos anteriores). Com este panorama, o objetivo deste GT \u00e9 o de estimular perspectivas cr\u00edticas que, a partir da teoria do discurso de Laclau e Mouffe, de forma articulada ou separada, problematizem os novos\u00a0 discursos sobre (teorias da) democracia, considerando os antagonismos que nela surgem,\u00a0 bem como os antagonismos nas institui\u00e7\u00f5es pol\u00edticas e os discursos produzidos com a\u00a0 utiliza\u00e7\u00e3o de novas tecnologias da comunica\u00e7\u00e3o, a afetar as democracias e suas\u00a0 institui\u00e7\u00f5es. Eventos passados, como a elei\u00e7\u00e3o de Trump nos EUA, de Bolsonaro no Brasil e de Milei na Argentina, fundamentam a necessidade de abordar essa tem\u00e1tica e os tr\u00eas pontos enunciados a partir de uma perspectiva te\u00f3rica capaz de colocar em tela sua\u00a0 complexidade. A teoria do discurso de Laclau e Mouffe possibilita realizar um debate te\u00f3rico profundo, ao oferecer relevantes instrumentos te\u00f3ricos\/anal\u00edticos (conceitos e\u00a0 categorias) para compreens\u00e3o e cr\u00edtica das din\u00e2micas pol\u00edticas, bem como para indicar possibilidades e caminhos futuros sobre democracia, institui\u00e7\u00f5es pol\u00edticas e novas\u00a0 tecnologias da comunica\u00e7\u00e3o tendo como horizonte o pr\u00f3prio futuro da democracia.<\/span><\/p>\n<p style=\"text-align: justify;\"><b>Palavras-chave<\/b><span style=\"font-weight: 400;\">: Teoria do Discurso; Laclau e Mouffe; Antagonismo; Teorias da Democracia; Institui\u00e7\u00f5es da Democracia.<\/span><\/p>\n","protected":false},"excerpt":{"rendered":"<p>Proponentes: Felipe Corral de Freitas (UFSM), Paulo C\u00e9sar Neves Barboza (UFPel) e Marcelo de Souza Marques (UFES\/UVV). Resumo. As democracias contempor\u00e2neas e suas institui\u00e7\u00f5es pol\u00edticas passam por instabilidades que s\u00e3o frutos das descren\u00e7as dos cidad\u00e3os em rela\u00e7\u00e3o \u00e0 capacidade da democracia e de\u00a0 suas institui\u00e7\u00f5es de responderem aos seus reclames e suas demandas, expressas por\u00a0 &hellip; <a href=\"https:\/\/wp.ufpel.edu.br\/legadolaclau\/teorias-da-democracia-instituicoes-politicas-e-novas-tecnologias-da-comunicacao-discursos-e-antagonismos\/\" class=\"more-link\">Continue lendo <span class=\"screen-reader-text\">GT 2: Teorias da democracia, institui\u00e7\u00f5es pol\u00edticas e novas tecnologias da comunica\u00e7\u00e3o: discursos e antagonismos<\/span> <span class=\"meta-nav\">&rarr;<\/span><\/a><\/p>\n","protected":false},"author":528,"featured_media":0,"parent":0,"menu_order":0,"comment_status":"closed","ping_status":"closed","template":"","meta":{"jetpack_post_was_ever_published":false,"footnotes":""},"class_list":["post-2291","page","type-page","status-publish","hentry"],"jetpack_sharing_enabled":true,"jetpack_shortlink":"https:\/\/wp.me\/P8yPuk-AX","jetpack_likes_enabled":true,"publishpress_future_action":{"enabled":false,"date":"2026-04-22 14:40:30","action":"change-status","newStatus":"draft","terms":[],"taxonomy":"","extraData":[]},"publishpress_future_workflow_manual_trigger":{"enabledWorkflows":[]},"_links":{"self":[{"href":"https:\/\/wp.ufpel.edu.br\/legadolaclau\/wp-json\/wp\/v2\/pages\/2291","targetHints":{"allow":["GET"]}}],"collection":[{"href":"https:\/\/wp.ufpel.edu.br\/legadolaclau\/wp-json\/wp\/v2\/pages"}],"about":[{"href":"https:\/\/wp.ufpel.edu.br\/legadolaclau\/wp-json\/wp\/v2\/types\/page"}],"author":[{"embeddable":true,"href":"https:\/\/wp.ufpel.edu.br\/legadolaclau\/wp-json\/wp\/v2\/users\/528"}],"replies":[{"embeddable":true,"href":"https:\/\/wp.ufpel.edu.br\/legadolaclau\/wp-json\/wp\/v2\/comments?post=2291"}],"version-history":[{"count":7,"href":"https:\/\/wp.ufpel.edu.br\/legadolaclau\/wp-json\/wp\/v2\/pages\/2291\/revisions"}],"predecessor-version":[{"id":2454,"href":"https:\/\/wp.ufpel.edu.br\/legadolaclau\/wp-json\/wp\/v2\/pages\/2291\/revisions\/2454"}],"wp:attachment":[{"href":"https:\/\/wp.ufpel.edu.br\/legadolaclau\/wp-json\/wp\/v2\/media?parent=2291"}],"curies":[{"name":"wp","href":"https:\/\/api.w.org\/{rel}","templated":true}]}}