{"id":2287,"date":"2024-02-28T10:15:43","date_gmt":"2024-02-28T13:15:43","guid":{"rendered":"https:\/\/wp.ufpel.edu.br\/legadolaclau\/?page_id=2287"},"modified":"2024-05-08T15:37:16","modified_gmt":"2024-05-08T18:37:16","slug":"o-amadurecimento-das-ciencias-no-debate-do-populismo","status":"publish","type":"page","link":"https:\/\/wp.ufpel.edu.br\/legadolaclau\/o-amadurecimento-das-ciencias-no-debate-do-populismo\/","title":{"rendered":"GT 1: O amadurecimento das ci\u00eancias no debate do populismo"},"content":{"rendered":"<p style=\"text-align: justify;\"><b>Proponentes<\/b><span style=\"font-weight: 400;\">: Let\u00edcia Baron (UFPEL) e Sandra Barbosa Parzianello (UAB).<\/span><\/p>\n<p style=\"text-align: justify;\"><b>Resumo<\/b><span style=\"font-weight: 400;\">. Estudos recentes t\u00eam demonstrado a relev\u00e2ncia te\u00f3rica das contribui\u00e7\u00f5es do populismo laclauniano para o s\u00e9culo XXI.\u00a0 Inserido neste contexto, o grupo de trabalho que est\u00e1 sendo aqui proposto, busca tratar a ideia de que a trajet\u00f3ria do conceito de populismo ultrapassou n\u00e3o s\u00f3 as barreiras do campo da pol\u00edtica no s\u00e9culo XX, como contribuiu para a ressignifica\u00e7\u00e3o da teoria cl\u00e1ssica pela via de uma revis\u00e3o conceitual do fen\u00f4meno. Nesse sentido, o grupo de trabalho tem por objetivo discutir as m\u00faltiplas interpreta\u00e7\u00f5es sobre o populismo, focando no potencial do conceito para explicar os eventos contempor\u00e2neos e seus v\u00ednculos com a democracia. Assim, esperamos: i) comprovar a evolu\u00e7\u00e3o te\u00f3rica demarcada com o que fora postulado no pensamento formal laclauniano; ii) tratar a tipologia poss\u00edvel de fen\u00f4menos pol\u00edticos em diferentes momentos, mesmo prec\u00e1rios e contingentes das democracias e, iii) analisar os usos que se fazem mediante certo pragmatismo do discurso populista em \u00e2mbito social. Esperamos constatar, por trabalhos a serem discutidos, acerca da centralidade do l\u00edder com base no aporte oferecido por Laclau, e, como consequ\u00eancia desse aspecto, reconhecer marcas do populismo como um efetivo momento da pol\u00edtica. Note-se que \u00e9 no populismo que o ser pol\u00edtico se realiza, mas que isso necessita ser pensado al\u00e9m das chamadas experi\u00eancias cl\u00e1ssicas populistas, as quais t\u00eam se aproximado de experi\u00eancias autorit\u00e1rias e mesmo totalit\u00e1rias. Entendemos que as reflex\u00f5es de Ernesto Laclau sobre a categoria do populismo, que ainda est\u00e3o em curso, n\u00e3o s\u00f3 no Brasil, t\u00eam encontrado repercuss\u00e3o em diversos pa\u00edses. Cabe, na presente proposta, descrev\u00ea-las, poder saber defini-las e buscarmos assim atualizarmos discursos e compreens\u00f5es te\u00f3ricas sobre as mais distintas realidades pol\u00edticas.<\/span><\/p>\n<p style=\"text-align: justify;\"><b>Palavras-chave<\/b><span style=\"font-weight: 400;\">: Populismo; Democracia; Pol\u00edtica; Momento; Conting\u00eancia.<\/span><\/p>\n","protected":false},"excerpt":{"rendered":"<p>Proponentes: Let\u00edcia Baron (UFPEL) e Sandra Barbosa Parzianello (UAB). Resumo. Estudos recentes t\u00eam demonstrado a relev\u00e2ncia te\u00f3rica das contribui\u00e7\u00f5es do populismo laclauniano para o s\u00e9culo XXI.\u00a0 Inserido neste contexto, o grupo de trabalho que est\u00e1 sendo aqui proposto, busca tratar a ideia de que a trajet\u00f3ria do conceito de populismo ultrapassou n\u00e3o s\u00f3 as barreiras &hellip; <a href=\"https:\/\/wp.ufpel.edu.br\/legadolaclau\/o-amadurecimento-das-ciencias-no-debate-do-populismo\/\" class=\"more-link\">Continue lendo <span class=\"screen-reader-text\">GT 1: O amadurecimento das ci\u00eancias no debate do populismo<\/span> <span class=\"meta-nav\">&rarr;<\/span><\/a><\/p>\n","protected":false},"author":528,"featured_media":0,"parent":0,"menu_order":0,"comment_status":"closed","ping_status":"closed","template":"","meta":{"jetpack_post_was_ever_published":false,"footnotes":""},"class_list":["post-2287","page","type-page","status-publish","hentry"],"jetpack_sharing_enabled":true,"jetpack_shortlink":"https:\/\/wp.me\/P8yPuk-AT","jetpack_likes_enabled":true,"publishpress_future_action":{"enabled":false,"date":"2026-04-24 08:51:44","action":"change-status","newStatus":"draft","terms":[],"taxonomy":"","extraData":[]},"publishpress_future_workflow_manual_trigger":{"enabledWorkflows":[]},"_links":{"self":[{"href":"https:\/\/wp.ufpel.edu.br\/legadolaclau\/wp-json\/wp\/v2\/pages\/2287","targetHints":{"allow":["GET"]}}],"collection":[{"href":"https:\/\/wp.ufpel.edu.br\/legadolaclau\/wp-json\/wp\/v2\/pages"}],"about":[{"href":"https:\/\/wp.ufpel.edu.br\/legadolaclau\/wp-json\/wp\/v2\/types\/page"}],"author":[{"embeddable":true,"href":"https:\/\/wp.ufpel.edu.br\/legadolaclau\/wp-json\/wp\/v2\/users\/528"}],"replies":[{"embeddable":true,"href":"https:\/\/wp.ufpel.edu.br\/legadolaclau\/wp-json\/wp\/v2\/comments?post=2287"}],"version-history":[{"count":6,"href":"https:\/\/wp.ufpel.edu.br\/legadolaclau\/wp-json\/wp\/v2\/pages\/2287\/revisions"}],"predecessor-version":[{"id":2453,"href":"https:\/\/wp.ufpel.edu.br\/legadolaclau\/wp-json\/wp\/v2\/pages\/2287\/revisions\/2453"}],"wp:attachment":[{"href":"https:\/\/wp.ufpel.edu.br\/legadolaclau\/wp-json\/wp\/v2\/media?parent=2287"}],"curies":[{"name":"wp","href":"https:\/\/api.w.org\/{rel}","templated":true}]}}