{"id":2135,"date":"2024-02-06T09:56:42","date_gmt":"2024-02-06T12:56:42","guid":{"rendered":"https:\/\/wp.ufpel.edu.br\/legadolaclau\/?page_id=2135"},"modified":"2024-02-17T12:14:31","modified_gmt":"2024-02-17T15:14:31","slug":"comissao-organizadora-3","status":"publish","type":"page","link":"https:\/\/wp.ufpel.edu.br\/legadolaclau\/comissoes\/comissao-organizadora-3\/","title":{"rendered":"Comiss\u00e3o Organizadora"},"content":{"rendered":"<p><strong>Daniel de Mendon\u00e7a\u00a0<\/strong>(Presidente)<br \/>\nGraduado em Ci\u00eancias Jur\u00eddicas e Sociais pela Pontif\u00edcia Universidade Cat\u00f3lica do Rio Grande do Sul (1997), mestrado (2001) e doutorado (2006) em Ci\u00eancia Pol\u00edtica pela Universidade Federal do Rio Grande do Sul e est\u00e1gio p\u00f3s-doutoral em Ideology and Discourse Analysis (2009) na University of Essex. \u00c9 Professor Associado na Universidade Federal de Pelotas (UFPel).<br \/>\n<a href=\"http:\/\/lattes.cnpq.br\/9251787953915517\">http:\/\/lattes.cnpq.br\/9251787953915517<\/a><\/p>\n<p style=\"text-align: justify;\"><strong>Bianca de Freitas Linhares<\/strong><br \/>\nDoutora em Ci\u00eancia Pol\u00edtica (UFRGS). Gradua\u00e7\u00e3o (bacharelado e licenciatura) em Ci\u00eancias Sociais (2003) e Mestrado em Ci\u00eancia Pol\u00edtica (2006) pela Universidade Federal do Rio Grande do Sul. \u00c9 professora adjunta do Departamento de Sociologia e Pol\u00edtica e do Programa de P\u00f3s-Gradua\u00e7\u00e3o em Ci\u00eancia Pol\u00edtica (PPGCPol) da UFPel.<br \/>\n<a href=\"http:\/\/lattes.cnpq.br\/7261471162878192\">http:\/\/lattes.cnpq.br\/7261471162878192<\/a><\/p>\n<p style=\"text-align: justify;\"><strong>Beatriz Franco Pereira do Vale<\/strong><br \/>\n<span class=\"Apple-style-span\">Doutoranda e Mestre em Ci\u00eancia Pol\u00edtica pelo Programa de P\u00f3s-Gradua\u00e7\u00e3o em Ci\u00eancia Pol\u00edtica da Universidade Federal de Pelotas (UFPel). Graduada em Ci\u00eancias Econ\u00f4micas pela Universidade Federal de S\u00e3o Jo\u00e3o Del-Rei (UFSJ).<\/span><br \/>\n<a href=\"http:\/\/lattes.cnpq.br\/6261961146934479\">http:\/\/lattes.cnpq.br\/6261961146934479<\/a><\/p>\n<p style=\"text-align: justify;\"><strong>Corina Gonsales Vega<\/strong><br \/>\nGraduanda em Ci\u00eancias Sociais pela UFPel.<br \/>\n<a href=\"http:\/\/lattes.cnpq.br\/9177713725772384\">http:\/\/lattes.cnpq.br\/9177713725772384<\/a><\/p>\n<p style=\"text-align: justify;\"><strong>Ian Botelho Soares<\/strong><br \/>\nGraduando em Ci\u00eancias Sociais pela UFPel.<br \/>\n<a href=\"http:\/\/lattes.cnpq.br\/6405420757940764\">http:\/\/lattes.cnpq.br\/6405420757940764<\/a><\/p>\n<p style=\"text-align: justify;\"><strong>Luana Dias Lameira<\/strong><br \/>\nGraduanda em Ci\u00eancias Sociais pela UFPel.<br \/>\n<a href=\"http:\/\/lattes.cnpq.br\/8984249205455935\">http:\/\/lattes.cnpq.br\/8984249205455935<\/a><\/p>\n<p style=\"text-align: justify;\"><strong>Lucas Antonio Penna Rey<\/strong><br \/>\n<span class=\"Apple-style-span\">Doutorando e Mestre em Ci\u00eancia Pol\u00edtica pelo Programa de P\u00f3s-Gradua\u00e7\u00e3o em Ci\u00eancia Pol\u00edtica da Universidade Federal de Pelotas (UFPel). G<\/span>raduado em Direito pela FURG.<br \/>\n<a href=\"http:\/\/lattes.cnpq.br\/7721466281824516\">http:\/\/lattes.cnpq.br\/7721466281824516<\/a><\/p>\n<p style=\"text-align: justify;\"><strong><span class=\"Apple-style-span\">Lucas Garcia da Silva<br \/>\n<\/span><\/strong><span class=\"Apple-style-span\">Doutorando e Mestre em Ci\u00eancia Pol\u00edtica pelo Programa de P\u00f3s-Gradua\u00e7\u00e3o em Ci\u00eancia Pol\u00edtica da Universidade Federal de Pelotas (UFPel). Graduado Ci\u00eancias Sociais \u2013 Bacharelado pela UFPEL. <\/span><span class=\"Apple-style-span\"><a href=\"http:\/\/lattes.cnpq.br\/8429045191719321\">http:\/\/lattes.cnpq.br\/8429045191719321<\/a><\/span><\/p>\n<p style=\"text-align: justify;\"><strong>Renata da Silva<\/strong><br \/>\n<span class=\"Apple-style-span\">Doutoranda e Mestre em Ci\u00eancia Pol\u00edtica pelo Programa de P\u00f3s-Gradua\u00e7\u00e3o em Ci\u00eancia Pol\u00edtica da Universidade Federal de Pelotas (UFPel). G<\/span>raduada em Jornalismo pela UNIPAMPA.<br \/>\n<a href=\"http:\/\/lattes.cnpq.br\/4374713962057950\">http:\/\/lattes.cnpq.br\/4374713962057950<\/a><\/p>\n<p style=\"text-align: justify;\"><strong>Thales Morbach Lange<\/strong><br \/>\nGraduando em Ci\u00eancias Sociais pela UFPel.<br \/>\n<a href=\"http:\/\/lattes.cnpq.br\/3650755639394586\">http:\/\/lattes.cnpq.br\/3650755639394586<\/a><\/p>\n","protected":false},"excerpt":{"rendered":"<p>Daniel de Mendon\u00e7a\u00a0(Presidente) Graduado em Ci\u00eancias Jur\u00eddicas e Sociais pela Pontif\u00edcia Universidade Cat\u00f3lica do Rio Grande do Sul (1997), mestrado (2001) e doutorado (2006) em Ci\u00eancia Pol\u00edtica pela Universidade Federal do Rio Grande do Sul e est\u00e1gio p\u00f3s-doutoral em Ideology and Discourse Analysis (2009) na University of Essex. \u00c9 Professor Associado na Universidade Federal de &hellip; <a href=\"https:\/\/wp.ufpel.edu.br\/legadolaclau\/comissoes\/comissao-organizadora-3\/\" class=\"more-link\">Continue lendo <span class=\"screen-reader-text\">Comiss\u00e3o Organizadora<\/span> <span class=\"meta-nav\">&rarr;<\/span><\/a><\/p>\n","protected":false},"author":528,"featured_media":0,"parent":292,"menu_order":0,"comment_status":"closed","ping_status":"closed","template":"","meta":{"jetpack_post_was_ever_published":false,"footnotes":""},"class_list":["post-2135","page","type-page","status-publish","hentry"],"jetpack_sharing_enabled":true,"jetpack_shortlink":"https:\/\/wp.me\/P8yPuk-yr","jetpack_likes_enabled":true,"publishpress_future_action":{"enabled":false,"date":"2026-04-22 10:02:02","action":"change-status","newStatus":"draft","terms":[],"taxonomy":"","extraData":[]},"publishpress_future_workflow_manual_trigger":{"enabledWorkflows":[]},"_links":{"self":[{"href":"https:\/\/wp.ufpel.edu.br\/legadolaclau\/wp-json\/wp\/v2\/pages\/2135","targetHints":{"allow":["GET"]}}],"collection":[{"href":"https:\/\/wp.ufpel.edu.br\/legadolaclau\/wp-json\/wp\/v2\/pages"}],"about":[{"href":"https:\/\/wp.ufpel.edu.br\/legadolaclau\/wp-json\/wp\/v2\/types\/page"}],"author":[{"embeddable":true,"href":"https:\/\/wp.ufpel.edu.br\/legadolaclau\/wp-json\/wp\/v2\/users\/528"}],"replies":[{"embeddable":true,"href":"https:\/\/wp.ufpel.edu.br\/legadolaclau\/wp-json\/wp\/v2\/comments?post=2135"}],"version-history":[{"count":6,"href":"https:\/\/wp.ufpel.edu.br\/legadolaclau\/wp-json\/wp\/v2\/pages\/2135\/revisions"}],"predecessor-version":[{"id":2263,"href":"https:\/\/wp.ufpel.edu.br\/legadolaclau\/wp-json\/wp\/v2\/pages\/2135\/revisions\/2263"}],"up":[{"embeddable":true,"href":"https:\/\/wp.ufpel.edu.br\/legadolaclau\/wp-json\/wp\/v2\/pages\/292"}],"wp:attachment":[{"href":"https:\/\/wp.ufpel.edu.br\/legadolaclau\/wp-json\/wp\/v2\/media?parent=2135"}],"curies":[{"name":"wp","href":"https:\/\/api.w.org\/{rel}","templated":true}]}}