{"id":2126,"date":"2024-02-06T09:42:22","date_gmt":"2024-02-06T12:42:22","guid":{"rendered":"https:\/\/wp.ufpel.edu.br\/legadolaclau\/?page_id=2126"},"modified":"2024-02-06T09:42:22","modified_gmt":"2024-02-06T12:42:22","slug":"apresentacao-5","status":"publish","type":"page","link":"https:\/\/wp.ufpel.edu.br\/legadolaclau\/apresentacao-5\/","title":{"rendered":"Apresenta\u00e7\u00e3o"},"content":{"rendered":"<p style=\"text-align: justify;\">O V Simp\u00f3sio P\u00f3s-Estruturalismo e Teoria Social \u00e9 o evento internacional organizado pelo Grupo de Pesquisa Ideologia e An\u00e1lise de Discurso e pelo Programa de P\u00f3s-Gradua\u00e7\u00e3o em Ci\u00eancia Pol\u00edtica, do Instituto de Filosofia, Sociologia e Pol\u00edtica, da Universidade Federal de Pelotas, Pelotas, Brasil. Organizado a partir de confer\u00eancias, mesas redondas e grupos de trabalho, o objetivo do Simp\u00f3sio \u00e9 reunir pesquisadoras\/es do Brasil e do exterior para discuss\u00f5es em torno das mais diversas teorias situadas no campo do p\u00f3s- estruturalismo, em perspectiva transdisciplinar.<\/p>\n<p style=\"text-align: justify;\">A tem\u00e1tica da quinta edi\u00e7\u00e3o, \u201cExplorando Novas Fronteiras\u201d, \u00e9 uma homenagem ao legado da teoria do discurso de Ernesto Laclau e Chantal Mouffe. Neste ano, completa-se uma d\u00e9cada do falecimento de Laclau, ocorrido em 13 abril de 2014.<\/p>\n<p style=\"text-align: justify;\">Desde a publica\u00e7\u00e3o do ic\u00f4nico \u201cHegemonia e Estrat\u00e9gia Socialista\u201d, cujo anivers\u00e1rio de 40 anos ser\u00e1 celebrado em 2025, os usos da teoria do discurso t\u00eam extrapolado os limites de um sistema de pensamento que foi desenvolvido por seus autores originalmente nos \u00e2mbitos da teoria e da filosofia pol\u00edticas. Isso se deve ao fato \u2013 muitas vezes mal compreendido por seus cr\u00edticos \u2013 de que a teoria de Laclau e Mouffe \u00e9 uma reflex\u00e3o sobre o Pol\u00edtico, uma dimens\u00e3o que est\u00e1 presente e exerce seus efeitos transformadores, certamente na pol\u00edtica, mas tamb\u00e9m nos demais \u00e2mbitos sociais.<\/p>\n<p style=\"text-align: justify;\">\u00c9 por essa raz\u00e3o que a teoria do discurso ampliou seus limites acad\u00eamicos, expandindo suas fronteiras de reflex\u00e3o para praticamente todas as \u00e1reas das chamadas ci\u00eancias humanas. Se os efeitos do Pol\u00edtico podem ser observados em toda parte, no sentido de uma ontologia geral, uma ampla gama de pesquisas podem ter lugar com base neste postulado t\u00e3o caro a Laclau e Mouffe.<\/p>\n<p style=\"text-align: justify;\">Neste sentido, o V Simp\u00f3sio P\u00f3s-Estruturalismo e Teoria Social convida todas\/os para refletir criticamente sobre as in\u00fameras possibilidades abertas a partir do pensamento de Laclau e Mouffe, sempre desde uma perspectiva transdisciplinar. Se, por um lado, explorar novas fronteiras do pensamento a partir da teoria dos autores significa reconhecer a import\u00e2ncia e o legado da teoria do discurso, por outro lado, desbravar novas fronteiras requer que olhemos para essa perspectiva te\u00f3rica com um olhar cr\u00edtico, reconhecendo a necessidade de seguirmos desenvolvendo e ampliando ainda mais os horizontes de uma teoria, que por ser p\u00f3s estruturalista, nunca est\u00e1 completa.<\/p>\n","protected":false},"excerpt":{"rendered":"<p>O V Simp\u00f3sio P\u00f3s-Estruturalismo e Teoria Social \u00e9 o evento internacional organizado pelo Grupo de Pesquisa Ideologia e An\u00e1lise de Discurso e pelo Programa de P\u00f3s-Gradua\u00e7\u00e3o em Ci\u00eancia Pol\u00edtica, do Instituto de Filosofia, Sociologia e Pol\u00edtica, da Universidade Federal de Pelotas, Pelotas, Brasil. Organizado a partir de confer\u00eancias, mesas redondas e grupos de trabalho, o &hellip; <a href=\"https:\/\/wp.ufpel.edu.br\/legadolaclau\/apresentacao-5\/\" class=\"more-link\">Continue lendo <span class=\"screen-reader-text\">Apresenta\u00e7\u00e3o<\/span> <span class=\"meta-nav\">&rarr;<\/span><\/a><\/p>\n","protected":false},"author":528,"featured_media":0,"parent":0,"menu_order":0,"comment_status":"closed","ping_status":"closed","template":"","meta":{"jetpack_post_was_ever_published":false,"footnotes":""},"class_list":["post-2126","page","type-page","status-publish","hentry"],"jetpack_sharing_enabled":true,"jetpack_shortlink":"https:\/\/wp.me\/P8yPuk-yi","jetpack_likes_enabled":true,"publishpress_future_action":{"enabled":false,"date":"2026-05-16 00:37:43","action":"change-status","newStatus":"draft","terms":[],"taxonomy":"","extraData":[]},"publishpress_future_workflow_manual_trigger":{"enabledWorkflows":[]},"_links":{"self":[{"href":"https:\/\/wp.ufpel.edu.br\/legadolaclau\/wp-json\/wp\/v2\/pages\/2126","targetHints":{"allow":["GET"]}}],"collection":[{"href":"https:\/\/wp.ufpel.edu.br\/legadolaclau\/wp-json\/wp\/v2\/pages"}],"about":[{"href":"https:\/\/wp.ufpel.edu.br\/legadolaclau\/wp-json\/wp\/v2\/types\/page"}],"author":[{"embeddable":true,"href":"https:\/\/wp.ufpel.edu.br\/legadolaclau\/wp-json\/wp\/v2\/users\/528"}],"replies":[{"embeddable":true,"href":"https:\/\/wp.ufpel.edu.br\/legadolaclau\/wp-json\/wp\/v2\/comments?post=2126"}],"version-history":[{"count":1,"href":"https:\/\/wp.ufpel.edu.br\/legadolaclau\/wp-json\/wp\/v2\/pages\/2126\/revisions"}],"predecessor-version":[{"id":2128,"href":"https:\/\/wp.ufpel.edu.br\/legadolaclau\/wp-json\/wp\/v2\/pages\/2126\/revisions\/2128"}],"wp:attachment":[{"href":"https:\/\/wp.ufpel.edu.br\/legadolaclau\/wp-json\/wp\/v2\/media?parent=2126"}],"curies":[{"name":"wp","href":"https:\/\/api.w.org\/{rel}","templated":true}]}}