{"id":1892,"date":"2022-09-28T10:31:14","date_gmt":"2022-09-28T13:31:14","guid":{"rendered":"https:\/\/wp.ufpel.edu.br\/legadolaclau\/?page_id=1892"},"modified":"2022-09-28T15:33:55","modified_gmt":"2022-09-28T18:33:55","slug":"gt-novas-reflexoes-sobre-as-democracias-do-nosso-tempo","status":"publish","type":"page","link":"https:\/\/wp.ufpel.edu.br\/legadolaclau\/eventos-anteriores\/anais-do-simposio-pos-estruturalismo-e-teoria-social-2022\/expediente\/gt-novas-reflexoes-sobre-as-democracias-do-nosso-tempo\/","title":{"rendered":"GT Novas Reflex\u00f5es Sobre as Democracias do Nosso Tempo"},"content":{"rendered":"<p><strong>Coordena\u00e7\u00e3o: Daniel de Mendon\u00e7a (UFPel) e Bianca Linhares (UFPel).<\/strong><\/p>\n<div class=\"page\" title=\"Page 1\">\n<div class=\"layoutArea\">\n<div class=\"column\">\n<div class=\"page\" title=\"Page 1\">\n<div class=\"layoutArea\">\n<div class=\"column\">\n<p style=\"font-weight: 400;\">Carolina Costa Dos Santos<br \/>\nOs limites da representa\u00e7\u00e3o pol\u00edtica cl\u00e1ssica <a href=\"https:\/\/wp.ufpel.edu.br\/legadolaclau\/pt\/eventos-anteriores\/anais-do-simposio-pos-estruturalismo-e-teoria-social-2022\/expediente\/gt-novas-reflexoes-sobre-as-democracias-do-nosso-tempo\/artigo-santos-2-2\/\" rel=\"attachment wp-att-1920\">PDF<\/a><\/p>\n<p style=\"font-weight: 400;\">Felipe Corral de Freitas<br \/>\nDemocracia e antagonismo: estabilidade e crise <a href=\"https:\/\/wp.ufpel.edu.br\/legadolaclau\/pt\/eventos-anteriores\/anais-do-simposio-pos-estruturalismo-e-teoria-social-2022\/expediente\/gt-novas-reflexoes-sobre-as-democracias-do-nosso-tempo\/artigo-freitas-2\/\" rel=\"attachment wp-att-1921\">PDF<\/a><\/p>\n<p style=\"font-weight: 400;\">Rafael Alexandre Silveira<br \/>\nO atual momento da crise democr\u00e1tica brasileira: esbo\u00e7o anal\u00edtico a partir de uma leitura cr\u00edtica a certo mainstream acad\u00eamico <a href=\"https:\/\/wp.ufpel.edu.br\/legadolaclau\/pt\/eventos-anteriores\/anais-do-simposio-pos-estruturalismo-e-teoria-social-2022\/expediente\/gt-novas-reflexoes-sobre-as-democracias-do-nosso-tempo\/artigo-silveira-2\/\" rel=\"attachment wp-att-1922\">PDF<\/a><\/p>\n<p style=\"font-weight: 400;\">Paulo C\u00e9sar Neves Barboza<br \/>\nAntagonismos sob a forma democr\u00e1tica: breve caracteriza\u00e7\u00e3o da conten\u00e7\u00e3o pol\u00edtica na \u00faltima d\u00e9cada no brasil e seus elementos discursivos <a href=\"https:\/\/wp.ufpel.edu.br\/legadolaclau\/pt\/eventos-anteriores\/anais-do-simposio-pos-estruturalismo-e-teoria-social-2022\/expediente\/gt-novas-reflexoes-sobre-as-democracias-do-nosso-tempo\/barboza-paulo-cesar-neves-antagonismos-sob-a-forma-democratica-breve-caracterizacao-da-contencao-politica-na-ultima-decada-no-brasil-e-seus-elementos-discursivos\/\" rel=\"attachment wp-att-1959\">PDF<\/a><\/p>\n<p style=\"font-weight: 400;\">Luciana Almeida da S. Teixeira e J\u00e9ssica Seabra de O. Alves<br \/>\nParidade de g\u00eanero na pol\u00edtica: a constru\u00e7\u00e3o de uma democracia mais s\u00f3lida e consistente no Brasil <a href=\"https:\/\/wp.ufpel.edu.br\/legadolaclau\/pt\/eventos-anteriores\/anais-do-simposio-pos-estruturalismo-e-teoria-social-2022\/expediente\/gt-novas-reflexoes-sobre-as-democracias-do-nosso-tempo\/artigo-alves-e-teixeira\/\" rel=\"attachment wp-att-1924\">PDF<\/a><\/p>\n<p style=\"font-weight: 400;\">Paulo An\u00f3s T\u00e9<br \/>\nCrise de legitimidade pol\u00edtica e a cultura (anti)partid\u00e1ria na Guin\u00e9-Bissau em 2020-2021 <a href=\"https:\/\/wp.ufpel.edu.br\/legadolaclau\/pt\/eventos-anteriores\/anais-do-simposio-pos-estruturalismo-e-teoria-social-2022\/expediente\/gt-novas-reflexoes-sobre-as-democracias-do-nosso-tempo\/artigo-anos-te-paulo-1\/\" rel=\"attachment wp-att-1925\">PDF<\/a><\/p>\n<p style=\"font-weight: 400;\">Jos\u00e9 M. Mussunda da Silva<br \/>\nCrise da democracia nos EUA: uma an\u00e1lise da transi\u00e7\u00e3o pol\u00edtica do governo de Trump a Biden (2016-2021) <a href=\"https:\/\/wp.ufpel.edu.br\/legadolaclau\/pt\/eventos-anteriores\/anais-do-simposio-pos-estruturalismo-e-teoria-social-2022\/expediente\/gt-novas-reflexoes-sobre-as-democracias-do-nosso-tempo\/artigo-jose-mussunda-2\/\" rel=\"attachment wp-att-1926\">PDF<\/a><\/p>\n<p style=\"font-weight: 400;\">\n<\/div>\n<\/div>\n<\/div>\n<\/div>\n<\/div>\n<\/div>\n","protected":false},"excerpt":{"rendered":"<p>Coordena\u00e7\u00e3o: Daniel de Mendon\u00e7a (UFPel) e Bianca Linhares (UFPel). Carolina Costa Dos Santos Os limites da representa\u00e7\u00e3o pol\u00edtica cl\u00e1ssica PDF Felipe Corral de Freitas Democracia e antagonismo: estabilidade e crise PDF Rafael Alexandre Silveira O atual momento da crise democr\u00e1tica brasileira: esbo\u00e7o anal\u00edtico a partir de uma leitura cr\u00edtica a certo mainstream acad\u00eamico PDF Paulo &hellip; <a href=\"https:\/\/wp.ufpel.edu.br\/legadolaclau\/eventos-anteriores\/anais-do-simposio-pos-estruturalismo-e-teoria-social-2022\/expediente\/gt-novas-reflexoes-sobre-as-democracias-do-nosso-tempo\/\" class=\"more-link\">Continue lendo <span class=\"screen-reader-text\">GT Novas Reflex\u00f5es Sobre as Democracias do Nosso Tempo<\/span> <span class=\"meta-nav\">&rarr;<\/span><\/a><\/p>\n","protected":false},"author":528,"featured_media":0,"parent":1881,"menu_order":0,"comment_status":"closed","ping_status":"closed","template":"","meta":{"jetpack_post_was_ever_published":false,"footnotes":""},"class_list":["post-1892","page","type-page","status-publish","hentry"],"jetpack_sharing_enabled":true,"jetpack_shortlink":"https:\/\/wp.me\/P8yPuk-uw","jetpack_likes_enabled":true,"publishpress_future_action":{"enabled":false,"date":"2026-04-19 14:02:37","action":"change-status","newStatus":"draft","terms":[],"taxonomy":"","extraData":[]},"publishpress_future_workflow_manual_trigger":{"enabledWorkflows":[]},"_links":{"self":[{"href":"https:\/\/wp.ufpel.edu.br\/legadolaclau\/wp-json\/wp\/v2\/pages\/1892","targetHints":{"allow":["GET"]}}],"collection":[{"href":"https:\/\/wp.ufpel.edu.br\/legadolaclau\/wp-json\/wp\/v2\/pages"}],"about":[{"href":"https:\/\/wp.ufpel.edu.br\/legadolaclau\/wp-json\/wp\/v2\/types\/page"}],"author":[{"embeddable":true,"href":"https:\/\/wp.ufpel.edu.br\/legadolaclau\/wp-json\/wp\/v2\/users\/528"}],"replies":[{"embeddable":true,"href":"https:\/\/wp.ufpel.edu.br\/legadolaclau\/wp-json\/wp\/v2\/comments?post=1892"}],"version-history":[{"count":5,"href":"https:\/\/wp.ufpel.edu.br\/legadolaclau\/wp-json\/wp\/v2\/pages\/1892\/revisions"}],"predecessor-version":[{"id":1960,"href":"https:\/\/wp.ufpel.edu.br\/legadolaclau\/wp-json\/wp\/v2\/pages\/1892\/revisions\/1960"}],"up":[{"embeddable":true,"href":"https:\/\/wp.ufpel.edu.br\/legadolaclau\/wp-json\/wp\/v2\/pages\/1881"}],"wp:attachment":[{"href":"https:\/\/wp.ufpel.edu.br\/legadolaclau\/wp-json\/wp\/v2\/media?parent=1892"}],"curies":[{"name":"wp","href":"https:\/\/api.w.org\/{rel}","templated":true}]}}