{"id":1888,"date":"2022-09-28T09:55:25","date_gmt":"2022-09-28T12:55:25","guid":{"rendered":"https:\/\/wp.ufpel.edu.br\/legadolaclau\/?page_id=1888"},"modified":"2022-09-28T13:11:31","modified_gmt":"2022-09-28T16:11:31","slug":"expediente-2","status":"publish","type":"page","link":"https:\/\/wp.ufpel.edu.br\/legadolaclau\/eventos-anteriores\/anais-do-simposio-pos-estruturalismo-e-teoria-social-2022\/expediente-2\/","title":{"rendered":"Expediente"},"content":{"rendered":"<p><strong>Expediente<\/strong><\/p>\n<p><strong>IV SIMP\u00d3SIO P\u00d3S-ESTRUTURALISMO E TEORIA SOCIAL: NOVAS REFLEX\u00d5ES SOBRE AS DEMOCRACIAS DO NOSSO TEMPO<\/strong><br \/>\n26 a 28 de setembro de 2022<br \/>\nUniversidade Federal de Pelotas<br \/>\nPelotas, Brasil<\/p>\n<p><strong>ISSN 2594-6358<\/strong><\/p>\n<p><strong>SIMP\u00d3SIO P\u00d3S-ESTRUTURALISMO E TEORIA SOCIAL<\/strong><br \/>\nEvento Bienal<\/p>\n<p><strong>UNIVERSIDADE FEDERAL DE PELOTAS<\/strong><br \/>\nReitora: Isabela Fernandes Andrade<br \/>\nVice-Reitora: \u00darsula Rosa da Silva<br \/>\nPr\u00f3-Reitor Administrativo: Ricardo Hartlebem Peter<br \/>\nPr\u00f3-Reitora de Assuntos Estudantis: Rosane Maria dos Santos Brand\u00e3o<br \/>\nPr\u00f3-Reitor de Extens\u00e3o e Cultura: Eraldo dos Santos Pinheiro<br \/>\nPr\u00f3-Reitora de Gest\u00e3o de Pessoas: Ta\u00eds Ullrich Fonseca<br \/>\nPr\u00f3-Reitora de Ensino: Maria F\u00e1tima C\u00f3ssio<br \/>\nPr\u00f3-Reitor de Pesquisa e P\u00f3s-Gradua\u00e7\u00e3o: Fl\u00e1vio Fernando Demarco<br \/>\nPr\u00f3-Reitor de Planejamento e Desenvolvimento: Paulo Roberto Ferreira J\u00fanior (Reitor eleito)<\/p>\n<p>INSTITUTO DE FILOSOFIA, SOCIOLOGIA E POL\u00cdTICA<br \/>\nDiretor: Jo\u00e3o Francisco Nascimento Hobuss<br \/>\nVice-Diretor: William H\u00e9ctor G\u00f3mez Soto<\/p>\n<p>PROGRAMA DE P\u00d3S-GRADUA\u00c7\u00c3O EM CI\u00caNCIA POL\u00cdTICA<br \/>\nCoordenadora: Luciana Maria de Arag\u00e3o Ballestrin<br \/>\nCoordenador Adjunto: William Daldegan de Freitas<\/p>\n<p><strong>COORDENA\u00c7\u00c3O-GERAL<\/strong><br \/>\nBianca de Freitas Linhares<br \/>\nDaniel de Mendon\u00e7a<\/p>\n<p><strong>COMISS\u00c3O ORGANIZADORA<\/strong><br \/>\nAgnes Bezerra Menezes<br \/>\nBeatriz Franco Pereira do Valle<br \/>\nBianca de Freitas Linhares<br \/>\nCamila Muller Cardoso<br \/>\nCarolina Costa dos Santos<br \/>\nDaniel de Mendon\u00e7a<br \/>\nElisa Martins Bretanha<br \/>\nIan Botelho Soares<br \/>\nLucas Ant\u00f4nio Penna Rey<br \/>\nLucas Garcia da Silva<br \/>\nRenata da Silva<br \/>\nVit\u00f3ria Mattar Calistro<\/p>\n<p><strong>EDITORA\u00c7\u00c3O<\/strong><br \/>\nBianca de Freitas Linhares<br \/>\nCarolina Costa Dos Santos<\/p>\n<p><strong>ENDERE\u00c7O<\/strong><br \/>\nCentro de P\u00f3s-Gradua\u00e7\u00e3o e Pesquisas em Ci\u00eancias Humanas, Sociais, Sociais Aplicadas, Artes e Linguagem<br \/>\nR. Cel. Alberto Rosa, n. 117, Centro, Pelotas\/RS. CEP: 96.010-770.<\/p>\n","protected":false},"excerpt":{"rendered":"<p>Expediente IV SIMP\u00d3SIO P\u00d3S-ESTRUTURALISMO E TEORIA SOCIAL: NOVAS REFLEX\u00d5ES SOBRE AS DEMOCRACIAS DO NOSSO TEMPO 26 a 28 de setembro de 2022 Universidade Federal de Pelotas Pelotas, Brasil ISSN 2594-6358 SIMP\u00d3SIO P\u00d3S-ESTRUTURALISMO E TEORIA SOCIAL Evento Bienal UNIVERSIDADE FEDERAL DE PELOTAS Reitora: Isabela Fernandes Andrade Vice-Reitora: \u00darsula Rosa da Silva Pr\u00f3-Reitor Administrativo: Ricardo Hartlebem Peter &hellip; <a href=\"https:\/\/wp.ufpel.edu.br\/legadolaclau\/eventos-anteriores\/anais-do-simposio-pos-estruturalismo-e-teoria-social-2022\/expediente-2\/\" class=\"more-link\">Continue lendo <span class=\"screen-reader-text\">Expediente<\/span> <span class=\"meta-nav\">&rarr;<\/span><\/a><\/p>\n","protected":false},"author":528,"featured_media":0,"parent":1876,"menu_order":0,"comment_status":"closed","ping_status":"closed","template":"","meta":{"jetpack_post_was_ever_published":false,"footnotes":""},"class_list":["post-1888","page","type-page","status-publish","hentry"],"jetpack_sharing_enabled":true,"jetpack_shortlink":"https:\/\/wp.me\/P8yPuk-us","jetpack_likes_enabled":true,"publishpress_future_action":{"enabled":false,"date":"2026-04-25 02:58:30","action":"change-status","newStatus":"draft","terms":[],"taxonomy":"","extraData":[]},"publishpress_future_workflow_manual_trigger":{"enabledWorkflows":[]},"_links":{"self":[{"href":"https:\/\/wp.ufpel.edu.br\/legadolaclau\/wp-json\/wp\/v2\/pages\/1888","targetHints":{"allow":["GET"]}}],"collection":[{"href":"https:\/\/wp.ufpel.edu.br\/legadolaclau\/wp-json\/wp\/v2\/pages"}],"about":[{"href":"https:\/\/wp.ufpel.edu.br\/legadolaclau\/wp-json\/wp\/v2\/types\/page"}],"author":[{"embeddable":true,"href":"https:\/\/wp.ufpel.edu.br\/legadolaclau\/wp-json\/wp\/v2\/users\/528"}],"replies":[{"embeddable":true,"href":"https:\/\/wp.ufpel.edu.br\/legadolaclau\/wp-json\/wp\/v2\/comments?post=1888"}],"version-history":[{"count":3,"href":"https:\/\/wp.ufpel.edu.br\/legadolaclau\/wp-json\/wp\/v2\/pages\/1888\/revisions"}],"predecessor-version":[{"id":1919,"href":"https:\/\/wp.ufpel.edu.br\/legadolaclau\/wp-json\/wp\/v2\/pages\/1888\/revisions\/1919"}],"up":[{"embeddable":true,"href":"https:\/\/wp.ufpel.edu.br\/legadolaclau\/wp-json\/wp\/v2\/pages\/1876"}],"wp:attachment":[{"href":"https:\/\/wp.ufpel.edu.br\/legadolaclau\/wp-json\/wp\/v2\/media?parent=1888"}],"curies":[{"name":"wp","href":"https:\/\/api.w.org\/{rel}","templated":true}]}}