{"id":1881,"date":"2022-09-28T09:47:15","date_gmt":"2022-09-28T12:47:15","guid":{"rendered":"https:\/\/wp.ufpel.edu.br\/legadolaclau\/?page_id=1881"},"modified":"2022-09-28T16:01:11","modified_gmt":"2022-09-28T19:01:11","slug":"expediente","status":"publish","type":"page","link":"https:\/\/wp.ufpel.edu.br\/legadolaclau\/eventos-anteriores\/anais-do-simposio-pos-estruturalismo-e-teoria-social-2022\/expediente\/","title":{"rendered":"Sum\u00e1rio"},"content":{"rendered":"<p style=\"font-weight: 400;\"><a href=\"https:\/\/wp.ufpel.edu.br\/legadolaclau\/pt\/eventos-anteriores\/anais-do-simposio-pos-estruturalismo-e-teoria-social-2022\/expediente\/gt-novas-reflexoes-sobre-as-democracias-do-nosso-tempo\/\">GT Novas Reflex\u00f5es Sobre as Democracias do Nosso Tempo<\/a><\/p>\n<p style=\"font-weight: 400;\"><a href=\"https:\/\/wp.ufpel.edu.br\/legadolaclau\/pt\/eventos-anteriores\/anais-do-simposio-pos-estruturalismo-e-teoria-social-2022\/expediente\/gt-teoria-do-discurso-e-pesquisa-em-educacao\/\">GT Teoria do Discurso e Pesquisa em Educa\u00e7\u00e3o<\/a><\/p>\n<p style=\"font-weight: 400;\"><a href=\"https:\/\/wp.ufpel.edu.br\/legadolaclau\/pt\/eventos-anteriores\/anais-do-simposio-pos-estruturalismo-e-teoria-social-2022\/expediente\/gt-os-populismos-na-america-latina-e-na-europa-entre-teorias-e-praticas\/\">GT O(s) populismo(s) na Am\u00e9rica Latina e na Europa: entre teorias e pr\u00e1ticas<\/a><\/p>\n<p style=\"font-weight: 400;\"><a href=\"https:\/\/wp.ufpel.edu.br\/legadolaclau\/pt\/eventos-anteriores\/anais-do-simposio-pos-estruturalismo-e-teoria-social-2022\/expediente\/gt-teoria-do-discurso-e-abordagens-interdisciplinares\/\">GT Teoria do Discurso e Abordagens Interdisciplinares<\/a><\/p>\n","protected":false},"excerpt":{"rendered":"<p>GT Novas Reflex\u00f5es Sobre as Democracias do Nosso Tempo GT Teoria do Discurso e Pesquisa em Educa\u00e7\u00e3o GT O(s) populismo(s) na Am\u00e9rica Latina e na Europa: entre teorias e pr\u00e1ticas GT Teoria do Discurso e Abordagens Interdisciplinares<\/p>\n","protected":false},"author":528,"featured_media":0,"parent":1876,"menu_order":0,"comment_status":"closed","ping_status":"closed","template":"","meta":{"jetpack_post_was_ever_published":false,"footnotes":""},"class_list":["post-1881","page","type-page","status-publish","hentry"],"jetpack_sharing_enabled":true,"jetpack_shortlink":"https:\/\/wp.me\/P8yPuk-ul","jetpack_likes_enabled":true,"publishpress_future_action":{"enabled":false,"date":"2026-04-17 11:44:52","action":"change-status","newStatus":"draft","terms":[],"taxonomy":"","extraData":[]},"publishpress_future_workflow_manual_trigger":{"enabledWorkflows":[]},"_links":{"self":[{"href":"https:\/\/wp.ufpel.edu.br\/legadolaclau\/wp-json\/wp\/v2\/pages\/1881","targetHints":{"allow":["GET"]}}],"collection":[{"href":"https:\/\/wp.ufpel.edu.br\/legadolaclau\/wp-json\/wp\/v2\/pages"}],"about":[{"href":"https:\/\/wp.ufpel.edu.br\/legadolaclau\/wp-json\/wp\/v2\/types\/page"}],"author":[{"embeddable":true,"href":"https:\/\/wp.ufpel.edu.br\/legadolaclau\/wp-json\/wp\/v2\/users\/528"}],"replies":[{"embeddable":true,"href":"https:\/\/wp.ufpel.edu.br\/legadolaclau\/wp-json\/wp\/v2\/comments?post=1881"}],"version-history":[{"count":10,"href":"https:\/\/wp.ufpel.edu.br\/legadolaclau\/wp-json\/wp\/v2\/pages\/1881\/revisions"}],"predecessor-version":[{"id":1977,"href":"https:\/\/wp.ufpel.edu.br\/legadolaclau\/wp-json\/wp\/v2\/pages\/1881\/revisions\/1977"}],"up":[{"embeddable":true,"href":"https:\/\/wp.ufpel.edu.br\/legadolaclau\/wp-json\/wp\/v2\/pages\/1876"}],"wp:attachment":[{"href":"https:\/\/wp.ufpel.edu.br\/legadolaclau\/wp-json\/wp\/v2\/media?parent=1881"}],"curies":[{"name":"wp","href":"https:\/\/api.w.org\/{rel}","templated":true}]}}