{"id":1546,"date":"2022-02-04T20:34:28","date_gmt":"2022-02-04T23:34:28","guid":{"rendered":"https:\/\/wp.ufpel.edu.br\/legadolaclau\/?page_id=1546"},"modified":"2024-02-07T15:46:14","modified_gmt":"2024-02-07T18:46:14","slug":"acesso-a-pelotas","status":"publish","type":"page","link":"https:\/\/wp.ufpel.edu.br\/legadolaclau\/informacoes-uteis-2\/acesso-a-pelotas\/","title":{"rendered":"Acesso \u00e0 Pelotas"},"content":{"rendered":"<p style=\"text-align: justify;\">Pelotas \u00e9 uma cidade situada a 271 quil\u00f4metros ao sul de Porto Alegre. O acesso a ela pode se dar via \u00f4nibus ou avi\u00e3o. A Empresa Expresso Embaixador, respons\u00e1vel pelo transporte terrestre de passageiros, normalmente disponibiliza \u00f4nibus no intervalo de uma hora e o valor da passagem varia entre R$97,05 a R$120,75. As passagens podem ser adquiridas diretamente na rodovi\u00e1ria ou podem ser compradas antecipadamente no site da empresa:<br \/>\n<a href=\"https:\/\/www.expressoembaixador.com.br\/busca-de-horarios\">https:\/\/www.expressoembaixador.com.br\/busca-de-horarios<\/a><\/p>\n<p style=\"text-align: justify;\">A\u00a0 Azul, empresa de transportes a\u00e9reos, disponibiliza viagens a\u00e9reas di\u00e1rias entre S\u00e3o Paulo \/ Porto Alegre \/ Pelotas, assim como a empresa Gol disponibiliza voos entre S\u00e3o Paulo \/ Pelotas. Os valores da passagem variam de acordo com a demanda por clientes e normalmente partem no come\u00e7o da tarde. Para maiores informa\u00e7\u00f5es e para comprar a passagem, acesse: <a href=\"https:\/\/www.voeazul.com.br\/\">https:\/\/www.voeazul.com.br\/<\/a> e <a href=\"https:\/\/www.voegol.com.br\/\">https:\/\/www.voegol.com.br\/<\/a>.<\/p>\n","protected":false},"excerpt":{"rendered":"<p>Pelotas \u00e9 uma cidade situada a 271 quil\u00f4metros ao sul de Porto Alegre. O acesso a ela pode se dar via \u00f4nibus ou avi\u00e3o. A Empresa Expresso Embaixador, respons\u00e1vel pelo transporte terrestre de passageiros, normalmente disponibiliza \u00f4nibus no intervalo de uma hora e o valor da passagem varia entre R$97,05 a R$120,75. As passagens podem &hellip; <a href=\"https:\/\/wp.ufpel.edu.br\/legadolaclau\/informacoes-uteis-2\/acesso-a-pelotas\/\" class=\"more-link\">Continue lendo <span class=\"screen-reader-text\">Acesso \u00e0 Pelotas<\/span> <span class=\"meta-nav\">&rarr;<\/span><\/a><\/p>\n","protected":false},"author":528,"featured_media":2245,"parent":1526,"menu_order":0,"comment_status":"closed","ping_status":"closed","template":"","meta":{"jetpack_post_was_ever_published":false,"footnotes":""},"class_list":["post-1546","page","type-page","status-publish","has-post-thumbnail","hentry"],"jetpack_sharing_enabled":true,"jetpack_shortlink":"https:\/\/wp.me\/P8yPuk-oW","jetpack_likes_enabled":true,"publishpress_future_action":{"enabled":false,"date":"2026-05-05 17:30:38","action":"change-status","newStatus":"draft","terms":[],"taxonomy":"","extraData":[]},"publishpress_future_workflow_manual_trigger":{"enabledWorkflows":[]},"_links":{"self":[{"href":"https:\/\/wp.ufpel.edu.br\/legadolaclau\/wp-json\/wp\/v2\/pages\/1546","targetHints":{"allow":["GET"]}}],"collection":[{"href":"https:\/\/wp.ufpel.edu.br\/legadolaclau\/wp-json\/wp\/v2\/pages"}],"about":[{"href":"https:\/\/wp.ufpel.edu.br\/legadolaclau\/wp-json\/wp\/v2\/types\/page"}],"author":[{"embeddable":true,"href":"https:\/\/wp.ufpel.edu.br\/legadolaclau\/wp-json\/wp\/v2\/users\/528"}],"replies":[{"embeddable":true,"href":"https:\/\/wp.ufpel.edu.br\/legadolaclau\/wp-json\/wp\/v2\/comments?post=1546"}],"version-history":[{"count":7,"href":"https:\/\/wp.ufpel.edu.br\/legadolaclau\/wp-json\/wp\/v2\/pages\/1546\/revisions"}],"predecessor-version":[{"id":2248,"href":"https:\/\/wp.ufpel.edu.br\/legadolaclau\/wp-json\/wp\/v2\/pages\/1546\/revisions\/2248"}],"up":[{"embeddable":true,"href":"https:\/\/wp.ufpel.edu.br\/legadolaclau\/wp-json\/wp\/v2\/pages\/1526"}],"wp:featuredmedia":[{"embeddable":true,"href":"https:\/\/wp.ufpel.edu.br\/legadolaclau\/wp-json\/wp\/v2\/media\/2245"}],"wp:attachment":[{"href":"https:\/\/wp.ufpel.edu.br\/legadolaclau\/wp-json\/wp\/v2\/media?parent=1546"}],"curies":[{"name":"wp","href":"https:\/\/api.w.org\/{rel}","templated":true}]}}