{"id":1526,"date":"2022-02-04T20:12:49","date_gmt":"2022-02-04T23:12:49","guid":{"rendered":"https:\/\/wp.ufpel.edu.br\/legadolaclau\/?page_id=1526"},"modified":"2022-08-21T17:27:31","modified_gmt":"2022-08-21T20:27:31","slug":"informacoes-uteis-2","status":"publish","type":"page","link":"https:\/\/wp.ufpel.edu.br\/legadolaclau\/informacoes-uteis-2\/","title":{"rendered":"Informa\u00e7\u00f5es \u00fateis"},"content":{"rendered":"<p><a href=\"https:\/\/wp.me\/P8yPuk-oW\">Acesso \u00e0 Pelotas<\/a><\/p>\n<p><a href=\"https:\/\/wp.me\/P8yPuk-oH\">Hospedagem<\/a><\/p>\n<p><a href=\"https:\/\/wp.me\/P8yPuk-p0\">Roteiro Gastron\u00f4mico<\/a><\/p>\n<p><a href=\"https:\/\/wp.ufpel.edu.br\/legadolaclau\/pt\/informacoes-uteis-2\/modelo-papers-iv-simposio\/\">Modelo para papers\u00a0<\/a><\/p>\n<p>&nbsp;<\/p>\n","protected":false},"excerpt":{"rendered":"<p>Acesso \u00e0 Pelotas Hospedagem Roteiro Gastron\u00f4mico Modelo para papers\u00a0 &nbsp;<\/p>\n","protected":false},"author":528,"featured_media":0,"parent":0,"menu_order":0,"comment_status":"closed","ping_status":"closed","template":"","meta":{"jetpack_post_was_ever_published":false,"footnotes":""},"class_list":["post-1526","page","type-page","status-publish","hentry"],"jetpack_sharing_enabled":true,"jetpack_shortlink":"https:\/\/wp.me\/P8yPuk-oC","jetpack_likes_enabled":true,"publishpress_future_action":{"enabled":false,"date":"2026-04-16 12:22:10","action":"change-status","newStatus":"draft","terms":[],"taxonomy":"","extraData":[]},"publishpress_future_workflow_manual_trigger":{"enabledWorkflows":[]},"_links":{"self":[{"href":"https:\/\/wp.ufpel.edu.br\/legadolaclau\/wp-json\/wp\/v2\/pages\/1526","targetHints":{"allow":["GET"]}}],"collection":[{"href":"https:\/\/wp.ufpel.edu.br\/legadolaclau\/wp-json\/wp\/v2\/pages"}],"about":[{"href":"https:\/\/wp.ufpel.edu.br\/legadolaclau\/wp-json\/wp\/v2\/types\/page"}],"author":[{"embeddable":true,"href":"https:\/\/wp.ufpel.edu.br\/legadolaclau\/wp-json\/wp\/v2\/users\/528"}],"replies":[{"embeddable":true,"href":"https:\/\/wp.ufpel.edu.br\/legadolaclau\/wp-json\/wp\/v2\/comments?post=1526"}],"version-history":[{"count":9,"href":"https:\/\/wp.ufpel.edu.br\/legadolaclau\/wp-json\/wp\/v2\/pages\/1526\/revisions"}],"predecessor-version":[{"id":1860,"href":"https:\/\/wp.ufpel.edu.br\/legadolaclau\/wp-json\/wp\/v2\/pages\/1526\/revisions\/1860"}],"wp:attachment":[{"href":"https:\/\/wp.ufpel.edu.br\/legadolaclau\/wp-json\/wp\/v2\/media?parent=1526"}],"curies":[{"name":"wp","href":"https:\/\/api.w.org\/{rel}","templated":true}]}}