{"id":1302,"date":"2019-06-20T14:43:28","date_gmt":"2019-06-20T17:43:28","guid":{"rendered":"https:\/\/wp.ufpel.edu.br\/legadolaclau\/?page_id=1302"},"modified":"2022-07-07T19:46:51","modified_gmt":"2022-07-07T22:46:51","slug":"gt-8-teoria-do-discurso-e-comportamento-dos-partidos-politicos","status":"publish","type":"page","link":"https:\/\/wp.ufpel.edu.br\/legadolaclau\/eventos-anteriores\/anais-do-simposio-pos-estruturalismo-e-teria-social-2019\/sumario\/gt-8-teoria-do-discurso-e-comportamento-dos-partidos-politicos\/","title":{"rendered":"GT 8 &#8211; Teoria do Discurso e Comportamento dos Partidos Pol\u00edticos"},"content":{"rendered":"<div>\n<p><strong>Coordena<span lang=\"PT-BR\">\u00e7\u00e3o<\/span>: A\u0302ngela Quintanilha Gomes <span lang=\"PT-BR\">(<\/span>UNIPAMPA<span lang=\"PT-BR\">), L<\/span>eti\u0301cia Baron <span lang=\"PT-BR\">(<\/span>UFPel<span lang=\"PT-BR\">) e <\/span>Sandra Barbosa Parzianello <span lang=\"PT-BR\">(<\/span>UFPel<span lang=\"PT-BR\">).<\/span><\/strong><\/p>\n<\/div>\n<p>Carolina dos Santos<br \/>\nO PSL em Projetos de Lei <a href=\"https:\/\/wp.ufpel.edu.br\/legadolaclau\/pt\/eventos-anteriores\/anais-do-simposio-pos-estruturalismo-e-teria-social-2019\/sumario\/gt-8-teoria-do-discurso-e-comportamento-dos-partidos-politicos\/artigo-santos-2\/\" rel=\"attachment wp-att-1386\">PDF<\/a><\/p>\n<p>Let\u00edcia Baron<br \/>\nO pensamento conservador na C\u00e2mara dos Deputados no contexto eleitoral de 2018 <a href=\"https:\/\/wp.ufpel.edu.br\/legadolaclau\/pt\/eventos-anteriores\/anais-do-simposio-pos-estruturalismo-e-teria-social-2019\/sumario\/gt-8-teoria-do-discurso-e-comportamento-dos-partidos-politicos\/artigo-baron\/\" rel=\"attachment wp-att-1387\">PDF<\/a><\/p>\n<p>Lucas Garcia da Silva<br \/>\nComportamento ideol\u00f3gico dos parlamentares peemedebistas em 2015 e 2016 <a href=\"https:\/\/wp.ufpel.edu.br\/legadolaclau\/pt\/eventos-anteriores\/anais-do-simposio-pos-estruturalismo-e-teria-social-2019\/sumario\/gt-8-teoria-do-discurso-e-comportamento-dos-partidos-politicos\/artigo-da-silva\/\" rel=\"attachment wp-att-1388\">PDF<\/a><\/p>\n<p>Sandra Barboza Parzianello<br \/>\nPelo antipetismo e pelo anti-conservadorismo: o discurso que significou \u00e0 polariza\u00e7\u00e3o<a href=\"https:\/\/wp.ufpel.edu.br\/legadolaclau\/pt\/eventos-anteriores\/anais-do-simposio-pos-estruturalismo-e-teria-social-2019\/sumario\/gt-8-teoria-do-discurso-e-comportamento-dos-partidos-politicos\/artigo-parzianello\/\" rel=\"attachment wp-att-1389\">PDF<\/a><\/p>\n","protected":false},"excerpt":{"rendered":"<p>Coordena\u00e7\u00e3o: A\u0302ngela Quintanilha Gomes (UNIPAMPA), Leti\u0301cia Baron (UFPel) e Sandra Barbosa Parzianello (UFPel). Carolina dos Santos O PSL em Projetos de Lei PDF Let\u00edcia Baron O pensamento conservador na C\u00e2mara dos Deputados no contexto eleitoral de 2018 PDF Lucas Garcia da Silva Comportamento ideol\u00f3gico dos parlamentares peemedebistas em 2015 e 2016 PDF Sandra Barboza Parzianello &hellip; <a href=\"https:\/\/wp.ufpel.edu.br\/legadolaclau\/eventos-anteriores\/anais-do-simposio-pos-estruturalismo-e-teria-social-2019\/sumario\/gt-8-teoria-do-discurso-e-comportamento-dos-partidos-politicos\/\" class=\"more-link\">Continue lendo <span class=\"screen-reader-text\">GT 8 &#8211; Teoria do Discurso e Comportamento dos Partidos Pol\u00edticos<\/span> <span class=\"meta-nav\">&rarr;<\/span><\/a><\/p>\n","protected":false},"author":528,"featured_media":0,"parent":1269,"menu_order":0,"comment_status":"closed","ping_status":"closed","template":"","meta":{"jetpack_post_was_ever_published":false,"footnotes":""},"class_list":["post-1302","page","type-page","status-publish","hentry"],"jetpack_sharing_enabled":true,"jetpack_shortlink":"https:\/\/wp.me\/P8yPuk-l0","jetpack_likes_enabled":true,"publishpress_future_action":{"enabled":false,"date":"2026-04-15 15:06:44","action":"change-status","newStatus":"draft","terms":[],"taxonomy":"","extraData":[]},"publishpress_future_workflow_manual_trigger":{"enabledWorkflows":[]},"_links":{"self":[{"href":"https:\/\/wp.ufpel.edu.br\/legadolaclau\/wp-json\/wp\/v2\/pages\/1302","targetHints":{"allow":["GET"]}}],"collection":[{"href":"https:\/\/wp.ufpel.edu.br\/legadolaclau\/wp-json\/wp\/v2\/pages"}],"about":[{"href":"https:\/\/wp.ufpel.edu.br\/legadolaclau\/wp-json\/wp\/v2\/types\/page"}],"author":[{"embeddable":true,"href":"https:\/\/wp.ufpel.edu.br\/legadolaclau\/wp-json\/wp\/v2\/users\/528"}],"replies":[{"embeddable":true,"href":"https:\/\/wp.ufpel.edu.br\/legadolaclau\/wp-json\/wp\/v2\/comments?post=1302"}],"version-history":[{"count":5,"href":"https:\/\/wp.ufpel.edu.br\/legadolaclau\/wp-json\/wp\/v2\/pages\/1302\/revisions"}],"predecessor-version":[{"id":1842,"href":"https:\/\/wp.ufpel.edu.br\/legadolaclau\/wp-json\/wp\/v2\/pages\/1302\/revisions\/1842"}],"up":[{"embeddable":true,"href":"https:\/\/wp.ufpel.edu.br\/legadolaclau\/wp-json\/wp\/v2\/pages\/1269"}],"wp:attachment":[{"href":"https:\/\/wp.ufpel.edu.br\/legadolaclau\/wp-json\/wp\/v2\/media?parent=1302"}],"curies":[{"name":"wp","href":"https:\/\/api.w.org\/{rel}","templated":true}]}}