{"id":1297,"date":"2019-06-20T14:41:56","date_gmt":"2019-06-20T17:41:56","guid":{"rendered":"https:\/\/wp.ufpel.edu.br\/legadolaclau\/?page_id=1297"},"modified":"2022-07-07T19:45:47","modified_gmt":"2022-07-07T22:45:47","slug":"gt-7-teoria-do-discurso-e-a-pesquisa-em-educacao","status":"publish","type":"page","link":"https:\/\/wp.ufpel.edu.br\/legadolaclau\/eventos-anteriores\/anais-do-simposio-pos-estruturalismo-e-teria-social-2019\/sumario\/gt-7-teoria-do-discurso-e-a-pesquisa-em-educacao\/","title":{"rendered":"GT 7 &#8211; Teoria do Discurso e a Pesquisa em Educa\u00e7\u00e3o"},"content":{"rendered":"<div>\n<p><strong>Coordena<span lang=\"PT-BR\">\u00e7\u00e3o<\/span>: E\u0301rika Virgi\u0301lio Rodrigues da Cunha <span lang=\"PT-BR\">(<\/span>UFMT<span lang=\"PT-BR\">), <\/span>Hugo Heleno Camilo Costa <span lang=\"PT-BR\">(<\/span>UFMT<span lang=\"PT-BR\">) e <\/span>Talita Vidal Pereira <span lang=\"PT-BR\">(<\/span>UERJ<span lang=\"PT-BR\">).<\/span><\/strong><\/p>\n<\/div>\n<p>Cristiane Gon\u00e7alves de Souza<br \/>\nMovimentos Sociais, suas demandas e articula\u00e7\u00e3o pol\u00edtica nas pol\u00edticas de curr\u00edculo promovidas pela SECAD\/MEC Brasil (2003-2010) <a href=\"https:\/\/wp.ufpel.edu.br\/legadolaclau\/pt\/eventos-anteriores\/anais-do-simposio-pos-estruturalismo-e-teria-social-2019\/sumario\/gt-7-teoria-do-discurso-e-a-pesquisa-em-educacao\/artigo-souza\/\" rel=\"attachment wp-att-1373\">PDF<\/a><\/p>\n<p>Nadja Polyana Felizola Cabete<br \/>\nFinalidades da forma\u00e7\u00e3o do engenheiro: sentidos que perpassam o significante mercado <a href=\"https:\/\/wp.ufpel.edu.br\/legadolaclau\/pt\/eventos-anteriores\/anais-do-simposio-pos-estruturalismo-e-teria-social-2019\/sumario\/gt-7-teoria-do-discurso-e-a-pesquisa-em-educacao\/artigo-cabete\/\" rel=\"attachment wp-att-1374\">PDF<\/a><\/p>\n<p>Thais de S. Dias da Rosa<br \/>\nDiscursos sobre a profissionaliza\u00e7\u00e3o docente mobilizando textos pol\u00edticos na Ibero-am\u00e9rica <a href=\"https:\/\/wp.ufpel.edu.br\/legadolaclau\/pt\/eventos-anteriores\/anais-do-simposio-pos-estruturalismo-e-teria-social-2019\/sumario\/gt-7-teoria-do-discurso-e-a-pesquisa-em-educacao\/artigo-rosa\/\" rel=\"attachment wp-att-1376\">PDF<\/a><\/p>\n<p>Marize Peixoto da Silva Figueiredo<br \/>\nSentidos de professor nas pol\u00edticas de forma\u00e7\u00e3o continuada para a alfabetiza\u00e7\u00e3o: o contexto discursivo de sua emerg\u00eancia <a href=\"https:\/\/wp.ufpel.edu.br\/legadolaclau\/pt\/eventos-anteriores\/anais-do-simposio-pos-estruturalismo-e-teria-social-2019\/sumario\/gt-7-teoria-do-discurso-e-a-pesquisa-em-educacao\/artigo-figueiredo\/\" rel=\"attachment wp-att-1375\">PDF<\/a><\/p>\n<p>Gilberto Moreira; Gustavo Gilson de Souza Oliveira<br \/>\nSER, QUERER SER, PODER SER; MERECER: educa\u00e7\u00e3o (n\u00e3o) escolar e subjetividade sob a \u00f3tica da teoria p\u00f3s-estruturalista do discurso <a href=\"https:\/\/wp.ufpel.edu.br\/legadolaclau\/pt\/eventos-anteriores\/anais-do-simposio-pos-estruturalismo-e-teria-social-2019\/sumario\/gt-7-teoria-do-discurso-e-a-pesquisa-em-educacao\/artigo-moreira-e-oliveira\/\" rel=\"attachment wp-att-1378\">PDF<\/a><\/p>\n<p>Lhays Marinho da Concei\u00e7\u00e3o Ferreira de Lima<br \/>\nO significante \u201cqualidade\u201d no Guia de Tecnologias Educacionais do MEC <a href=\"https:\/\/wp.ufpel.edu.br\/legadolaclau\/pt\/eventos-anteriores\/anais-do-simposio-pos-estruturalismo-e-teria-social-2019\/sumario\/gt-7-teoria-do-discurso-e-a-pesquisa-em-educacao\/artigo-ferreira\/\" rel=\"attachment wp-att-1379\">PDF<\/a><\/p>\n<p>Paula Eduarda das Dores de Souza Lima<br \/>\nDiscursos como propagadores de pol\u00edticas curriculares para a doc\u00eancia na Ibero-Am\u00e9rica <a href=\"https:\/\/wp.ufpel.edu.br\/legadolaclau\/pt\/eventos-anteriores\/anais-do-simposio-pos-estruturalismo-e-teria-social-2019\/sumario\/gt-7-teoria-do-discurso-e-a-pesquisa-em-educacao\/artigo-lima\/\" rel=\"attachment wp-att-1380\">PDF<\/a><\/p>\n<p>Denise de Souza Destro<br \/>\nArticula\u00e7\u00f5es em torno da Educa\u00e7\u00e3o F\u00edsica no Ensino M\u00e9dio: reflex\u00f5es a partir da MP n\u00ba 746\/2016 <a href=\"https:\/\/wp.ufpel.edu.br\/legadolaclau\/pt\/eventos-anteriores\/anais-do-simposio-pos-estruturalismo-e-teria-social-2019\/sumario\/gt-7-teoria-do-discurso-e-a-pesquisa-em-educacao\/artigo-destro-revisto\/\" rel=\"attachment wp-att-1381\">PDF<\/a><\/p>\n<p>Marcia Bet\u00e2nia de Oliveira<br \/>\nPesquisas em educa\u00e7\u00e3o na perspectiva da Teoria do Discurso: pol\u00edticas de curr\u00edculo, diferen\u00e7as e forma\u00e7\u00e3o docente em foco <a href=\"https:\/\/wp.ufpel.edu.br\/legadolaclau\/pt\/eventos-anteriores\/anais-do-simposio-pos-estruturalismo-e-teria-social-2019\/sumario\/gt-7-teoria-do-discurso-e-a-pesquisa-em-educacao\/2-artigo-oliveira\/\" rel=\"attachment wp-att-1382\">PDF<\/a><\/p>\n<p>Carmen Teresa Gabriel; Marcus Leonardo Bonfim Martins<br \/>\nArticula\u00e7\u00f5es discursivas em torno do significante comum na agenda pol\u00edtica educacional contempor\u00e2nea <a href=\"https:\/\/wp.ufpel.edu.br\/legadolaclau\/pt\/eventos-anteriores\/anais-do-simposio-pos-estruturalismo-e-teria-social-2019\/sumario\/gt-7-teoria-do-discurso-e-a-pesquisa-em-educacao\/artigo-gabriel-e-martins\/\" rel=\"attachment wp-att-1383\">PDF<\/a><\/p>\n<p>&nbsp;<\/p>\n<p>&nbsp;<\/p>\n","protected":false},"excerpt":{"rendered":"<p>Coordena\u00e7\u00e3o: E\u0301rika Virgi\u0301lio Rodrigues da Cunha (UFMT), Hugo Heleno Camilo Costa (UFMT) e Talita Vidal Pereira (UERJ). Cristiane Gon\u00e7alves de Souza Movimentos Sociais, suas demandas e articula\u00e7\u00e3o pol\u00edtica nas pol\u00edticas de curr\u00edculo promovidas pela SECAD\/MEC Brasil (2003-2010) PDF Nadja Polyana Felizola Cabete Finalidades da forma\u00e7\u00e3o do engenheiro: sentidos que perpassam o significante mercado PDF Thais &hellip; <a href=\"https:\/\/wp.ufpel.edu.br\/legadolaclau\/eventos-anteriores\/anais-do-simposio-pos-estruturalismo-e-teria-social-2019\/sumario\/gt-7-teoria-do-discurso-e-a-pesquisa-em-educacao\/\" class=\"more-link\">Continue lendo <span class=\"screen-reader-text\">GT 7 &#8211; Teoria do Discurso e a Pesquisa em Educa\u00e7\u00e3o<\/span> <span class=\"meta-nav\">&rarr;<\/span><\/a><\/p>\n","protected":false},"author":528,"featured_media":0,"parent":1269,"menu_order":0,"comment_status":"closed","ping_status":"closed","template":"","meta":{"jetpack_post_was_ever_published":false,"footnotes":""},"class_list":["post-1297","page","type-page","status-publish","hentry"],"jetpack_sharing_enabled":true,"jetpack_shortlink":"https:\/\/wp.me\/P8yPuk-kV","jetpack_likes_enabled":true,"publishpress_future_action":{"enabled":false,"date":"2026-04-22 20:20:45","action":"change-status","newStatus":"draft","terms":[],"taxonomy":"","extraData":[]},"publishpress_future_workflow_manual_trigger":{"enabledWorkflows":[]},"_links":{"self":[{"href":"https:\/\/wp.ufpel.edu.br\/legadolaclau\/wp-json\/wp\/v2\/pages\/1297","targetHints":{"allow":["GET"]}}],"collection":[{"href":"https:\/\/wp.ufpel.edu.br\/legadolaclau\/wp-json\/wp\/v2\/pages"}],"about":[{"href":"https:\/\/wp.ufpel.edu.br\/legadolaclau\/wp-json\/wp\/v2\/types\/page"}],"author":[{"embeddable":true,"href":"https:\/\/wp.ufpel.edu.br\/legadolaclau\/wp-json\/wp\/v2\/users\/528"}],"replies":[{"embeddable":true,"href":"https:\/\/wp.ufpel.edu.br\/legadolaclau\/wp-json\/wp\/v2\/comments?post=1297"}],"version-history":[{"count":6,"href":"https:\/\/wp.ufpel.edu.br\/legadolaclau\/wp-json\/wp\/v2\/pages\/1297\/revisions"}],"predecessor-version":[{"id":1841,"href":"https:\/\/wp.ufpel.edu.br\/legadolaclau\/wp-json\/wp\/v2\/pages\/1297\/revisions\/1841"}],"up":[{"embeddable":true,"href":"https:\/\/wp.ufpel.edu.br\/legadolaclau\/wp-json\/wp\/v2\/pages\/1269"}],"wp:attachment":[{"href":"https:\/\/wp.ufpel.edu.br\/legadolaclau\/wp-json\/wp\/v2\/media?parent=1297"}],"curies":[{"name":"wp","href":"https:\/\/api.w.org\/{rel}","templated":true}]}}