{"id":1294,"date":"2019-06-20T14:40:48","date_gmt":"2019-06-20T17:40:48","guid":{"rendered":"https:\/\/wp.ufpel.edu.br\/legadolaclau\/?page_id=1294"},"modified":"2022-07-07T19:52:55","modified_gmt":"2022-07-07T22:52:55","slug":"gt-6-teoria-do-discurso-de-ernesto-laclau-e-transdisciplinaridade","status":"publish","type":"page","link":"https:\/\/wp.ufpel.edu.br\/legadolaclau\/eventos-anteriores\/anais-do-simposio-pos-estruturalismo-e-teria-social-2019\/sumario\/gt-6-teoria-do-discurso-de-ernesto-laclau-e-transdisciplinaridade\/","title":{"rendered":"GT 6 &#8211; Teoria do Discurso de Ernesto Laclau e transdisciplinaridade"},"content":{"rendered":"<div>\n<p><strong>Coordena<span lang=\"PT-BR\">\u00e7\u00e3o<\/span>: Nadir Lara Junior <span lang=\"PT-BR\">(<\/span>UNICENTRO<span lang=\"PT-BR\">) e <\/span>Andre\u0301 Urban Kist (Unisinos)<span lang=\"PT-BR\">.<\/span><\/strong><\/p>\n<\/div>\n<p>Juliana Diniz Gutierres Borges<br \/>\nA crian\u00e7a como significante vazio no curso de pedagogia <a href=\"https:\/\/wp.ufpel.edu.br\/legadolaclau\/pt\/eventos-anteriores\/anais-do-simposio-pos-estruturalismo-e-teria-social-2019\/sumario\/gt-6-teoria-do-discurso-de-ernesto-laclau-e-transdisciplinaridade\/artigo-gutierres-borges\/\" rel=\"attachment wp-att-1363\">PDF<\/a><\/p>\n<p>Anna Cl\u00e1udia Campos e Santos; Acr\u00edsio Pereira Victorino<br \/>\nUma an\u00e1lise discursiva em torno do Programa Nacional de Fortalecimento da Agricultura Familiar (Pronaf) <a href=\"https:\/\/wp.ufpel.edu.br\/legadolaclau\/pt\/eventos-anteriores\/anais-do-simposio-pos-estruturalismo-e-teria-social-2019\/sumario\/gt-6-teoria-do-discurso-de-ernesto-laclau-e-transdisciplinaridade\/artigo-santos-e-victorino\/\" rel=\"attachment wp-att-1365\">PDF<\/a><\/p>\n<p>Hermes Corr\u00eaa Dode J\u00fanior<br \/>\nA quest\u00e3o da imigra\u00e7\u00e3o a partir de uma perspectiva p\u00f3s-fundacional: um estudo sobre o caso brasileiro <a href=\"https:\/\/wp.ufpel.edu.br\/legadolaclau\/pt\/eventos-anteriores\/anais-do-simposio-pos-estruturalismo-e-teria-social-2019\/sumario\/gt-6-teoria-do-discurso-de-ernesto-laclau-e-transdisciplinaridade\/artigo-dode\/\" rel=\"attachment wp-att-1366\">PDF<\/a><\/p>\n<p>Felipe Corral de Freitas<br \/>\nTeoria e An\u00e1lise de Discurso a partir de Laclau e Mouffe: (re)pensando a metodologia no campo da ci\u00eancia pol\u00edtica <a href=\"https:\/\/wp.ufpel.edu.br\/legadolaclau\/pt\/eventos-anteriores\/anais-do-simposio-pos-estruturalismo-e-teria-social-2019\/sumario\/gt-6-teoria-do-discurso-de-ernesto-laclau-e-transdisciplinaridade\/artigo-freitas\/\" rel=\"attachment wp-att-1367\">PDF<\/a><\/p>\n<p>Andr\u00e9 Urban Kist<br \/>\nRevolu\u00e7\u00e3o e discurso: uma apresenta\u00e7\u00e3o de conceitos metodol\u00f3gicos de an\u00e1lise do discurso <a href=\"https:\/\/wp.ufpel.edu.br\/legadolaclau\/pt\/eventos-anteriores\/anais-do-simposio-pos-estruturalismo-e-teria-social-2019\/sumario\/gt-6-teoria-do-discurso-de-ernesto-laclau-e-transdisciplinaridade\/artigo-kist\/\" rel=\"attachment wp-att-1368\">PDF<\/a><\/p>\n<p>Ana Carolina Dias Silva; Jacqueline de Oliveira Moreira<br \/>\nPsican\u00e1lise e Pol\u00edtica: uma leitura da heterogeneidade social a partir de <i>das Ding<\/i> freudiana <a href=\"https:\/\/wp.ufpel.edu.br\/legadolaclau\/pt\/eventos-anteriores\/anais-do-simposio-pos-estruturalismo-e-teria-social-2019\/sumario\/gt-6-teoria-do-discurso-de-ernesto-laclau-e-transdisciplinaridade\/artigo-silva-e-moreira-2\/\" rel=\"attachment wp-att-1369\">PDF<\/a><\/p>\n<p>Nadir Lara Junior; Felipe Tadeu Belitz Ruiz<br \/>\nPossibilidades de articula\u00e7\u00e3o entre os conceitos de hegemonia e Lugar Prescritivo <a href=\"https:\/\/wp.ufpel.edu.br\/legadolaclau\/pt\/eventos-anteriores\/anais-do-simposio-pos-estruturalismo-e-teria-social-2019\/sumario\/gt-6-teoria-do-discurso-de-ernesto-laclau-e-transdisciplinaridade\/artigo-lara-junior-e-ruiz\/\" rel=\"attachment wp-att-1370\">PDF<\/a><\/p>\n<p>&nbsp;<\/p>\n","protected":false},"excerpt":{"rendered":"<p>Coordena\u00e7\u00e3o: Nadir Lara Junior (UNICENTRO) e Andre\u0301 Urban Kist (Unisinos). Juliana Diniz Gutierres Borges A crian\u00e7a como significante vazio no curso de pedagogia PDF Anna Cl\u00e1udia Campos e Santos; Acr\u00edsio Pereira Victorino Uma an\u00e1lise discursiva em torno do Programa Nacional de Fortalecimento da Agricultura Familiar (Pronaf) PDF Hermes Corr\u00eaa Dode J\u00fanior A quest\u00e3o da imigra\u00e7\u00e3o &hellip; <a href=\"https:\/\/wp.ufpel.edu.br\/legadolaclau\/eventos-anteriores\/anais-do-simposio-pos-estruturalismo-e-teria-social-2019\/sumario\/gt-6-teoria-do-discurso-de-ernesto-laclau-e-transdisciplinaridade\/\" class=\"more-link\">Continue lendo <span class=\"screen-reader-text\">GT 6 &#8211; Teoria do Discurso de Ernesto Laclau e transdisciplinaridade<\/span> <span class=\"meta-nav\">&rarr;<\/span><\/a><\/p>\n","protected":false},"author":528,"featured_media":0,"parent":1269,"menu_order":0,"comment_status":"closed","ping_status":"closed","template":"","meta":{"jetpack_post_was_ever_published":false,"footnotes":""},"class_list":["post-1294","page","type-page","status-publish","hentry"],"jetpack_sharing_enabled":true,"jetpack_shortlink":"https:\/\/wp.me\/P8yPuk-kS","jetpack_likes_enabled":true,"publishpress_future_action":{"enabled":false,"date":"2026-04-15 15:06:38","action":"change-status","newStatus":"draft","terms":[],"taxonomy":"","extraData":[]},"publishpress_future_workflow_manual_trigger":{"enabledWorkflows":[]},"_links":{"self":[{"href":"https:\/\/wp.ufpel.edu.br\/legadolaclau\/wp-json\/wp\/v2\/pages\/1294","targetHints":{"allow":["GET"]}}],"collection":[{"href":"https:\/\/wp.ufpel.edu.br\/legadolaclau\/wp-json\/wp\/v2\/pages"}],"about":[{"href":"https:\/\/wp.ufpel.edu.br\/legadolaclau\/wp-json\/wp\/v2\/types\/page"}],"author":[{"embeddable":true,"href":"https:\/\/wp.ufpel.edu.br\/legadolaclau\/wp-json\/wp\/v2\/users\/528"}],"replies":[{"embeddable":true,"href":"https:\/\/wp.ufpel.edu.br\/legadolaclau\/wp-json\/wp\/v2\/comments?post=1294"}],"version-history":[{"count":6,"href":"https:\/\/wp.ufpel.edu.br\/legadolaclau\/wp-json\/wp\/v2\/pages\/1294\/revisions"}],"predecessor-version":[{"id":1843,"href":"https:\/\/wp.ufpel.edu.br\/legadolaclau\/wp-json\/wp\/v2\/pages\/1294\/revisions\/1843"}],"up":[{"embeddable":true,"href":"https:\/\/wp.ufpel.edu.br\/legadolaclau\/wp-json\/wp\/v2\/pages\/1269"}],"wp:attachment":[{"href":"https:\/\/wp.ufpel.edu.br\/legadolaclau\/wp-json\/wp\/v2\/media?parent=1294"}],"curies":[{"name":"wp","href":"https:\/\/api.w.org\/{rel}","templated":true}]}}