{"id":1289,"date":"2019-06-20T14:38:56","date_gmt":"2019-06-20T17:38:56","guid":{"rendered":"https:\/\/wp.ufpel.edu.br\/legadolaclau\/?page_id=1289"},"modified":"2022-07-07T19:44:29","modified_gmt":"2022-07-07T22:44:29","slug":"gt-5-pos-democracia-neoliberalismo-e-autoritarismo-no-seculo-xxi","status":"publish","type":"page","link":"https:\/\/wp.ufpel.edu.br\/legadolaclau\/eventos-anteriores\/anais-do-simposio-pos-estruturalismo-e-teria-social-2019\/sumario\/gt-5-pos-democracia-neoliberalismo-e-autoritarismo-no-seculo-xxi\/","title":{"rendered":"GT 5 &#8211; P\u00f3s-democracia, neoliberalismo e autoritarismo no s\u00e9culo XXI"},"content":{"rendered":"<div>\n<p><strong>Coordena<span lang=\"PT-BR\">\u00e7\u00e3o<\/span>: Luciana Ballestrin <span lang=\"PT-BR\">(<\/span>UFPel<span lang=\"PT-BR\">) e <\/span>Cristiano Engelke <span lang=\"PT-BR\">(<\/span>FURG<span lang=\"PT-BR\">).<\/span><\/strong><\/p>\n<\/div>\n<p>Tainah Pereira<br \/>\nHeteronomia, Estados desenvolvimentistas africanos e o trabalho de morte neoliberal <a href=\"https:\/\/wp.ufpel.edu.br\/legadolaclau\/pt\/eventos-anteriores\/anais-do-simposio-pos-estruturalismo-e-teria-social-2019\/sumario\/gt-5-pos-democracia-neoliberalismo-e-autoritarismo-no-seculo-xxi\/artigo-pereira\/\" rel=\"attachment wp-att-1349\">PDF<\/a><\/p>\n<p>Pedro Henrique Silva de Oliveira; Yndira Coelho Soares<br \/>\nNeoliberalismo e Militarismo: a viol\u00eancia como produto na pol\u00edtica de mercado <a href=\"https:\/\/wp.ufpel.edu.br\/legadolaclau\/pt\/eventos-anteriores\/anais-do-simposio-pos-estruturalismo-e-teria-social-2019\/sumario\/gt-5-pos-democracia-neoliberalismo-e-autoritarismo-no-seculo-xxi\/artigo-oliveira-e-soares\/\" rel=\"attachment wp-att-1351\">PDF<\/a><\/p>\n<p>Erick Kayser<br \/>\nCapitalismo e democracia em uma temporalidade neoliberal <a href=\"https:\/\/wp.ufpel.edu.br\/legadolaclau\/pt\/eventos-anteriores\/anais-do-simposio-pos-estruturalismo-e-teria-social-2019\/sumario\/gt-5-pos-democracia-neoliberalismo-e-autoritarismo-no-seculo-xxi\/artigo-kayser\/\" rel=\"attachment wp-att-1352\">PDF<\/a><\/p>\n<p>Horacio Rodrigo Souza Rodrigues; Carlos Roberto da Silva Machado<br \/>\nA nova raz\u00e3o do mundo: neoliberalismo fascista e fundamentalista <a href=\"https:\/\/wp.ufpel.edu.br\/legadolaclau\/pt\/eventos-anteriores\/anais-do-simposio-pos-estruturalismo-e-teria-social-2019\/sumario\/gt-5-pos-democracia-neoliberalismo-e-autoritarismo-no-seculo-xxi\/artigo-rodrigues-e-machado\/\" rel=\"attachment wp-att-1353\">PDF<\/a><\/p>\n<p>Rafael Rezende<br \/>\nNeoliberalismo sem amarras: povo e soberania popular no Brasil contempor\u00e2neo <a href=\"https:\/\/wp.ufpel.edu.br\/legadolaclau\/pt\/eventos-anteriores\/anais-do-simposio-pos-estruturalismo-e-teria-social-2019\/sumario\/gt-5-pos-democracia-neoliberalismo-e-autoritarismo-no-seculo-xxi\/artigo-rezende\/\" rel=\"attachment wp-att-1354\">PDF<\/a><\/p>\n<p>Nilton Sainz<br \/>\nDiscursos, redes sociais e neoliberalismo: an\u00e1lise do partido NOVO na campanha presidencial de 2018 <a href=\"https:\/\/wp.ufpel.edu.br\/legadolaclau\/pt\/eventos-anteriores\/anais-do-simposio-pos-estruturalismo-e-teria-social-2019\/sumario\/gt-5-pos-democracia-neoliberalismo-e-autoritarismo-no-seculo-xxi\/artigo-sainz-nilton-gt-5\/\" rel=\"attachment wp-att-1355\">PDF<\/a><\/p>\n<p>Rayani Mariano dos Santos<br \/>\nPensando a fam\u00edlia como um dos pontos de intersec\u00e7\u00e3o entre o neoliberalismo e o conservadorismo <a href=\"https:\/\/wp.ufpel.edu.br\/legadolaclau\/pt\/eventos-anteriores\/anais-do-simposio-pos-estruturalismo-e-teria-social-2019\/sumario\/gt-5-pos-democracia-neoliberalismo-e-autoritarismo-no-seculo-xxi\/artigo-santos\/\" rel=\"attachment wp-att-1356\">PDF<\/a><\/p>\n<p>Paulo C\u00e9sar Neves Barboza<br \/>\nDemocracia, antagonismo e exce\u00e7\u00e3o: possibilidades para an\u00e1lise das express\u00f5es do pol\u00edtico no jur\u00eddico <a href=\"https:\/\/wp.ufpel.edu.br\/legadolaclau\/pt\/eventos-anteriores\/anais-do-simposio-pos-estruturalismo-e-teria-social-2019\/sumario\/gt-5-pos-democracia-neoliberalismo-e-autoritarismo-no-seculo-xxi\/artigo-barboza-paulo-cesar-neves\/\" rel=\"attachment wp-att-1357\">PDF<\/a><\/p>\n<p>Val\u00e9ria Cabreira Cabrera<br \/>\nO Poder Judici\u00e1rio e a defesa dos direitos fundamentais hoje: apontamentos para uma agenda de pesquisa \u00a0<a href=\"https:\/\/wp.ufpel.edu.br\/legadolaclau\/pt\/eventos-anteriores\/anais-do-simposio-pos-estruturalismo-e-teria-social-2019\/sumario\/gt-5-pos-democracia-neoliberalismo-e-autoritarismo-no-seculo-xxi\/artigo-cabrera\/\" rel=\"attachment wp-att-1358\">PDF<\/a><\/p>\n<p>Rafael dos Reis Aguiar<br \/>\nA modernidade\/colonialidade e esquecimento: uma reflex\u00e3o sobre anistia brasileira e a ADPF 153\/2010 na constru\u00e7\u00e3o de uma mem\u00f3ria p\u00f3s-abissal <a href=\"https:\/\/wp.ufpel.edu.br\/legadolaclau\/pt\/eventos-anteriores\/anais-do-simposio-pos-estruturalismo-e-teria-social-2019\/sumario\/gt-5-pos-democracia-neoliberalismo-e-autoritarismo-no-seculo-xxi\/artigo-aguiar-convertido\/\" rel=\"attachment wp-att-1359\">PDF<\/a><\/p>\n<p>Rafael Vallad\u00e3o<br \/>\nPoss\u00edveis impactos da elei\u00e7\u00e3o de Jair Bolsonaro na educa\u00e7\u00e3o f\u00edsica brasileira <a href=\"https:\/\/wp.ufpel.edu.br\/legadolaclau\/pt\/eventos-anteriores\/anais-do-simposio-pos-estruturalismo-e-teria-social-2019\/sumario\/gt-5-pos-democracia-neoliberalismo-e-autoritarismo-no-seculo-xxi\/artigo-valladao\/\" rel=\"attachment wp-att-1360\">PDF<\/a><\/p>\n<p>Liana de Vargas Nunes Coll<br \/>\nUm governo dentro do governo: atua\u00e7\u00e3o da Comunitas em Pelotas (2013-2016)\u00a0<a href=\"https:\/\/wp.ufpel.edu.br\/legadolaclau\/pt\/eventos-anteriores\/anais-do-simposio-pos-estruturalismo-e-teria-social-2019\/sumario\/gt-5-pos-democracia-neoliberalismo-e-autoritarismo-no-seculo-xxi\/artigo-coll\/\" rel=\"attachment wp-att-1361\">PDF<\/a><\/p>\n<p>&nbsp;<\/p>\n","protected":false},"excerpt":{"rendered":"<p>Coordena\u00e7\u00e3o: Luciana Ballestrin (UFPel) e Cristiano Engelke (FURG). Tainah Pereira Heteronomia, Estados desenvolvimentistas africanos e o trabalho de morte neoliberal PDF Pedro Henrique Silva de Oliveira; Yndira Coelho Soares Neoliberalismo e Militarismo: a viol\u00eancia como produto na pol\u00edtica de mercado PDF Erick Kayser Capitalismo e democracia em uma temporalidade neoliberal PDF Horacio Rodrigo Souza Rodrigues; &hellip; <a href=\"https:\/\/wp.ufpel.edu.br\/legadolaclau\/eventos-anteriores\/anais-do-simposio-pos-estruturalismo-e-teria-social-2019\/sumario\/gt-5-pos-democracia-neoliberalismo-e-autoritarismo-no-seculo-xxi\/\" class=\"more-link\">Continue lendo <span class=\"screen-reader-text\">GT 5 &#8211; P\u00f3s-democracia, neoliberalismo e autoritarismo no s\u00e9culo XXI<\/span> <span class=\"meta-nav\">&rarr;<\/span><\/a><\/p>\n","protected":false},"author":528,"featured_media":0,"parent":1269,"menu_order":0,"comment_status":"closed","ping_status":"closed","template":"","meta":{"jetpack_post_was_ever_published":false,"footnotes":""},"class_list":["post-1289","page","type-page","status-publish","hentry"],"jetpack_sharing_enabled":true,"jetpack_shortlink":"https:\/\/wp.me\/P8yPuk-kN","jetpack_likes_enabled":true,"publishpress_future_action":{"enabled":false,"date":"2026-04-14 21:50:23","action":"change-status","newStatus":"draft","terms":[],"taxonomy":"","extraData":[]},"publishpress_future_workflow_manual_trigger":{"enabledWorkflows":[]},"_links":{"self":[{"href":"https:\/\/wp.ufpel.edu.br\/legadolaclau\/wp-json\/wp\/v2\/pages\/1289","targetHints":{"allow":["GET"]}}],"collection":[{"href":"https:\/\/wp.ufpel.edu.br\/legadolaclau\/wp-json\/wp\/v2\/pages"}],"about":[{"href":"https:\/\/wp.ufpel.edu.br\/legadolaclau\/wp-json\/wp\/v2\/types\/page"}],"author":[{"embeddable":true,"href":"https:\/\/wp.ufpel.edu.br\/legadolaclau\/wp-json\/wp\/v2\/users\/528"}],"replies":[{"embeddable":true,"href":"https:\/\/wp.ufpel.edu.br\/legadolaclau\/wp-json\/wp\/v2\/comments?post=1289"}],"version-history":[{"count":6,"href":"https:\/\/wp.ufpel.edu.br\/legadolaclau\/wp-json\/wp\/v2\/pages\/1289\/revisions"}],"predecessor-version":[{"id":1839,"href":"https:\/\/wp.ufpel.edu.br\/legadolaclau\/wp-json\/wp\/v2\/pages\/1289\/revisions\/1839"}],"up":[{"embeddable":true,"href":"https:\/\/wp.ufpel.edu.br\/legadolaclau\/wp-json\/wp\/v2\/pages\/1269"}],"wp:attachment":[{"href":"https:\/\/wp.ufpel.edu.br\/legadolaclau\/wp-json\/wp\/v2\/media?parent=1289"}],"curies":[{"name":"wp","href":"https:\/\/api.w.org\/{rel}","templated":true}]}}