{"id":1285,"date":"2019-06-20T14:37:59","date_gmt":"2019-06-20T17:37:59","guid":{"rendered":"https:\/\/wp.ufpel.edu.br\/legadolaclau\/?page_id=1285"},"modified":"2019-06-20T14:53:10","modified_gmt":"2019-06-20T17:53:10","slug":"gt-4-populismos-y-procesos-de-identificacion-politica-en-america-latina-en-los-siglos-xx-y-xxi","status":"publish","type":"page","link":"https:\/\/wp.ufpel.edu.br\/legadolaclau\/eventos-anteriores\/anais-do-simposio-pos-estruturalismo-e-teria-social-2019\/sumario\/gt-4-populismos-y-procesos-de-identificacion-politica-en-america-latina-en-los-siglos-xx-y-xxi\/","title":{"rendered":"GT 4 &#8211; Populismos y procesos de identificaci\u00f3n pol\u00edtica en Am\u00e9rica Latina en los siglos XX y XXI"},"content":{"rendered":"","protected":false},"excerpt":{"rendered":"","protected":false},"author":528,"featured_media":0,"parent":1269,"menu_order":0,"comment_status":"closed","ping_status":"closed","template":"","meta":{"jetpack_post_was_ever_published":false,"footnotes":""},"class_list":["post-1285","page","type-page","status-publish","hentry"],"jetpack_sharing_enabled":true,"jetpack_shortlink":"https:\/\/wp.me\/P8yPuk-kJ","jetpack_likes_enabled":true,"publishpress_future_action":{"enabled":false,"date":"2026-04-14 21:50:08","action":"change-status","newStatus":"draft","terms":[],"taxonomy":"","extraData":[]},"publishpress_future_workflow_manual_trigger":{"enabledWorkflows":[]},"_links":{"self":[{"href":"https:\/\/wp.ufpel.edu.br\/legadolaclau\/wp-json\/wp\/v2\/pages\/1285","targetHints":{"allow":["GET"]}}],"collection":[{"href":"https:\/\/wp.ufpel.edu.br\/legadolaclau\/wp-json\/wp\/v2\/pages"}],"about":[{"href":"https:\/\/wp.ufpel.edu.br\/legadolaclau\/wp-json\/wp\/v2\/types\/page"}],"author":[{"embeddable":true,"href":"https:\/\/wp.ufpel.edu.br\/legadolaclau\/wp-json\/wp\/v2\/users\/528"}],"replies":[{"embeddable":true,"href":"https:\/\/wp.ufpel.edu.br\/legadolaclau\/wp-json\/wp\/v2\/comments?post=1285"}],"version-history":[{"count":2,"href":"https:\/\/wp.ufpel.edu.br\/legadolaclau\/wp-json\/wp\/v2\/pages\/1285\/revisions"}],"predecessor-version":[{"id":1319,"href":"https:\/\/wp.ufpel.edu.br\/legadolaclau\/wp-json\/wp\/v2\/pages\/1285\/revisions\/1319"}],"up":[{"embeddable":true,"href":"https:\/\/wp.ufpel.edu.br\/legadolaclau\/wp-json\/wp\/v2\/pages\/1269"}],"wp:attachment":[{"href":"https:\/\/wp.ufpel.edu.br\/legadolaclau\/wp-json\/wp\/v2\/media?parent=1285"}],"curies":[{"name":"wp","href":"https:\/\/api.w.org\/{rel}","templated":true}]}}