{"id":1273,"date":"2019-06-20T14:33:44","date_gmt":"2019-06-20T17:33:44","guid":{"rendered":"https:\/\/wp.ufpel.edu.br\/legadolaclau\/?page_id=1273"},"modified":"2022-07-07T19:39:22","modified_gmt":"2022-07-07T22:39:22","slug":"gt-1-a-construcao-do-povo-como-sujeito-politico-e-o-risco-das-politicas-de-identidades","status":"publish","type":"page","link":"https:\/\/wp.ufpel.edu.br\/legadolaclau\/eventos-anteriores\/anais-do-simposio-pos-estruturalismo-e-teria-social-2019\/sumario\/gt-1-a-construcao-do-povo-como-sujeito-politico-e-o-risco-das-politicas-de-identidades\/","title":{"rendered":"GT 1 \u2013 A constru\u00e7\u00e3o do povo como sujeito pol\u00edtico e o risco das pol\u00edticas de identidades"},"content":{"rendered":"<div>\n<p><strong>Coordena<span lang=\"PT-BR\">\u00e7\u00e3o<\/span>: Frederico Alves Costa (UFAL<span lang=\"PT-BR\">), <\/span>Marco Aur\u00e9lio M\u00e1ximo Prado (UFMG<span lang=\"PT-BR\">) e <\/span>Frederico Viana Machado <span lang=\"PT-BR\">(<\/span>UFRGS<span lang=\"PT-BR\">)<\/span><\/strong><\/p>\n<\/div>\n<p>Leonardo Monteiro Crespo de Almeida<br \/>\nA democracia entre assemblage e populismo: William E. Connolly, Ernesto Laclau e a constru\u00e7\u00e3o das subjetividades coletivas na pol\u00edtica democr\u00e1tica <a href=\"https:\/\/wp.ufpel.edu.br\/legadolaclau\/pt\/eventos-anteriores\/anais-do-simposio-pos-estruturalismo-e-teria-social-2019\/sumario\/gt-1-a-construcao-do-povo-como-sujeito-politico-e-o-risco-das-politicas-de-identidades\/artigo-almeida\/\" rel=\"attachment wp-att-1328\">PDF<\/a><\/p>\n<p>Douglas Tom\u00e1cio Lopes Monteiro; Igor Ramon Lopes Monteiro<br \/>\nJacques Ranci\u00e8re, Igualdade e Democracia Radical: um paradoxo para a no\u00e7\u00e3o de povo e hegemonia\u00a0<a href=\"https:\/\/wp.ufpel.edu.br\/legadolaclau\/pt\/eventos-anteriores\/anais-do-simposio-pos-estruturalismo-e-teria-social-2019\/sumario\/gt-1-a-construcao-do-povo-como-sujeito-politico-e-o-risco-das-politicas-de-identidades\/artigo-tomacio-e-monteiro\/\" rel=\"attachment wp-att-1330\">PDF<\/a><\/p>\n<p>Paulo Henrique de Queiroz Nogueira; Shirley Aparecida de Miranda<br \/>\nP\u00f3s-estruturalismos e p\u00f3s-colonialismos: turbul\u00eancias nas pol\u00edticas de identidade <a href=\"https:\/\/wp.ufpel.edu.br\/legadolaclau\/pt\/eventos-anteriores\/anais-do-simposio-pos-estruturalismo-e-teria-social-2019\/sumario\/gt-1-a-construcao-do-povo-como-sujeito-politico-e-o-risco-das-politicas-de-identidades\/artigo-nogueira-e-miranda\/\" rel=\"attachment wp-att-1331\">PDF<\/a><\/p>\n<p>Ana Carolina Dias Silva; Jacqueline de Oliveira Moreira<br \/>\nJunho de 2013: uma fronteira imprecisa, a autonomia dos significantes e a ascens\u00e3o do conservadorismo brasileiro <a href=\"https:\/\/wp.ufpel.edu.br\/legadolaclau\/pt\/eventos-anteriores\/anais-do-simposio-pos-estruturalismo-e-teria-social-2019\/sumario\/gt-1-a-construcao-do-povo-como-sujeito-politico-e-o-risco-das-politicas-de-identidades\/artigo-silva-e-moreira\/\" rel=\"attachment wp-att-1332\">PDF<\/a><\/p>\n","protected":false},"excerpt":{"rendered":"<p>Coordena\u00e7\u00e3o: Frederico Alves Costa (UFAL), Marco Aur\u00e9lio M\u00e1ximo Prado (UFMG) e Frederico Viana Machado (UFRGS) Leonardo Monteiro Crespo de Almeida A democracia entre assemblage e populismo: William E. Connolly, Ernesto Laclau e a constru\u00e7\u00e3o das subjetividades coletivas na pol\u00edtica democr\u00e1tica PDF Douglas Tom\u00e1cio Lopes Monteiro; Igor Ramon Lopes Monteiro Jacques Ranci\u00e8re, Igualdade e Democracia Radical: &hellip; <a href=\"https:\/\/wp.ufpel.edu.br\/legadolaclau\/eventos-anteriores\/anais-do-simposio-pos-estruturalismo-e-teria-social-2019\/sumario\/gt-1-a-construcao-do-povo-como-sujeito-politico-e-o-risco-das-politicas-de-identidades\/\" class=\"more-link\">Continue lendo <span class=\"screen-reader-text\">GT 1 \u2013 A constru\u00e7\u00e3o do povo como sujeito pol\u00edtico e o risco das pol\u00edticas de identidades<\/span> <span class=\"meta-nav\">&rarr;<\/span><\/a><\/p>\n","protected":false},"author":528,"featured_media":0,"parent":1269,"menu_order":0,"comment_status":"closed","ping_status":"closed","template":"","meta":{"jetpack_post_was_ever_published":false,"footnotes":""},"class_list":["post-1273","page","type-page","status-publish","hentry"],"jetpack_sharing_enabled":true,"jetpack_shortlink":"https:\/\/wp.me\/P8yPuk-kx","jetpack_likes_enabled":true,"publishpress_future_action":{"enabled":false,"date":"2026-04-14 21:50:21","action":"change-status","newStatus":"draft","terms":[],"taxonomy":"","extraData":[]},"publishpress_future_workflow_manual_trigger":{"enabledWorkflows":[]},"_links":{"self":[{"href":"https:\/\/wp.ufpel.edu.br\/legadolaclau\/wp-json\/wp\/v2\/pages\/1273","targetHints":{"allow":["GET"]}}],"collection":[{"href":"https:\/\/wp.ufpel.edu.br\/legadolaclau\/wp-json\/wp\/v2\/pages"}],"about":[{"href":"https:\/\/wp.ufpel.edu.br\/legadolaclau\/wp-json\/wp\/v2\/types\/page"}],"author":[{"embeddable":true,"href":"https:\/\/wp.ufpel.edu.br\/legadolaclau\/wp-json\/wp\/v2\/users\/528"}],"replies":[{"embeddable":true,"href":"https:\/\/wp.ufpel.edu.br\/legadolaclau\/wp-json\/wp\/v2\/comments?post=1273"}],"version-history":[{"count":6,"href":"https:\/\/wp.ufpel.edu.br\/legadolaclau\/wp-json\/wp\/v2\/pages\/1273\/revisions"}],"predecessor-version":[{"id":1835,"href":"https:\/\/wp.ufpel.edu.br\/legadolaclau\/wp-json\/wp\/v2\/pages\/1273\/revisions\/1835"}],"up":[{"embeddable":true,"href":"https:\/\/wp.ufpel.edu.br\/legadolaclau\/wp-json\/wp\/v2\/pages\/1269"}],"wp:attachment":[{"href":"https:\/\/wp.ufpel.edu.br\/legadolaclau\/wp-json\/wp\/v2\/media?parent=1273"}],"curies":[{"name":"wp","href":"https:\/\/api.w.org\/{rel}","templated":true}]}}