{"id":1269,"date":"2019-06-20T14:25:59","date_gmt":"2019-06-20T17:25:59","guid":{"rendered":"https:\/\/wp.ufpel.edu.br\/legadolaclau\/?page_id=1269"},"modified":"2019-06-20T14:43:59","modified_gmt":"2019-06-20T17:43:59","slug":"sumario","status":"publish","type":"page","link":"https:\/\/wp.ufpel.edu.br\/legadolaclau\/eventos-anteriores\/anais-do-simposio-pos-estruturalismo-e-teria-social-2019\/sumario\/","title":{"rendered":"Sum\u00e1rio"},"content":{"rendered":"<p><a href=\"https:\/\/wp.me\/P8yPuk-kx\">GT 1 &#8211; A constru\u00e7\u00e3o do povo como sujeito pol\u00edtico e o risco das pol\u00edticas de identidades<\/a><\/p>\n<p><a href=\"https:\/\/wp.me\/P8yPuk-kB\">GT 2 &#8211; Democracia e Significante Vazio<\/a><\/p>\n<p><a href=\"https:\/\/wp.me\/P8yPuk-kF\">GT 3 &#8211; Populismo: teorias e experi\u00eancias<\/a><\/p>\n<p><a href=\"https:\/\/wp.me\/P8yPuk-kJ\">GT 4 &#8211; Populismos y procesos de identificaci\u00f3n pol\u00edtica en Am\u00e9rica Latina en los siglos XX y XXI<\/a><\/p>\n<p><a href=\"https:\/\/wp.me\/P8yPuk-kN\">GT 5 &#8211; P\u00f3s-democracia, neoliberalismo e autoritarismo no s\u00e9culo XXI<\/a><\/p>\n<p><a href=\"https:\/\/wp.me\/P8yPuk-kS\">GT 6 &#8211; Teoria do Discurso de Ernesto Laclau e transdisciplinaridade<\/a><\/p>\n<p><a href=\"https:\/\/wp.me\/P8yPuk-kV\">GT 7 &#8211; Teoria do Discurso e a Pesquisa em Educa\u00e7\u00e3o<\/a><\/p>\n<p><a href=\"https:\/\/wp.me\/P8yPuk-l0\">GT 8 &#8211; Teoria do Discurso e Comportamento dos Partidos Pol\u00edticos<\/a><\/p>\n","protected":false},"excerpt":{"rendered":"<p>GT 1 &#8211; A constru\u00e7\u00e3o do povo como sujeito pol\u00edtico e o risco das pol\u00edticas de identidades GT 2 &#8211; Democracia e Significante Vazio GT 3 &#8211; Populismo: teorias e experi\u00eancias GT 4 &#8211; Populismos y procesos de identificaci\u00f3n pol\u00edtica en Am\u00e9rica Latina en los siglos XX y XXI GT 5 &#8211; P\u00f3s-democracia, neoliberalismo e &hellip; <a href=\"https:\/\/wp.ufpel.edu.br\/legadolaclau\/eventos-anteriores\/anais-do-simposio-pos-estruturalismo-e-teria-social-2019\/sumario\/\" class=\"more-link\">Continue lendo <span class=\"screen-reader-text\">Sum\u00e1rio<\/span> <span class=\"meta-nav\">&rarr;<\/span><\/a><\/p>\n","protected":false},"author":528,"featured_media":0,"parent":1261,"menu_order":0,"comment_status":"closed","ping_status":"closed","template":"","meta":{"jetpack_post_was_ever_published":false,"footnotes":""},"class_list":["post-1269","page","type-page","status-publish","hentry"],"jetpack_sharing_enabled":true,"jetpack_shortlink":"https:\/\/wp.me\/P8yPuk-kt","jetpack_likes_enabled":true,"publishpress_future_action":{"enabled":false,"date":"2026-04-23 19:31:26","action":"change-status","newStatus":"draft","terms":[],"taxonomy":"","extraData":[]},"publishpress_future_workflow_manual_trigger":{"enabledWorkflows":[]},"_links":{"self":[{"href":"https:\/\/wp.ufpel.edu.br\/legadolaclau\/wp-json\/wp\/v2\/pages\/1269","targetHints":{"allow":["GET"]}}],"collection":[{"href":"https:\/\/wp.ufpel.edu.br\/legadolaclau\/wp-json\/wp\/v2\/pages"}],"about":[{"href":"https:\/\/wp.ufpel.edu.br\/legadolaclau\/wp-json\/wp\/v2\/types\/page"}],"author":[{"embeddable":true,"href":"https:\/\/wp.ufpel.edu.br\/legadolaclau\/wp-json\/wp\/v2\/users\/528"}],"replies":[{"embeddable":true,"href":"https:\/\/wp.ufpel.edu.br\/legadolaclau\/wp-json\/wp\/v2\/comments?post=1269"}],"version-history":[{"count":9,"href":"https:\/\/wp.ufpel.edu.br\/legadolaclau\/wp-json\/wp\/v2\/pages\/1269\/revisions"}],"predecessor-version":[{"id":1304,"href":"https:\/\/wp.ufpel.edu.br\/legadolaclau\/wp-json\/wp\/v2\/pages\/1269\/revisions\/1304"}],"up":[{"embeddable":true,"href":"https:\/\/wp.ufpel.edu.br\/legadolaclau\/wp-json\/wp\/v2\/pages\/1261"}],"wp:attachment":[{"href":"https:\/\/wp.ufpel.edu.br\/legadolaclau\/wp-json\/wp\/v2\/media?parent=1269"}],"curies":[{"name":"wp","href":"https:\/\/api.w.org\/{rel}","templated":true}]}}