{"id":1265,"date":"2019-06-20T14:22:50","date_gmt":"2019-06-20T17:22:50","guid":{"rendered":"https:\/\/wp.ufpel.edu.br\/legadolaclau\/?page_id=1265"},"modified":"2019-06-20T14:22:50","modified_gmt":"2019-06-20T17:22:50","slug":"expediente","status":"publish","type":"page","link":"https:\/\/wp.ufpel.edu.br\/legadolaclau\/eventos-anteriores\/anais-do-simposio-pos-estruturalismo-e-teria-social-2019\/expediente\/","title":{"rendered":"Expediente"},"content":{"rendered":"<p><strong>Expediente<\/strong><\/p>\n<p><strong>III SIMP\u00d3SIO P\u00d3S-ESTRUTURALISMO E TEORIA SOCIAL: POPULISMOS E DEMOCRACIAS<\/strong><br \/>\n27 a 29 de maio de 2019<br \/>\nUniversidade Federal de Pelotas<br \/>\nPelotas, Brasil<\/p>\n<p><strong>ISSN <\/strong>2594-6358<\/p>\n<p><strong>SIMP\u00d3SIO P\u00d3S-ESTRUTURALISMO E TEORIA SOCIAL<\/strong><br \/>\nEvento Bienal<br \/>\n<strong>UNIVERSIDADE FEDERAL DE PELOTAS<\/strong><br \/>\nReitor: Pedro Rodrigues Curi Hallal<br \/>\nVice-Reitor: Lu\u00eds Isa\u00edas Centeno do Amaral<br \/>\nPr\u00f3-Reitor Administrativo: Ricardo Hartlebem Peter<br \/>\nPr\u00f3-Reitor de Assuntos Estudantis: Mario Renato de Azevedo J\u00fanior<br \/>\nPr\u00f3-Reitora de Extens\u00e3o e Cultura: Francisca Ferreira Michelon<br \/>\nPr\u00f3-Reitor de Gest\u00e3o de Pessoas: S\u00e9rgio Batista Christino<br \/>\nPr\u00f3-Reitora de Gradua\u00e7\u00e3o: Maria F\u00e1tima C\u00f3ssio<br \/>\nPr\u00f3-Reitor de Infraestrutura: Julio Carlos Balzano de Mattos<br \/>\nPr\u00f3-Reitor de Pesquisa e P\u00f3s-Gradua\u00e7\u00e3o: Fl\u00e1vio Fernando Demarco<br \/>\nPr\u00f3-Reitor de Planejamento e Desenvolvimento: Ot\u00e1vio Martins Peres<br \/>\nINSTITUTO DE FILOSOFIA, SOCIOLOGIA E POL\u00cdTICA<br \/>\nDiretor: Jo\u00e3o Francisco Nascimento Hobuss<br \/>\nVice-Diretor: William H\u00e9ctor G\u00f3mez Soto<br \/>\nPROGRAMA DE P\u00d3S-GRADUA\u00c7\u00c3O EM CI\u00caNCIA POL\u00cdTICA<br \/>\nCoordenadora: Bianca de Freitas Linhares<br \/>\nCoordenador Adjunto: Carlos Artur Gallo<\/p>\n<p><strong>COORDENA\u00c7\u00c3O-GERAL<\/strong><br \/>\nBianca de Freitas Linhares<br \/>\nDaniel de Mendon\u00e7a<br \/>\n<strong>COMISS\u00c3O ORGANIZADORA<\/strong><br \/>\nAgnes Bezerra Menezes<br \/>\nBianca de Freitas Linhares<br \/>\nCarolina Costa dos Santos<br \/>\nDaniel de Mendon\u00e7a<br \/>\nLet\u00edcia Baron<br \/>\nSandra Regina Barboza Parzianello<br \/>\nSimone Muniz Puyo<br \/>\n<strong>EDITORA\u00c7\u00c3O<\/strong><br \/>\nBianca de Freitas Linhares<br \/>\nSimone Muniz Puyo<\/p>\n<p><strong>ENDERE\u00c7O<\/strong><br \/>\nRua Cel. Alberto Rosa n. 154 sala 333 \u2013 Centro \u2013 Pelotas\/RS. CEP: 96.010-770<\/p>\n<p>&nbsp;<\/p>\n","protected":false},"excerpt":{"rendered":"<p>Expediente III SIMP\u00d3SIO P\u00d3S-ESTRUTURALISMO E TEORIA SOCIAL: POPULISMOS E DEMOCRACIAS 27 a 29 de maio de 2019 Universidade Federal de Pelotas Pelotas, Brasil ISSN 2594-6358 SIMP\u00d3SIO P\u00d3S-ESTRUTURALISMO E TEORIA SOCIAL Evento Bienal UNIVERSIDADE FEDERAL DE PELOTAS Reitor: Pedro Rodrigues Curi Hallal Vice-Reitor: Lu\u00eds Isa\u00edas Centeno do Amaral Pr\u00f3-Reitor Administrativo: Ricardo Hartlebem Peter Pr\u00f3-Reitor de Assuntos &hellip; <a href=\"https:\/\/wp.ufpel.edu.br\/legadolaclau\/eventos-anteriores\/anais-do-simposio-pos-estruturalismo-e-teria-social-2019\/expediente\/\" class=\"more-link\">Continue lendo <span class=\"screen-reader-text\">Expediente<\/span> <span class=\"meta-nav\">&rarr;<\/span><\/a><\/p>\n","protected":false},"author":528,"featured_media":0,"parent":1261,"menu_order":0,"comment_status":"closed","ping_status":"closed","template":"","meta":{"jetpack_post_was_ever_published":false,"footnotes":""},"class_list":["post-1265","page","type-page","status-publish","hentry"],"jetpack_sharing_enabled":true,"jetpack_shortlink":"https:\/\/wp.me\/P8yPuk-kp","jetpack_likes_enabled":true,"publishpress_future_action":{"enabled":false,"date":"2026-04-17 12:17:12","action":"change-status","newStatus":"draft","terms":[],"taxonomy":"","extraData":[]},"publishpress_future_workflow_manual_trigger":{"enabledWorkflows":[]},"_links":{"self":[{"href":"https:\/\/wp.ufpel.edu.br\/legadolaclau\/wp-json\/wp\/v2\/pages\/1265","targetHints":{"allow":["GET"]}}],"collection":[{"href":"https:\/\/wp.ufpel.edu.br\/legadolaclau\/wp-json\/wp\/v2\/pages"}],"about":[{"href":"https:\/\/wp.ufpel.edu.br\/legadolaclau\/wp-json\/wp\/v2\/types\/page"}],"author":[{"embeddable":true,"href":"https:\/\/wp.ufpel.edu.br\/legadolaclau\/wp-json\/wp\/v2\/users\/528"}],"replies":[{"embeddable":true,"href":"https:\/\/wp.ufpel.edu.br\/legadolaclau\/wp-json\/wp\/v2\/comments?post=1265"}],"version-history":[{"count":1,"href":"https:\/\/wp.ufpel.edu.br\/legadolaclau\/wp-json\/wp\/v2\/pages\/1265\/revisions"}],"predecessor-version":[{"id":1267,"href":"https:\/\/wp.ufpel.edu.br\/legadolaclau\/wp-json\/wp\/v2\/pages\/1265\/revisions\/1267"}],"up":[{"embeddable":true,"href":"https:\/\/wp.ufpel.edu.br\/legadolaclau\/wp-json\/wp\/v2\/pages\/1261"}],"wp:attachment":[{"href":"https:\/\/wp.ufpel.edu.br\/legadolaclau\/wp-json\/wp\/v2\/media?parent=1265"}],"curies":[{"name":"wp","href":"https:\/\/api.w.org\/{rel}","templated":true}]}}