{"id":7,"date":"2021-04-16T13:21:41","date_gmt":"2021-04-16T16:21:41","guid":{"rendered":"https:\/\/wp.ufpel.edu.br\/lega\/?page_id=7"},"modified":"2025-07-12T11:39:54","modified_gmt":"2025-07-12T14:39:54","slug":"equipe","status":"publish","type":"page","link":"https:\/\/wp.ufpel.edu.br\/lega\/equipe\/","title":{"rendered":"Equipe"},"content":{"rendered":"<p style=\"text-align: left;\"><strong><span style=\"color: #000000;\">Professores vinculados ao Laborat\u00f3rio<br \/>\n<\/span><\/strong><img loading=\"lazy\" decoding=\"async\" class=\"alignleft wp-image-117 size-thumbnail\" src=\"https:\/\/wp.ufpel.edu.br\/lega\/files\/2021\/08\/Profa.-Dra.-Liz-Cristiane-Dias-Area-de-Pesquisa-Formacao-Inicial-de-professores-Curriculo-e-Politicas-Publicas-Estrategias-de-Aprendizagem-2-e1752328766302-200x200.png\" alt=\"\" width=\"200\" height=\"200\" \/><\/p>\n<p><strong>Profa. Dra. Rosangela Lurdes Spironello<br \/>\nGeografia- UFPel<\/strong><br \/>\n\u00c1rea de Pesquisa: Cartografia, Cartografia escolar, Educa\u00e7\u00e3o de Jovens e Adultos, Educa\u00e7\u00e3o Geogr\u00e1fica e Ensino de Geografia.<br \/>\nEmail: <a href=\"mailto:spironello@gmail.com\">spironello@gmail.com.<\/a><br \/>\nCurr\u00edculo Lattes: <a href=\"http:\/\/lattes.cnpq.br\/5122075802019310\">http:\/\/lattes.cnpq.br\/5122075802019310<\/a><\/p>\n<p>&nbsp;<\/p>\n<p><img loading=\"lazy\" decoding=\"async\" class=\"wp-image-500 size-thumbnail alignleft\" src=\"https:\/\/wp.ufpel.edu.br\/lega\/files\/2025\/07\/servletrecuperafoto-e1752329208475-200x200.gif\" alt=\"\" width=\"200\" height=\"200\" \/><br \/>\n<strong>Prof. Dr. Maur\u00edcio Rizzatti<br \/>\nGeografia- UFPel<\/strong><br \/>\n\u00c1rea de Pesquisa: Cartografia, Cartografia Escolar, Ensino de Geografia, Geoprocessamento, Geotecnologias e (Geo)Tecnologias, Geografia F\u00edsica e An\u00e1lise Ambiental e Teoria das Intelig\u00eancias M\u00faltiplas.<br \/>\nEmail: <a href=\"mailto:geo.mauricio.rizzatti@gmail.com\">geo.mauricio.rizzatti@gmail.com.<\/a><br \/>\nCurr\u00edculo Lattes: <a href=\"http:\/\/lattes.cnpq.br\/7984743057289548\">http:\/\/lattes.cnpq.br\/7984743057289548<\/a>.<\/p>\n<dl id=\"attachment_107\" class=\"wp-caption alignleft\" style=\"width: 280px;\"><\/dl>\n<p>&nbsp;<\/p>\n<p><strong>Professores colaboradores<\/strong><\/p>\n<p><img loading=\"lazy\" decoding=\"async\" class=\"wp-image-111 size-thumbnail alignleft\" src=\"https:\/\/wp.ufpel.edu.br\/lega\/files\/2021\/08\/Profa.-Dra.-Liz-Cristiane-Dias-Area-de-Pesquisa-Formacao-Inicial-de-professores-Curriculo-e-Politicas-Publicas-Estrategias-de-Aprendizagem-1-1-e1752328460456-200x200.png\" alt=\"\" width=\"200\" height=\"200\" \/><\/p>\n<p style=\"text-align: left;\"><strong><br \/>\nProfa. Dra. Liz Cristiane Dias<br \/>\nGeografia- Universidade Federal de Uberl\u00e2ndia (UFU)<\/strong><br \/>\n\u00c1rea de Pesquisa: Educa\u00e7\u00e3o Geogr\u00e1fica e Ensino de Geografia, Estrat\u00e9gias de Aprendizagem e Aprendizagem Autorregulada, Forma\u00e7\u00e3o de Professores.<br \/>\nEmail: <a href=\"mailto:lizcdias@gmail.com\">lizcdias@gmail.com<\/a>.<br \/>\nCurr\u00edculo Lattes: <a href=\"http:\/\/lattes.cnpq.br\/2974384756028670\">http:\/\/lattes.cnpq.br\/2974384756028670<\/a>.<\/p>\n<p>&nbsp;<\/p>\n<p style=\"text-align: left;\"><img loading=\"lazy\" decoding=\"async\" class=\"size-full wp-image-501 alignleft\" src=\"https:\/\/wp.ufpel.edu.br\/lega\/files\/2025\/07\/Ligia-Cardoso-Carlos-200x200-1.jpg\" alt=\"\" width=\"200\" height=\"200\" \/><\/p>\n<p style=\"text-align: left;\">Profa. Dra. L\u00edgia Cardoso Carlos<br \/>\n<strong>Pedagogia\/ Faculdade de Educa\u00e7\u00e3o- Fae (UFPel)<\/strong><br \/>\n\u00c1rea de Pesquisa: Anos Iniciais da Escolariza\u00e7\u00e3o, Pr\u00e1ticas Educativas, Educa\u00e7\u00e3o Geogr\u00e1fica, Forma\u00e7\u00e3o Continuada de Professores.<br \/>\nEmail: <a href=\"mailto:ligi@ufpel.edu.br\">ligi@ufpel.edu.br<\/a>.<br \/>\nCurr\u00edculo Lattes: <a href=\"http:\/\/lattes.cnpq.br\/6058487579514784\">http:\/\/lattes.cnpq.br\/6058487579514784<\/a>.<\/p>\n","protected":false},"excerpt":{"rendered":"<p>Professores vinculados ao Laborat\u00f3rio Profa. Dra. Rosangela Lurdes Spironello Geografia- UFPel \u00c1rea de Pesquisa: Cartografia, Cartografia escolar, Educa\u00e7\u00e3o de Jovens e Adultos, Educa\u00e7\u00e3o Geogr\u00e1fica e Ensino de Geografia. Email: spironello@gmail.com. Curr\u00edculo Lattes: http:\/\/lattes.cnpq.br\/5122075802019310 &nbsp; Prof. Dr. Maur\u00edcio Rizzatti Geografia- UFPel \u00c1rea de Pesquisa: Cartografia, Cartografia Escolar, Ensino de Geografia, Geoprocessamento, Geotecnologias e (Geo)Tecnologias, Geografia F\u00edsica &hellip; <\/p>\n<p><a class=\"more-link btn\" href=\"https:\/\/wp.ufpel.edu.br\/lega\/equipe\/\">Continue lendo<\/a><\/p>\n","protected":false},"author":747,"featured_media":0,"parent":0,"menu_order":0,"comment_status":"closed","ping_status":"closed","template":"","meta":{"footnotes":""},"class_list":["post-7","page","type-page","status-publish","hentry","nodate","item-wrap"],"_links":{"self":[{"href":"https:\/\/wp.ufpel.edu.br\/lega\/wp-json\/wp\/v2\/pages\/7","targetHints":{"allow":["GET"]}}],"collection":[{"href":"https:\/\/wp.ufpel.edu.br\/lega\/wp-json\/wp\/v2\/pages"}],"about":[{"href":"https:\/\/wp.ufpel.edu.br\/lega\/wp-json\/wp\/v2\/types\/page"}],"author":[{"embeddable":true,"href":"https:\/\/wp.ufpel.edu.br\/lega\/wp-json\/wp\/v2\/users\/747"}],"replies":[{"embeddable":true,"href":"https:\/\/wp.ufpel.edu.br\/lega\/wp-json\/wp\/v2\/comments?post=7"}],"version-history":[{"count":10,"href":"https:\/\/wp.ufpel.edu.br\/lega\/wp-json\/wp\/v2\/pages\/7\/revisions"}],"predecessor-version":[{"id":506,"href":"https:\/\/wp.ufpel.edu.br\/lega\/wp-json\/wp\/v2\/pages\/7\/revisions\/506"}],"wp:attachment":[{"href":"https:\/\/wp.ufpel.edu.br\/lega\/wp-json\/wp\/v2\/media?parent=7"}],"curies":[{"name":"wp","href":"https:\/\/api.w.org\/{rel}","templated":true}]}}