{"id":631,"date":"2025-09-09T10:18:58","date_gmt":"2025-09-09T13:18:58","guid":{"rendered":"https:\/\/wp.ufpel.edu.br\/lega\/?page_id=631"},"modified":"2025-10-06T21:28:33","modified_gmt":"2025-10-07T00:28:33","slug":"identidade-visual","status":"publish","type":"page","link":"https:\/\/wp.ufpel.edu.br\/lega\/identidade-visual\/","title":{"rendered":"Identidade Visual"},"content":{"rendered":"<p class=\"selectable-text copyable-text x15bjb6t x1n2onr6\">O Laborat\u00f3rio de Cartografia e Educa\u00e7\u00e3o Geogr\u00e1fica-LACEG \u00e9 um espa\u00e7o de di\u00e1logos, estudos e pesquisas com \u00eanfase nas tem\u00e1ticas do Ensino de Geografia, Forma\u00e7\u00e3o de Professores, Cartografia(s), Educa\u00e7\u00e3o de Jovens e Adultos e Educa\u00e7\u00e3o Geogr\u00e1fica!<\/p>\n<p class=\"selectable-text copyable-text x15bjb6t x1n2onr6\"><span class=\"selectable-text copyable-text xkrh14z\">A identidade visual\u00b9 do Laborat\u00f3rio busca integrar toda essa gama de estudos sob olhar de uma Geografia integrada, complexa e din\u00e2mica. O design elaborado traduz os principais estudos e pesquisas conduzidos pelo laborat\u00f3rio, bem como sua preocupa\u00e7\u00e3o em ensinar e refletir sobre cartografia, representa\u00e7\u00e3o espacial e forma\u00e7\u00e3o docente, especialmente no contexto de rela\u00e7\u00f5es entre sociedade e natureza.<\/span><\/p>\n<p>Identidade visual para downloads<br \/>\n<span style=\"font-size: 8pt;\">*Uso exclusivo para materiais e apresenta\u00e7\u00f5es do\/no Laborat\u00f3rio<\/span><span style=\"font-size: 8pt;\"><br \/>\n<\/span><\/p>\n\n\t\t<style type=\"text\/css\">\n\t\t\t#gallery-1 {\n\t\t\t\tmargin: auto;\n\t\t\t}\n\t\t\t#gallery-1 .gallery-item {\n\t\t\t\tfloat: left;\n\t\t\t\tmargin-top: 10px;\n\t\t\t\ttext-align: center;\n\t\t\t\twidth: 16%;\n\t\t\t}\n\t\t\t#gallery-1 img {\n\t\t\t\tborder: 2px solid #cfcfcf;\n\t\t\t}\n\t\t\t#gallery-1 .gallery-caption {\n\t\t\t\tmargin-left: 0;\n\t\t\t}\n\t\t\t\/* see gallery_shortcode() in wp-includes\/media.php *\/\n\t\t<\/style>\n\t\t<div id='gallery-1' class='gallery galleryid-631 gallery-columns-6 gallery-size-thumbnail'><dl class='gallery-item'>\n\t\t\t<dt class='gallery-icon landscape'>\n\t\t\t\t<a href='https:\/\/wp.ufpel.edu.br\/lega\/identidade-visual\/logo-colorido-principal4x-100\/'><img loading=\"lazy\" decoding=\"async\" width=\"200\" height=\"200\" src=\"https:\/\/wp.ufpel.edu.br\/lega\/files\/2025\/09\/Logo-Colorido-Principal@4x-100-200x200.jpg\" class=\"attachment-thumbnail size-thumbnail\" alt=\"\" srcset=\"https:\/\/wp.ufpel.edu.br\/lega\/files\/2025\/09\/Logo-Colorido-Principal@4x-100-200x200.jpg 200w, https:\/\/wp.ufpel.edu.br\/lega\/files\/2025\/09\/Logo-Colorido-Principal@4x-100-400x400.jpg 400w, https:\/\/wp.ufpel.edu.br\/lega\/files\/2025\/09\/Logo-Colorido-Principal@4x-100-1024x1024.jpg 1024w, https:\/\/wp.ufpel.edu.br\/lega\/files\/2025\/09\/Logo-Colorido-Principal@4x-100-768x768.jpg 768w, https:\/\/wp.ufpel.edu.br\/lega\/files\/2025\/09\/Logo-Colorido-Principal@4x-100-1536x1536.jpg 1536w, https:\/\/wp.ufpel.edu.br\/lega\/files\/2025\/09\/Logo-Colorido-Principal@4x-100-2048x2048.jpg 2048w, https:\/\/wp.ufpel.edu.br\/lega\/files\/2025\/09\/Logo-Colorido-Principal@4x-100-870x870.jpg 870w\" sizes=\"auto, (max-width: 200px) 100vw, 200px\" \/><\/a>\n\t\t\t<\/dt><\/dl><dl class='gallery-item'>\n\t\t\t<dt class='gallery-icon landscape'>\n\t\t\t\t<a href='https:\/\/wp.ufpel.edu.br\/lega\/identidade-visual\/logo-horizontal-verde-colorido4x-100-1\/'><img loading=\"lazy\" decoding=\"async\" width=\"200\" height=\"200\" src=\"https:\/\/wp.ufpel.edu.br\/lega\/files\/2025\/09\/Logo-Horizontal-verde-colorido@4x-100-1-scaled-e1757424277116-200x200.jpg\" class=\"attachment-thumbnail size-thumbnail\" alt=\"\" \/><\/a>\n\t\t\t<\/dt><\/dl><dl class='gallery-item'>\n\t\t\t<dt class='gallery-icon landscape'>\n\t\t\t\t<a href='https:\/\/wp.ufpel.edu.br\/lega\/identidade-visual\/logo-tipografica-colorida4x-100-1\/'><img loading=\"lazy\" decoding=\"async\" width=\"200\" height=\"200\" src=\"https:\/\/wp.ufpel.edu.br\/lega\/files\/2025\/09\/Logo-tipogra\u0301fica-colorida@4x-100-1-200x200.jpg\" class=\"attachment-thumbnail size-thumbnail\" alt=\"\" \/><\/a>\n\t\t\t<\/dt><\/dl><dl class='gallery-item'>\n\t\t\t<dt class='gallery-icon landscape'>\n\t\t\t\t<a href='https:\/\/wp.ufpel.edu.br\/lega\/identidade-visual\/logo-vertical-branco-fundo-preto\/'><img loading=\"lazy\" decoding=\"async\" width=\"200\" height=\"200\" src=\"https:\/\/wp.ufpel.edu.br\/lega\/files\/2025\/09\/Logo-vertical-branco-fundo-preto-200x200.jpg\" class=\"attachment-thumbnail size-thumbnail\" alt=\"\" srcset=\"https:\/\/wp.ufpel.edu.br\/lega\/files\/2025\/09\/Logo-vertical-branco-fundo-preto-200x200.jpg 200w, https:\/\/wp.ufpel.edu.br\/lega\/files\/2025\/09\/Logo-vertical-branco-fundo-preto-400x400.jpg 400w, https:\/\/wp.ufpel.edu.br\/lega\/files\/2025\/09\/Logo-vertical-branco-fundo-preto-1024x1024.jpg 1024w, https:\/\/wp.ufpel.edu.br\/lega\/files\/2025\/09\/Logo-vertical-branco-fundo-preto-768x768.jpg 768w, https:\/\/wp.ufpel.edu.br\/lega\/files\/2025\/09\/Logo-vertical-branco-fundo-preto-1536x1536.jpg 1536w, https:\/\/wp.ufpel.edu.br\/lega\/files\/2025\/09\/Logo-vertical-branco-fundo-preto-2048x2048.jpg 2048w, https:\/\/wp.ufpel.edu.br\/lega\/files\/2025\/09\/Logo-vertical-branco-fundo-preto-870x870.jpg 870w\" sizes=\"auto, (max-width: 200px) 100vw, 200px\" \/><\/a>\n\t\t\t<\/dt><\/dl><dl class='gallery-item'>\n\t\t\t<dt class='gallery-icon landscape'>\n\t\t\t\t<a href='https:\/\/wp.ufpel.edu.br\/lega\/identidade-visual\/logo-horizontal-branco-fundo-azul\/'><img loading=\"lazy\" decoding=\"async\" width=\"200\" height=\"200\" src=\"https:\/\/wp.ufpel.edu.br\/lega\/files\/2025\/09\/Logo-horizontal-branco-fundo-azul-200x200.jpg\" class=\"attachment-thumbnail size-thumbnail\" alt=\"\" \/><\/a>\n\t\t\t<\/dt><\/dl><dl class='gallery-item'>\n\t\t\t<dt class='gallery-icon landscape'>\n\t\t\t\t<a href='https:\/\/wp.ufpel.edu.br\/lega\/identidade-visual\/logo-tipografica-branca-fundo-preto4x-100\/'><img loading=\"lazy\" decoding=\"async\" width=\"200\" height=\"200\" src=\"https:\/\/wp.ufpel.edu.br\/lega\/files\/2025\/09\/Logo-Tipogra\u0301fica-Branca-fundo-preto@4x-100-200x200.jpg\" class=\"attachment-thumbnail size-thumbnail\" alt=\"\" \/><\/a>\n\t\t\t<\/dt><\/dl><br style=\"clear: both\" \/>\n\t\t<\/div>\n\n<p>Identidade visual PNG<\/p>\n\n\t\t<style type=\"text\/css\">\n\t\t\t#gallery-2 {\n\t\t\t\tmargin: auto;\n\t\t\t}\n\t\t\t#gallery-2 .gallery-item {\n\t\t\t\tfloat: left;\n\t\t\t\tmargin-top: 10px;\n\t\t\t\ttext-align: center;\n\t\t\t\twidth: 16%;\n\t\t\t}\n\t\t\t#gallery-2 img {\n\t\t\t\tborder: 2px solid #cfcfcf;\n\t\t\t}\n\t\t\t#gallery-2 .gallery-caption {\n\t\t\t\tmargin-left: 0;\n\t\t\t}\n\t\t\t\/* see gallery_shortcode() in wp-includes\/media.php *\/\n\t\t<\/style>\n\t\t<div id='gallery-2' class='gallery galleryid-631 gallery-columns-6 gallery-size-thumbnail'><dl class='gallery-item'>\n\t\t\t<dt class='gallery-icon landscape'>\n\t\t\t\t<a href='https:\/\/wp.ufpel.edu.br\/lega\/identidade-visual\/design-sem-nome-2\/'><img loading=\"lazy\" decoding=\"async\" width=\"200\" height=\"200\" src=\"https:\/\/wp.ufpel.edu.br\/lega\/files\/2025\/10\/Design-sem-nome-2-200x200.png\" class=\"attachment-thumbnail size-thumbnail\" alt=\"\" srcset=\"https:\/\/wp.ufpel.edu.br\/lega\/files\/2025\/10\/Design-sem-nome-2-200x200.png 200w, https:\/\/wp.ufpel.edu.br\/lega\/files\/2025\/10\/Design-sem-nome-2-400x400.png 400w, https:\/\/wp.ufpel.edu.br\/lega\/files\/2025\/10\/Design-sem-nome-2-1024x1024.png 1024w, https:\/\/wp.ufpel.edu.br\/lega\/files\/2025\/10\/Design-sem-nome-2-768x768.png 768w, https:\/\/wp.ufpel.edu.br\/lega\/files\/2025\/10\/Design-sem-nome-2-1536x1536.png 1536w, https:\/\/wp.ufpel.edu.br\/lega\/files\/2025\/10\/Design-sem-nome-2-2048x2048.png 2048w, https:\/\/wp.ufpel.edu.br\/lega\/files\/2025\/10\/Design-sem-nome-2-870x870.png 870w\" sizes=\"auto, (max-width: 200px) 100vw, 200px\" \/><\/a>\n\t\t\t<\/dt><\/dl><dl class='gallery-item'>\n\t\t\t<dt class='gallery-icon landscape'>\n\t\t\t\t<a href='https:\/\/wp.ufpel.edu.br\/lega\/identidade-visual\/design-sem-nome-1\/'><img loading=\"lazy\" decoding=\"async\" width=\"200\" height=\"200\" src=\"https:\/\/wp.ufpel.edu.br\/lega\/files\/2025\/10\/Design-sem-nome-1-200x200.png\" class=\"attachment-thumbnail size-thumbnail\" alt=\"\" \/><\/a>\n\t\t\t<\/dt><\/dl><dl class='gallery-item'>\n\t\t\t<dt class='gallery-icon landscape'>\n\t\t\t\t<a href='https:\/\/wp.ufpel.edu.br\/lega\/identidade-visual\/design-sem-nome\/'><img loading=\"lazy\" decoding=\"async\" width=\"200\" height=\"200\" src=\"https:\/\/wp.ufpel.edu.br\/lega\/files\/2025\/10\/Design-sem-nome-200x200.png\" class=\"attachment-thumbnail size-thumbnail\" alt=\"\" \/><\/a>\n\t\t\t<\/dt><\/dl>\n\t\t\t<br style='clear: both' \/>\n\t\t<\/div>\n\n<p>Fa\u00e7a suas apresenta\u00e7\u00f5es de trabalho utilizando o <span style=\"color: #003300;\"><strong><a style=\"color: #003300;\" href=\"https:\/\/www.canva.com\/design\/DAG1DaC6RvA\/kDWunCbx-Lo41IRZoKqmcg\/view?utm_content=DAG1DaC6RvA&amp;utm_campaign=designshare&amp;utm_medium=link&amp;utm_source=publishsharelink&amp;mode=preview\" target=\"_blank\" rel=\"noopener\">TEMPLATE LACEG<\/a><\/strong><\/span>, dispon\u00edvel para o uso no Canva!<\/p>\n<p><span style=\"font-size: 12pt;\"><span style=\"font-size: 8pt;\">\u00b9Elaborado pelo Designer Gr\u00e1fico Jo\u00e3o Nunes da Silva Neto (Nune).<\/span><\/span><\/p>\n","protected":false},"excerpt":{"rendered":"<p>O Laborat\u00f3rio de Cartografia e Educa\u00e7\u00e3o Geogr\u00e1fica-LACEG \u00e9 um espa\u00e7o de di\u00e1logos, estudos e pesquisas com \u00eanfase nas tem\u00e1ticas do Ensino de Geografia, Forma\u00e7\u00e3o de Professores, Cartografia(s), Educa\u00e7\u00e3o de Jovens e Adultos e Educa\u00e7\u00e3o Geogr\u00e1fica! A identidade visual\u00b9 do Laborat\u00f3rio busca integrar toda essa gama de estudos sob olhar de uma Geografia integrada, complexa e &hellip; <\/p>\n<p><a class=\"more-link btn\" href=\"https:\/\/wp.ufpel.edu.br\/lega\/identidade-visual\/\">Continue lendo<\/a><\/p>\n","protected":false},"author":747,"featured_media":0,"parent":0,"menu_order":0,"comment_status":"closed","ping_status":"closed","template":"","meta":{"footnotes":""},"class_list":["post-631","page","type-page","status-publish","hentry","nodate","item-wrap"],"_links":{"self":[{"href":"https:\/\/wp.ufpel.edu.br\/lega\/wp-json\/wp\/v2\/pages\/631","targetHints":{"allow":["GET"]}}],"collection":[{"href":"https:\/\/wp.ufpel.edu.br\/lega\/wp-json\/wp\/v2\/pages"}],"about":[{"href":"https:\/\/wp.ufpel.edu.br\/lega\/wp-json\/wp\/v2\/types\/page"}],"author":[{"embeddable":true,"href":"https:\/\/wp.ufpel.edu.br\/lega\/wp-json\/wp\/v2\/users\/747"}],"replies":[{"embeddable":true,"href":"https:\/\/wp.ufpel.edu.br\/lega\/wp-json\/wp\/v2\/comments?post=631"}],"version-history":[{"count":3,"href":"https:\/\/wp.ufpel.edu.br\/lega\/wp-json\/wp\/v2\/pages\/631\/revisions"}],"predecessor-version":[{"id":683,"href":"https:\/\/wp.ufpel.edu.br\/lega\/wp-json\/wp\/v2\/pages\/631\/revisions\/683"}],"wp:attachment":[{"href":"https:\/\/wp.ufpel.edu.br\/lega\/wp-json\/wp\/v2\/media?parent=631"}],"curies":[{"name":"wp","href":"https:\/\/api.w.org\/{rel}","templated":true}]}}