{"id":567,"date":"2025-08-01T10:58:36","date_gmt":"2025-08-01T13:58:36","guid":{"rendered":"https:\/\/wp.ufpel.edu.br\/lega\/?page_id=567"},"modified":"2025-12-08T10:41:23","modified_gmt":"2025-12-08T13:41:23","slug":"cursos-de-formacao","status":"publish","type":"page","link":"https:\/\/wp.ufpel.edu.br\/lega\/cursos-de-formacao\/","title":{"rendered":"Cursos de Forma\u00e7\u00e3o"},"content":{"rendered":"<p style=\"text-align: justify;\">Confira os Cursos de Forma\u00e7\u00e3o de Professores que o Laborat\u00f3rio esteve participando!<\/p>\n<p><strong>2025<\/strong><\/p>\n<ul>\n<li style=\"text-align: justify;\"><a href=\"https:\/\/wp.ufpel.edu.br\/lega\/527\/2025\/\">Curso de Forma\u00e7\u00e3o de Professores SME-Pelotas: Mudan\u00e7as Clim\u00e1ticas em foco<\/a><\/li>\n<li style=\"text-align: justify;\"><a class=\"row-title\" href=\"https:\/\/wp.ufpel.edu.br\/lega\/curso-de-formacao-de-professores-smecd-morro-redondo-relacao-espaco-tempo-nos-anos-iniciais\/2025\/\" aria-label=\"\u201cCurso de Forma\u00e7\u00e3o de Professores SMECD-Morro Redondo: Rela\u00e7\u00e3o espa\u00e7o-tempo nos Anos Iniciais\u201d (Editar)\">Curso de Forma\u00e7\u00e3o de Professores SMECD-Morro Redondo: Rela\u00e7\u00e3o espa\u00e7o-tempo nos Anos Iniciais<\/a><\/li>\n<li><a href=\"https:\/\/wp.ufpel.edu.br\/lega\/laceg-e-sme-realizam-curso-de-formacao-de-professores-de-geografia-da-rede-municipal-de-pelotas\/\">Curso de Forma\u00e7\u00e3o de Professores SME-Pelotas: Geotecnologias e recursos did\u00e1ticos<\/a><\/li>\n<li><a href=\"https:\/\/wp.ufpel.edu.br\/lega\/realizacao-de-oficina-pedagogica-no-i-simposio-gaucho-de-ensino-de-geografia\/\">Curso de Forma\u00e7\u00e3o ProfGeo\/UFSM:\u00a0Recursos did\u00e1ticos e pr\u00e1ticas pedag\u00f3gicas no Ensino de Geografia: caminhos para a forma\u00e7\u00e3o cr\u00edtica e o Protagonismo discente<\/a><\/li>\n<\/ul>\n<p>&nbsp;<\/p>\n<p>Tem interesse em levar alguma forma\u00e7\u00e3o para seus professores com \u00eanfase nas \u00e1reas estudadas no laborat\u00f3rio? Conhe\u00e7a mais os professores integrantes do LEGA, suas \u00e1reas de atua\u00e7\u00e3o e obtenha seus contatos atr\u00e1ves da p\u00e1gina &#8220;<a href=\"https:\/\/wp.ufpel.edu.br\/lega\/equipe\/\">Equipe&#8221;<\/a>, no menu superior!<br \/>\nEntre em contato conosco!<\/p>\n","protected":false},"excerpt":{"rendered":"<p>Confira os Cursos de Forma\u00e7\u00e3o de Professores que o Laborat\u00f3rio esteve participando! 2025 Curso de Forma\u00e7\u00e3o de Professores SME-Pelotas: Mudan\u00e7as Clim\u00e1ticas em foco Curso de Forma\u00e7\u00e3o de Professores SMECD-Morro Redondo: Rela\u00e7\u00e3o espa\u00e7o-tempo nos Anos Iniciais Curso de Forma\u00e7\u00e3o de Professores SME-Pelotas: Geotecnologias e recursos did\u00e1ticos Curso de Forma\u00e7\u00e3o ProfGeo\/UFSM:\u00a0Recursos did\u00e1ticos e pr\u00e1ticas pedag\u00f3gicas no Ensino &hellip; <\/p>\n<p><a class=\"more-link btn\" href=\"https:\/\/wp.ufpel.edu.br\/lega\/cursos-de-formacao\/\">Continue lendo<\/a><\/p>\n","protected":false},"author":747,"featured_media":0,"parent":0,"menu_order":0,"comment_status":"closed","ping_status":"closed","template":"","meta":{"footnotes":""},"class_list":["post-567","page","type-page","status-publish","hentry","nodate","item-wrap"],"_links":{"self":[{"href":"https:\/\/wp.ufpel.edu.br\/lega\/wp-json\/wp\/v2\/pages\/567","targetHints":{"allow":["GET"]}}],"collection":[{"href":"https:\/\/wp.ufpel.edu.br\/lega\/wp-json\/wp\/v2\/pages"}],"about":[{"href":"https:\/\/wp.ufpel.edu.br\/lega\/wp-json\/wp\/v2\/types\/page"}],"author":[{"embeddable":true,"href":"https:\/\/wp.ufpel.edu.br\/lega\/wp-json\/wp\/v2\/users\/747"}],"replies":[{"embeddable":true,"href":"https:\/\/wp.ufpel.edu.br\/lega\/wp-json\/wp\/v2\/comments?post=567"}],"version-history":[{"count":4,"href":"https:\/\/wp.ufpel.edu.br\/lega\/wp-json\/wp\/v2\/pages\/567\/revisions"}],"predecessor-version":[{"id":776,"href":"https:\/\/wp.ufpel.edu.br\/lega\/wp-json\/wp\/v2\/pages\/567\/revisions\/776"}],"wp:attachment":[{"href":"https:\/\/wp.ufpel.edu.br\/lega\/wp-json\/wp\/v2\/media?parent=567"}],"curies":[{"name":"wp","href":"https:\/\/api.w.org\/{rel}","templated":true}]}}