{"id":48,"date":"2021-04-16T20:27:04","date_gmt":"2021-04-16T23:27:04","guid":{"rendered":"https:\/\/wp.ufpel.edu.br\/lega\/?page_id=48"},"modified":"2021-08-26T18:09:03","modified_gmt":"2021-08-26T21:09:03","slug":"blog-estagio-supervionado","status":"publish","type":"page","link":"https:\/\/wp.ufpel.edu.br\/lega\/blog-estagio-supervionado\/","title":{"rendered":"Blog Estagio Supervionado"},"content":{"rendered":"<h2><strong>Bem vindos ao Blog dos Estagi\u00e1rios!\u00a0<\/strong><\/h2>\n<h3>O que \u00e9 o Blog dos Estagi\u00e1rios?<\/h3>\n<p>Bem, o mesmo \u00e9 um espa\u00e7o dentro do site do LEGA para expor as produ\u00e7\u00f5es dos estagi\u00e1rios vinculados ao NESG (N\u00facleo de Est\u00e1gios Supervisionados em Geografia). Com o intu\u00eddo de divulgar,\u00a0 valorizar e organizar as produ\u00e7\u00f5es feitas pelos estagi\u00e1rios durante seus est\u00e1gios obrigat\u00f3rios, criando assim um acervo de mat\u00e9rias que pode ser consultado e reutilizado de maneira gratuita.<\/p>\n<p>O Blog \u00e9 um espa\u00e7o de troca, com o objetivo de reafirma o comprometimento da Licenciatura em Geografia com a comunidade sendo mais uma ferramenta de aproxima\u00e7\u00e3o e troca com as escolas b\u00e1sicas.<\/p>\n<p><img loading=\"lazy\" decoding=\"async\" class=\"alignnone size-medium wp-image-136 aligncenter\" src=\"https:\/\/wp.ufpel.edu.br\/lega\/files\/2021\/08\/Unidade-400x360.jpg\" alt=\"\" width=\"400\" height=\"360\" \/><\/p>\n","protected":false},"excerpt":{"rendered":"<p>Bem vindos ao Blog dos Estagi\u00e1rios!\u00a0 O que \u00e9 o Blog dos Estagi\u00e1rios? Bem, o mesmo \u00e9 um espa\u00e7o dentro do site do LEGA para expor as produ\u00e7\u00f5es dos estagi\u00e1rios vinculados ao NESG (N\u00facleo de Est\u00e1gios Supervisionados em Geografia). Com o intu\u00eddo de divulgar,\u00a0 valorizar e organizar as produ\u00e7\u00f5es feitas pelos estagi\u00e1rios durante seus est\u00e1gios &hellip; <\/p>\n<p><a class=\"more-link btn\" href=\"https:\/\/wp.ufpel.edu.br\/lega\/blog-estagio-supervionado\/\">Continue lendo<\/a><\/p>\n","protected":false},"author":747,"featured_media":0,"parent":0,"menu_order":0,"comment_status":"closed","ping_status":"closed","template":"","meta":{"footnotes":""},"class_list":["post-48","page","type-page","status-publish","hentry","nodate","item-wrap"],"_links":{"self":[{"href":"https:\/\/wp.ufpel.edu.br\/lega\/wp-json\/wp\/v2\/pages\/48","targetHints":{"allow":["GET"]}}],"collection":[{"href":"https:\/\/wp.ufpel.edu.br\/lega\/wp-json\/wp\/v2\/pages"}],"about":[{"href":"https:\/\/wp.ufpel.edu.br\/lega\/wp-json\/wp\/v2\/types\/page"}],"author":[{"embeddable":true,"href":"https:\/\/wp.ufpel.edu.br\/lega\/wp-json\/wp\/v2\/users\/747"}],"replies":[{"embeddable":true,"href":"https:\/\/wp.ufpel.edu.br\/lega\/wp-json\/wp\/v2\/comments?post=48"}],"version-history":[{"count":4,"href":"https:\/\/wp.ufpel.edu.br\/lega\/wp-json\/wp\/v2\/pages\/48\/revisions"}],"predecessor-version":[{"id":137,"href":"https:\/\/wp.ufpel.edu.br\/lega\/wp-json\/wp\/v2\/pages\/48\/revisions\/137"}],"wp:attachment":[{"href":"https:\/\/wp.ufpel.edu.br\/lega\/wp-json\/wp\/v2\/media?parent=48"}],"curies":[{"name":"wp","href":"https:\/\/api.w.org\/{rel}","templated":true}]}}