{"id":294,"date":"2021-10-16T10:48:08","date_gmt":"2021-10-16T13:48:08","guid":{"rendered":"https:\/\/wp.ufpel.edu.br\/lega\/?page_id=294"},"modified":"2025-07-15T23:38:55","modified_gmt":"2025-07-16T02:38:55","slug":"urbanizacao","status":"publish","type":"page","link":"https:\/\/wp.ufpel.edu.br\/lega\/blog-estagio-supervionado\/2o-ano-ensino-medio\/urbanizacao\/","title":{"rendered":"Urbaniza\u00e7\u00e3o"},"content":{"rendered":"<h2>Sauda\u00e7\u00f5es Geogr\u00e1ficas Pessoal!<\/h2>\n<p style=\"text-align: justify\">Se voc\u00eas vieram at\u00e9 aqui \u00e9 porque est\u00e3o interessados nas produ\u00e7\u00f5es sobre o tema \u201cURBANIZA\u00c7\u00c3O\u201d, mod\u00e9stia a parte vieram ao lugar certo.\u00a0 \u00a0Estar\u00e3o a seguir os materiais organizados em grupos onde os mesmos se complementam, as produ\u00e7\u00f5es a abaixo estar\u00e3o em diferentes linguagens e formatos como: PDFs, e tamb\u00e9m link, esses para um <a href=\"https:\/\/ensino204areal.blogspot.com\/\" target=\"_blank\" rel=\"noopener\">Blog\u00a0 de Ensino\u00a0<\/a>\u2013 com mat\u00e9rias complementares aos que ser\u00e3o disponibilizados aqui.<\/p>\n<p><strong>Esperamos que Gostem!\u00a0<\/strong><\/p>\n<p>&nbsp;<\/p>\n<h3 style=\"text-align: center\">Urbaniza\u00e7\u00e3o<\/h3>\n<p>&nbsp;<\/p>\n<p>Titulo do Material \u2013\u00a0<em>\u201cUrbaniza\u00e7\u00e3o Mundial e Brasileira 1\/2\u201d<\/em><\/p>\n<p>Autores: Lucas Fernandes e Nathaniel Farias.<\/p>\n<p><a href=\"https:\/\/wp.ufpel.edu.br\/lega\/files\/2021\/10\/Urbanizacao-Mundial-e-Brasileira-Aula-01-Semana-6.pdf\" target=\"_blank\" rel=\"noopener\">6\u00aa Semana \u2013 URBANIZA\u00c7\u00c3O MUNDIAL E BRASIELIRA 1\/2<\/a><\/p>\n<p>Link para o blog:\u00a0<a href=\"https:\/\/ensino204areal.blogspot.com\/2021\/06\/urbanizacao-mundial-e-brasileira-12.html\" target=\"_blank\" rel=\"noopener\">URBANIZA\u00c7\u00c3O MUNDIAL E BRASILEIRA<\/a><\/p>\n<p>&nbsp;<\/p>\n<p>Titulo do Material \u2013\u00a0<em>\u201cUrbaniza\u00e7\u00e3o Mundial e Brasileira 2\/2\u201d<\/em><\/p>\n<p>Autores: Lucas Fernandes e Nathaniel Farias.<\/p>\n<p><a href=\"https:\/\/wp.ufpel.edu.br\/lega\/files\/2021\/10\/Urbanizacao-Mundial-e-Brasileira-Aula-02-Semana-6.pdf\" target=\"_blank\" rel=\"noopener\">7\u00aa Semana \u2013 URBANIZA\u00c7\u00c3O MUNDIAL E BRASIELIRA 2\/2<\/a><\/p>\n<p>Link para o blog:\u00a0<a href=\"https:\/\/ensino204areal.blogspot.com\/2021\/06\/urbanizacao-mundial-e-brasileira-22.html\" target=\"_blank\" rel=\"noopener\">URBANIZA\u00c7\u00c3O MUNDIAL E BRASILEIRA<\/a><\/p>\n<p>&nbsp;<\/p>\n<p>Titulo do Material \u2013\u00a0<em>\u201cA Rede Urbana\u201d<\/em><\/p>\n<p>Autores: Lucas Fernandes e Nathaniel Farias.<\/p>\n<p><a href=\"https:\/\/wp.ufpel.edu.br\/lega\/files\/2021\/10\/A-rede-urbana-Semana-7.pdf\" target=\"_blank\" rel=\"noopener\">8\u00aa Semana &#8211; A REDE URBANA<\/a><\/p>\n<p>Link para o blog: <a href=\"https:\/\/ensino204areal.blogspot.com\/2021\/07\/redes-urbanas-cidades-globais.html\" target=\"_blank\" rel=\"noopener\">A REDE URBANA\u00a0<\/a><\/p>\n<p>&nbsp;<\/p>\n<p>Titulo do Material \u2013\u00a0<em>\u201cOs Desafio do Agroneg\u00f3cio\u201d<\/em><\/p>\n<p>Autores: Lucas Fernandes e Nathaniel Farias.<\/p>\n<p><a href=\"https:\/\/wp.ufpel.edu.br\/lega\/files\/2021\/10\/OS-DESAFIOS-DO-AGRONEGOCIO-Semana-9.pdf\" target=\"_blank\" rel=\"noopener\">9\u00aa Semana &#8211; OS DESAFIOS DO AGRONEG\u00d3CIO<\/a><\/p>\n<p>Link para o blog: <a href=\"https:\/\/ensino204areal.blogspot.com\/2021\/07\/os-desafios-do-agronegocio-e-dos.html\" target=\"_blank\" rel=\"noopener\">OS DESAFIOS DO AGRONEG\u00d3CIO<\/a><\/p>\n","protected":false},"excerpt":{"rendered":"<p>Sauda\u00e7\u00f5es Geogr\u00e1ficas Pessoal! Se voc\u00eas vieram at\u00e9 aqui \u00e9 porque est\u00e3o interessados nas produ\u00e7\u00f5es sobre o tema \u201cURBANIZA\u00c7\u00c3O\u201d, mod\u00e9stia a parte vieram ao lugar certo.\u00a0 \u00a0Estar\u00e3o a seguir os materiais organizados em grupos onde os mesmos se complementam, as produ\u00e7\u00f5es a abaixo estar\u00e3o em diferentes linguagens e formatos como: PDFs, e tamb\u00e9m link, esses para &hellip; <\/p>\n<p><a class=\"more-link btn\" href=\"https:\/\/wp.ufpel.edu.br\/lega\/blog-estagio-supervionado\/2o-ano-ensino-medio\/urbanizacao\/\">Continue lendo<\/a><\/p>\n","protected":false},"author":747,"featured_media":0,"parent":279,"menu_order":0,"comment_status":"closed","ping_status":"closed","template":"","meta":{"footnotes":""},"class_list":["post-294","page","type-page","status-publish","hentry","nodate","item-wrap"],"_links":{"self":[{"href":"https:\/\/wp.ufpel.edu.br\/lega\/wp-json\/wp\/v2\/pages\/294","targetHints":{"allow":["GET"]}}],"collection":[{"href":"https:\/\/wp.ufpel.edu.br\/lega\/wp-json\/wp\/v2\/pages"}],"about":[{"href":"https:\/\/wp.ufpel.edu.br\/lega\/wp-json\/wp\/v2\/types\/page"}],"author":[{"embeddable":true,"href":"https:\/\/wp.ufpel.edu.br\/lega\/wp-json\/wp\/v2\/users\/747"}],"replies":[{"embeddable":true,"href":"https:\/\/wp.ufpel.edu.br\/lega\/wp-json\/wp\/v2\/comments?post=294"}],"version-history":[{"count":4,"href":"https:\/\/wp.ufpel.edu.br\/lega\/wp-json\/wp\/v2\/pages\/294\/revisions"}],"predecessor-version":[{"id":313,"href":"https:\/\/wp.ufpel.edu.br\/lega\/wp-json\/wp\/v2\/pages\/294\/revisions\/313"}],"up":[{"embeddable":true,"href":"https:\/\/wp.ufpel.edu.br\/lega\/wp-json\/wp\/v2\/pages\/279"}],"wp:attachment":[{"href":"https:\/\/wp.ufpel.edu.br\/lega\/wp-json\/wp\/v2\/media?parent=294"}],"curies":[{"name":"wp","href":"https:\/\/api.w.org\/{rel}","templated":true}]}}