{"id":290,"date":"2021-10-16T10:47:52","date_gmt":"2021-10-16T13:47:52","guid":{"rendered":"https:\/\/wp.ufpel.edu.br\/lega\/?page_id=290"},"modified":"2025-07-15T23:36:34","modified_gmt":"2025-07-16T02:36:34","slug":"globalizacao-2","status":"publish","type":"page","link":"https:\/\/wp.ufpel.edu.br\/lega\/blog-estagio-supervionado\/2o-ano-ensino-medio\/globalizacao-2\/","title":{"rendered":"Globaliza\u00e7\u00e3o"},"content":{"rendered":"<h2 style=\"text-align: justify\">Sauda\u00e7\u00f5es Geogr\u00e1ficas Pessoal!<\/h2>\n<p style=\"text-align: justify\">Se voc\u00eas vieram at\u00e9 aqui \u00e9 porque est\u00e3o interessados nas produ\u00e7\u00f5es sobre o tema \u201cGlobaliza\u00e7\u00e3o\u201d, mod\u00e9stia a parte vieram ao lugar certo.\u00a0 \u00a0Estar\u00e3o a seguir os materiais organizados em grupos onde os mesmos se complementam, as produ\u00e7\u00f5es a abaixo estar\u00e3o em diferentes linguagens e formatos como: PDFs, e tamb\u00e9m link, esses para um <a href=\"https:\/\/ensino204areal.blogspot.com\/\" target=\"_blank\" rel=\"noopener\">Blog\u00a0 de Ensino\u00a0<\/a>&#8211; com mat\u00e9rias complementares aos que ser\u00e3o disponibilizados aqui.<\/p>\n<p><strong>Esperamos que Gostem!\u00a0<\/strong><\/p>\n<p>&nbsp;<\/p>\n<h3 style=\"text-align: center\"><strong>Globaliza\u00e7\u00e3o<\/strong><\/h3>\n<p>Titulo do Material \u2013\u00a0<em>\u201cNova ordem Mundial\u201d<\/em><\/p>\n<p>Autores: Lucas Fernandes e Nathaniel Farias.<\/p>\n<p><a href=\"https:\/\/wp.ufpel.edu.br\/lega\/files\/2021\/10\/NOVA-ORDEM-MUNDIAL-Senama-1.pdf\" target=\"_blank\" rel=\"noopener\">1\u00aa Semana &#8211; NOVA ORDEM MUNDIAL<\/a><\/p>\n<p>Link para o blog: <a href=\"https:\/\/ensino204areal.blogspot.com\/2021\/05\/nova-ordem-mundial.html\" target=\"_blank\" rel=\"noopener\">NOVA ORDEM MUNDIAL<\/a><\/p>\n<p>&nbsp;<\/p>\n<p>Titulo do Material \u2013\u00a0<em>\u201cGlobaliza\u00e7\u00e3o 1\/2\u201d<\/em><\/p>\n<p>Autores: Lucas Fernandes e Nathaniel Farias.<\/p>\n<p><a href=\"https:\/\/wp.ufpel.edu.br\/lega\/files\/2021\/10\/Globalizacao-Semana-2-1.pdf\" target=\"_blank\" rel=\"noopener\">2\u00aa Semana &#8211; GLOBALIZA\u00c7\u00c3O 1\/2<\/a><\/p>\n<p>Link para o blog: <a href=\"https:\/\/ensino204areal.blogspot.com\/2021\/05\/globalizacao-12.html\" target=\"_blank\" rel=\"noopener\">GLOBALIZA\u00c7\u00c3O 1\/2<\/a><\/p>\n<p>&nbsp;<\/p>\n<p>Titulo do Material \u2013\u00a0<em>\u201cGlobaliza\u00e7\u00e3o 2\/2\u201d<\/em><\/p>\n<p>Autores: Lucas Fernandes e Nathaniel Farias.<\/p>\n<p><a href=\"https:\/\/wp.ufpel.edu.br\/lega\/files\/2021\/10\/Globalizacao-Semana-3.pdf\" target=\"_blank\" rel=\"noopener\">3\u00aa Semana &#8211; GLOBALIZA\u00c7\u00c3O 2\/2<\/a><\/p>\n<p>Link para o blog: <a href=\"https:\/\/ensino204areal.blogspot.com\/2021\/06\/globalizacao-22.html\" target=\"_blank\" rel=\"noopener\">GLOBALIZA\u00c7\u00c3O 2\/2<\/a><\/p>\n<p>&nbsp;<\/p>\n<p>Titulo do Material \u2013\u00a0<em>\u201cBrasil e o Mundo Globalizado 1\/2\u201d<\/em><\/p>\n<p>Autores: Lucas Fernandes e Nathaniel Farias.<\/p>\n<p><a href=\"https:\/\/wp.ufpel.edu.br\/lega\/files\/2021\/10\/Brasil-e-o-Mundo-Globalizado-Semana-4.pdf\" target=\"_blank\" rel=\"noopener\">4\u00aa Semana &#8211; BRASIL E O MUNDO GLOBALIZADO 1\/2<\/a><\/p>\n<p>Link para o blog: <a href=\"https:\/\/ensino204areal.blogspot.com\/2021\/06\/brasil-e-o-mundo-globalizado.html\" target=\"_blank\" rel=\"noopener\">BRASIL E O MUNDO GLOBALIZADO 1\/2<\/a><\/p>\n<p>&nbsp;<\/p>\n<p>Titulo do Material \u2013\u00a0<em>\u201cBrasil e o Mundo Globalizado 2\/2\u201d<\/em><\/p>\n<p>Autores: Lucas Fernandes e Nathaniel Farias.<\/p>\n<p><a href=\"https:\/\/wp.ufpel.edu.br\/lega\/files\/2021\/10\/Brasil-e-o-Mundo-Globalizado-Semana-5.pdf\" target=\"_blank\" rel=\"noopener\">5\u00aa Semana &#8211; BRASIL E O MUNOD GLOBALIZADO 2\/2<\/a><\/p>\n<p>Link para o blog: <a href=\"https:\/\/ensino204areal.blogspot.com\/2021\/06\/brasil-e-o-mundo-globalizado-22.html\" target=\"_blank\" rel=\"noopener\">BRASIL E O MUNDO GLOBALIZADO 2\/2<\/a><\/p>\n<p>&nbsp;<\/p>\n","protected":false},"excerpt":{"rendered":"<p>Sauda\u00e7\u00f5es Geogr\u00e1ficas Pessoal! Se voc\u00eas vieram at\u00e9 aqui \u00e9 porque est\u00e3o interessados nas produ\u00e7\u00f5es sobre o tema \u201cGlobaliza\u00e7\u00e3o\u201d, mod\u00e9stia a parte vieram ao lugar certo.\u00a0 \u00a0Estar\u00e3o a seguir os materiais organizados em grupos onde os mesmos se complementam, as produ\u00e7\u00f5es a abaixo estar\u00e3o em diferentes linguagens e formatos como: PDFs, e tamb\u00e9m link, esses para &hellip; <\/p>\n<p><a class=\"more-link btn\" href=\"https:\/\/wp.ufpel.edu.br\/lega\/blog-estagio-supervionado\/2o-ano-ensino-medio\/globalizacao-2\/\">Continue lendo<\/a><\/p>\n","protected":false},"author":747,"featured_media":0,"parent":279,"menu_order":0,"comment_status":"closed","ping_status":"closed","template":"","meta":{"footnotes":""},"class_list":["post-290","page","type-page","status-publish","hentry","nodate","item-wrap"],"_links":{"self":[{"href":"https:\/\/wp.ufpel.edu.br\/lega\/wp-json\/wp\/v2\/pages\/290","targetHints":{"allow":["GET"]}}],"collection":[{"href":"https:\/\/wp.ufpel.edu.br\/lega\/wp-json\/wp\/v2\/pages"}],"about":[{"href":"https:\/\/wp.ufpel.edu.br\/lega\/wp-json\/wp\/v2\/types\/page"}],"author":[{"embeddable":true,"href":"https:\/\/wp.ufpel.edu.br\/lega\/wp-json\/wp\/v2\/users\/747"}],"replies":[{"embeddable":true,"href":"https:\/\/wp.ufpel.edu.br\/lega\/wp-json\/wp\/v2\/comments?post=290"}],"version-history":[{"count":4,"href":"https:\/\/wp.ufpel.edu.br\/lega\/wp-json\/wp\/v2\/pages\/290\/revisions"}],"predecessor-version":[{"id":307,"href":"https:\/\/wp.ufpel.edu.br\/lega\/wp-json\/wp\/v2\/pages\/290\/revisions\/307"}],"up":[{"embeddable":true,"href":"https:\/\/wp.ufpel.edu.br\/lega\/wp-json\/wp\/v2\/pages\/279"}],"wp:attachment":[{"href":"https:\/\/wp.ufpel.edu.br\/lega\/wp-json\/wp\/v2\/media?parent=290"}],"curies":[{"name":"wp","href":"https:\/\/api.w.org\/{rel}","templated":true}]}}