{"id":209,"date":"2021-09-10T10:45:13","date_gmt":"2021-09-10T13:45:13","guid":{"rendered":"https:\/\/wp.ufpel.edu.br\/lega\/?page_id=209"},"modified":"2025-07-15T23:35:42","modified_gmt":"2025-07-16T02:35:42","slug":"estado","status":"publish","type":"page","link":"https:\/\/wp.ufpel.edu.br\/lega\/blog-estagio-supervionado\/3o-ano-ensino-medio\/estado\/","title":{"rendered":"Estado"},"content":{"rendered":"<h2>Sauda\u00e7\u00f5es Geogr\u00e1ficas pessoal!<\/h2>\n<p style=\"text-align: justify\">Se voc\u00eas vieram at\u00e9 aqui \u00e9 porque est\u00e3o interessados nas produ\u00e7\u00f5es sobre o tema \u201cEstado\u201d, mod\u00e9stia a parte vieram ao lugar certo.\u00a0 \u00a0Estar\u00e3o a seguir os materiais organizados em grupos onde os mesmos se complementam, as produ\u00e7\u00f5es a abaixo estar\u00e3o em diferentes linguagens e formatos como: Mapas Conceituais, Resumos, Pod e Videocasts, Dicion\u00e1rios Geogr\u00e1ficos, dentre outros. Os formatos ser\u00e3o de imagens, PDFs e Links \u2013 direcionando para o canal do Youtube do laborat\u00f3rio.<\/p>\n<h4>Esperamos que gostem!<\/h4>\n<p>&nbsp;<\/p>\n<p style=\"text-align: center\"><strong>ESTADO<\/strong><\/p>\n<p>Titulo do Material \u2013\u00a0<em>\u201cESTADO MINIMO PARA QUEM?\u201d<\/em><\/p>\n<p>Autores: Guilherme Crizel e Pedro de Moura.<\/p>\n<p style=\"text-align: justify\"><i><span style=\"font-weight: 400\">\u201cEstado m\u00ednimo para quem?\u201d<\/span><\/i><span style=\"font-weight: 400\"> O epis\u00f3dio aborda sobre a conceitua\u00e7\u00e3o de Territ\u00f3rio, Estado, o motivo da tributa\u00e7\u00e3o para o funcionamento do Estado, tendo como principal palco da discuss\u00e3o \u00e0 realidade brasileira.<\/span><\/p>\n<p><a href=\"https:\/\/wp.ufpel.edu.br\/lega\/files\/2021\/09\/8-RESUMO-ESTADO-MINIMO-PARA-QUEM_-1.pdf\" target=\"_blank\" rel=\"noopener\">8\u00ba RESUMO &#8211; ESTADO MINIMO PARA QUEM?<\/a><\/p>\n<p><a href=\"https:\/\/wp.ufpel.edu.br\/lega\/files\/2021\/09\/8-DICIONARIO-ESTADO-MINIMO-PARA-QUEM_.pdf-1.pdf\" target=\"_blank\" rel=\"noopener\">8\u00ba DICION\u00c1RIO &#8211; ESTADO MINIMO PARA QUEM?<\/a><\/p>\n<p style=\"text-align: justify\">Esse material possui algumas singularidades, devido ao mesmo ser o primeiro epis\u00f3dio do PodCast &#8220;Viajando na Geografia&#8221; a possuir tamb\u00e9m o formato VideoCast, que consiste para al\u00e9m do \u00e1udio tamb\u00e9m um recurso visual. Ser\u00e3o disponibilizados os dois formatos.<\/p>\n<p>Acesse o material clicando nas imagens abaixo e n\u00e3o esque\u00e7am de curtir nosso canal no Youtube.<\/p>\n<p>Acesso ao Podcast:<\/p>\n<p style=\"text-align: center\">Parte 1 :\u00a0 \u00a0 \u00a0 \u00a0 \u00a0 \u00a0 <a href=\"https:\/\/www.youtube.com\/watch?v=I9D_08CvDwU\" target=\"_blank\" rel=\"noopener\"><img loading=\"lazy\" decoding=\"async\" class=\"alignnone wp-image-160\" src=\"https:\/\/wp.ufpel.edu.br\/lega\/files\/2021\/08\/Capa1-1-400x400.jpg\" alt=\"\" width=\"235\" height=\"235\" srcset=\"https:\/\/wp.ufpel.edu.br\/lega\/files\/2021\/08\/Capa1-1-400x400.jpg 400w, https:\/\/wp.ufpel.edu.br\/lega\/files\/2021\/08\/Capa1-1-200x200.jpg 200w, https:\/\/wp.ufpel.edu.br\/lega\/files\/2021\/08\/Capa1-1-768x768.jpg 768w, https:\/\/wp.ufpel.edu.br\/lega\/files\/2021\/08\/Capa1-1-750x750.jpg 750w, https:\/\/wp.ufpel.edu.br\/lega\/files\/2021\/08\/Capa1-1.jpg 800w\" sizes=\"auto, (max-width: 235px) 100vw, 235px\" \/><\/a>\u00a0 \u00a0 \u00a0 \u00a0 \u00a0 \u00a0 \u00a0 \u00a0 \u00a0 \u00a0 \u00a0 \u00a0 \u00a0Parte 2 :\u00a0 \u00a0 \u00a0 \u00a0 \u00a0 \u00a0 <a href=\"https:\/\/www.youtube.com\/watch?v=KeeujZg-2bk\" target=\"_blank\" rel=\"noopener\"><img loading=\"lazy\" decoding=\"async\" class=\"alignnone wp-image-160\" src=\"https:\/\/wp.ufpel.edu.br\/lega\/files\/2021\/08\/Capa1-1-400x400.jpg\" alt=\"\" width=\"235\" height=\"235\" srcset=\"https:\/\/wp.ufpel.edu.br\/lega\/files\/2021\/08\/Capa1-1-400x400.jpg 400w, https:\/\/wp.ufpel.edu.br\/lega\/files\/2021\/08\/Capa1-1-200x200.jpg 200w, https:\/\/wp.ufpel.edu.br\/lega\/files\/2021\/08\/Capa1-1-768x768.jpg 768w, https:\/\/wp.ufpel.edu.br\/lega\/files\/2021\/08\/Capa1-1-750x750.jpg 750w, https:\/\/wp.ufpel.edu.br\/lega\/files\/2021\/08\/Capa1-1.jpg 800w\" sizes=\"auto, (max-width: 235px) 100vw, 235px\" \/><\/a><\/p>\n<p>&nbsp;<\/p>\n<p>Acesso ao VideoCast:<\/p>\n<p>Parte 1 :\u00a0 \u00a0 \u00a0 \u00a0 \u00a0 \u00a0 <a href=\"https:\/\/www.youtube.com\/watch?v=8sQATR7AJJ8\" target=\"_blank\" rel=\"noopener\"><img loading=\"lazy\" decoding=\"async\" class=\"alignnone wp-image-160\" src=\"https:\/\/wp.ufpel.edu.br\/lega\/files\/2021\/08\/Capa1-1-400x400.jpg\" alt=\"\" width=\"235\" height=\"235\" srcset=\"https:\/\/wp.ufpel.edu.br\/lega\/files\/2021\/08\/Capa1-1-400x400.jpg 400w, https:\/\/wp.ufpel.edu.br\/lega\/files\/2021\/08\/Capa1-1-200x200.jpg 200w, https:\/\/wp.ufpel.edu.br\/lega\/files\/2021\/08\/Capa1-1-768x768.jpg 768w, https:\/\/wp.ufpel.edu.br\/lega\/files\/2021\/08\/Capa1-1-750x750.jpg 750w, https:\/\/wp.ufpel.edu.br\/lega\/files\/2021\/08\/Capa1-1.jpg 800w\" sizes=\"auto, (max-width: 235px) 100vw, 235px\" \/><\/a>\u00a0 \u00a0 \u00a0 \u00a0 \u00a0 \u00a0 \u00a0 \u00a0 \u00a0 \u00a0 \u00a0 \u00a0 \u00a0Parte 2 :\u00a0 \u00a0 \u00a0 \u00a0 \u00a0 \u00a0 <a href=\"https:\/\/www.youtube.com\/watch?v=8G57IAW2nGk\" target=\"_blank\" rel=\"noopener\"><img loading=\"lazy\" decoding=\"async\" class=\"alignnone wp-image-160\" src=\"https:\/\/wp.ufpel.edu.br\/lega\/files\/2021\/08\/Capa1-1-400x400.jpg\" alt=\"\" width=\"235\" height=\"235\" srcset=\"https:\/\/wp.ufpel.edu.br\/lega\/files\/2021\/08\/Capa1-1-400x400.jpg 400w, https:\/\/wp.ufpel.edu.br\/lega\/files\/2021\/08\/Capa1-1-200x200.jpg 200w, https:\/\/wp.ufpel.edu.br\/lega\/files\/2021\/08\/Capa1-1-768x768.jpg 768w, https:\/\/wp.ufpel.edu.br\/lega\/files\/2021\/08\/Capa1-1-750x750.jpg 750w, https:\/\/wp.ufpel.edu.br\/lega\/files\/2021\/08\/Capa1-1.jpg 800w\" sizes=\"auto, (max-width: 235px) 100vw, 235px\" \/><\/a><\/p>\n","protected":false},"excerpt":{"rendered":"<p>Sauda\u00e7\u00f5es Geogr\u00e1ficas pessoal! Se voc\u00eas vieram at\u00e9 aqui \u00e9 porque est\u00e3o interessados nas produ\u00e7\u00f5es sobre o tema \u201cEstado\u201d, mod\u00e9stia a parte vieram ao lugar certo.\u00a0 \u00a0Estar\u00e3o a seguir os materiais organizados em grupos onde os mesmos se complementam, as produ\u00e7\u00f5es a abaixo estar\u00e3o em diferentes linguagens e formatos como: Mapas Conceituais, Resumos, Pod e Videocasts, &hellip; <\/p>\n<p><a class=\"more-link btn\" href=\"https:\/\/wp.ufpel.edu.br\/lega\/blog-estagio-supervionado\/3o-ano-ensino-medio\/estado\/\">Continue lendo<\/a><\/p>\n","protected":false},"author":747,"featured_media":0,"parent":129,"menu_order":0,"comment_status":"closed","ping_status":"closed","template":"","meta":{"footnotes":""},"class_list":["post-209","page","type-page","status-publish","hentry","nodate","item-wrap"],"_links":{"self":[{"href":"https:\/\/wp.ufpel.edu.br\/lega\/wp-json\/wp\/v2\/pages\/209","targetHints":{"allow":["GET"]}}],"collection":[{"href":"https:\/\/wp.ufpel.edu.br\/lega\/wp-json\/wp\/v2\/pages"}],"about":[{"href":"https:\/\/wp.ufpel.edu.br\/lega\/wp-json\/wp\/v2\/types\/page"}],"author":[{"embeddable":true,"href":"https:\/\/wp.ufpel.edu.br\/lega\/wp-json\/wp\/v2\/users\/747"}],"replies":[{"embeddable":true,"href":"https:\/\/wp.ufpel.edu.br\/lega\/wp-json\/wp\/v2\/comments?post=209"}],"version-history":[{"count":6,"href":"https:\/\/wp.ufpel.edu.br\/lega\/wp-json\/wp\/v2\/pages\/209\/revisions"}],"predecessor-version":[{"id":224,"href":"https:\/\/wp.ufpel.edu.br\/lega\/wp-json\/wp\/v2\/pages\/209\/revisions\/224"}],"up":[{"embeddable":true,"href":"https:\/\/wp.ufpel.edu.br\/lega\/wp-json\/wp\/v2\/pages\/129"}],"wp:attachment":[{"href":"https:\/\/wp.ufpel.edu.br\/lega\/wp-json\/wp\/v2\/media?parent=209"}],"curies":[{"name":"wp","href":"https:\/\/api.w.org\/{rel}","templated":true}]}}