{"id":192,"date":"2021-09-06T10:43:49","date_gmt":"2021-09-06T13:43:49","guid":{"rendered":"https:\/\/wp.ufpel.edu.br\/lega\/?page_id=192"},"modified":"2025-07-15T23:37:23","modified_gmt":"2025-07-16T02:37:23","slug":"pamdemia","status":"publish","type":"page","link":"https:\/\/wp.ufpel.edu.br\/lega\/blog-estagio-supervionado\/2o-ano-ensino-medio\/pamdemia\/","title":{"rendered":"Pandemia"},"content":{"rendered":"<h2>Sauda\u00e7\u00f5es Geogr\u00e1ficas pessoal!<\/h2>\n<p>Se voc\u00eas vieram at\u00e9 aqui \u00e9 porque est\u00e3o interessados nas produ\u00e7\u00f5es sobre o tema \u201cPandemia\u201d, mod\u00e9stia a parte vieram ao lugar certo.\u00a0 \u00a0Estar\u00e3o a seguir os materiais organizados em grupos onde os mesmos se complementam, as produ\u00e7\u00f5es a abaixo estar\u00e3o em diferentes linguagens e formatos como: Mapas Conceituais, Resumos, Pod e Videocasts, Dicion\u00e1rios Geogr\u00e1ficos, dentre outros. Os formatos ser\u00e3o de imagens, PDFs e Links \u2013 direcionando para o canal do Youtube do laborat\u00f3rio.<\/p>\n<h4>Esperamos que gostem!<\/h4>\n<p>&nbsp;<\/p>\n<p style=\"text-align: center\"><strong>PAMDEMIA E GLOBALIZA\u00c7\u00c3O<\/strong><\/p>\n<p style=\"text-align: justify\"><em><strong>Obs<\/strong>: Como o nome desse material j\u00e1 nos diz, ele traz tamb\u00e9m conceitos de Globaliza\u00e7\u00e3o, o mesmo e continua\u00e7\u00e3o do material dispon\u00edvel na aba &#8220;Globaliza\u00e7\u00e3o&#8221;, referente ao material &#8220;Viajando na Geografia&#8221;.<\/em><\/p>\n<p>Titulo do Material &#8211; <em>&#8220;PANDEMIA E GLOBALIZA\u00c7\u00c3O: LOUCURA NAS FRONTEIRAS, COMO FICA A VIAGEM?\u00a0<\/em><\/p>\n<p>Autores: Guilherme Crizel e Pedro de Moura.<\/p>\n<p style=\"text-align: justify\"><span style=\"font-weight: 400\">\u201c<\/span><i><span style=\"font-weight: 400\">Pandemia e Globaliza\u00e7\u00e3o: Loucura nas fronteiras, como fica a viagem?\u201d <\/span><\/i><span style=\"font-weight: 400\">Nesse epis\u00f3dio foi a aproxima\u00e7\u00e3o da pandemia e da globaliza\u00e7\u00e3o, o pensar o mundo globalizado durante uma pandemia e tamb\u00e9m refletir sobre a pandemia em um mundo globalizado. Nesse epis\u00f3dio trouxemos uma retrospectiva hist\u00f3rica sobre as pandemias, como as mesmas ocorrem e como o mundo globalizado afeta a dissemina\u00e7\u00e3o de v\u00edrus. A rela\u00e7\u00e3o das fronteiras e de circula\u00e7\u00e3o de bens e pessoas e barreiras sanit\u00e1rias.\u00a0<\/span><\/p>\n<p><a href=\"https:\/\/wp.ufpel.edu.br\/lega\/files\/2021\/09\/5-RESUMO-PANDEMIA-E-GLOBALIZACAO-LOUCURA-NAS-FRONTEIRAS-COMO-VAI-FICAR-A-VIAGEM-1.pdf\" target=\"_blank\" rel=\"noopener\">5\u00ba RESUMO &#8211; PANDEMIA E GLOBALIZA\u00c7\u00c3O: LOUCURA NAS FRONTEIRAS, COMO VAI FICAR A VIAGEM?<\/a><\/p>\n<p><a href=\"https:\/\/wp.ufpel.edu.br\/lega\/files\/2021\/09\/5-DICIONARIO-PANDEMIA-E-GLOBALIZACAO-LOUCURA-NAS-FRONTEIRAS-COMO-VAI-FICAR-A-VIAGEM-1.pdf\" target=\"_blank\" rel=\"noopener\">5\u00ba DICION\u00c1RIO &#8211; PANDEMIA E GLOBALIZA\u00c7\u00c3O: LOUCURA NAS FRONTEIRAS, COMO VAI FICAR A VIAGEM?<\/a><\/p>\n<p>Escute o PodCast clicando na imagem e siga nosso canal no Youtube.<\/p>\n<p><a href=\"https:\/\/youtu.be\/7xp6fbifDcw\" target=\"_blank\" rel=\"noopener\"><img loading=\"lazy\" decoding=\"async\" class=\"wp-image-160 aligncenter\" src=\"https:\/\/wp.ufpel.edu.br\/lega\/files\/2021\/08\/Capa1-1-400x400.jpg\" alt=\"\" width=\"280\" height=\"280\" srcset=\"https:\/\/wp.ufpel.edu.br\/lega\/files\/2021\/08\/Capa1-1-400x400.jpg 400w, https:\/\/wp.ufpel.edu.br\/lega\/files\/2021\/08\/Capa1-1-200x200.jpg 200w, https:\/\/wp.ufpel.edu.br\/lega\/files\/2021\/08\/Capa1-1-768x768.jpg 768w, https:\/\/wp.ufpel.edu.br\/lega\/files\/2021\/08\/Capa1-1-750x750.jpg 750w, https:\/\/wp.ufpel.edu.br\/lega\/files\/2021\/08\/Capa1-1.jpg 800w\" sizes=\"auto, (max-width: 280px) 100vw, 280px\" \/><\/a><\/p>\n<p>&nbsp;<\/p>\n<p style=\"text-align: center\"><strong>O SOCIAL E A PAMDEMIA\u00a0<\/strong><\/p>\n<p style=\"text-align: left\">Titulo do Material &#8211; <i><span style=\"font-weight: 400\">\u201cQUEST\u00d5ES SOCIAIS NA PAMDEMIA: A QUEDA DE BRA\u00c7O COM O V\u00cdRUS!&#8221;<\/span><\/i><\/p>\n<p>Autores: Guilherme Crizel e Pedro de Moura.<\/p>\n<p><i><span style=\"font-weight: 400\">\u201cQuest\u00f5es sociais na Pandemia: A queda de bra\u00e7o com o v\u00edrus!<\/span><\/i><span style=\"font-weight: 400\">\u201d Fala sobre o surgimento do v\u00edrus de Sars-Cov-2 abordando a rela\u00e7\u00e3o da espacializa\u00e7\u00e3o do v\u00edrus e algumas motiva\u00e7\u00f5es que favorecem o surgimento de uma nova pandemia.\u00a0<\/span><\/p>\n<p><a href=\"https:\/\/wp.ufpel.edu.br\/lega\/files\/2021\/09\/6-RESUMO-QUESTOES-SOCIAIS-NA-PANDEMIA-A-QUEDA-DE-BRACO-COM-O-VIRUS-1.pdf\" target=\"_blank\" rel=\"noopener\">6\u00ba RESUMO &#8211; QUEST\u00d5ES SOCIAIS NA PANDEMIA: A QUEDA DE BRA\u00c7O COM O V\u00cdRUS!<\/a><\/p>\n<p><a href=\"https:\/\/wp.ufpel.edu.br\/lega\/files\/2021\/09\/6-DICIONARIO-QUESTOES-SOCIAIS-NA-PANDEMIA-A-QUEDA-DE-BRACO-COM-O-VIRUS.pdf\" target=\"_blank\" rel=\"noopener\">6\u00ba DICION\u00c1RIO &#8211; QUEST\u00d5ES SOCIAIS NA PANDEMIA: A QUEDA DE BRA\u00c7O COM O V\u00cdRUS!<\/a><\/p>\n<p>Escute o PodCast clicando na imagem e siga nosso canal no Youtube.<\/p>\n<p><a href=\"https:\/\/youtu.be\/XUukPMvz6yg\" target=\"_blank\" rel=\"noopener\"><img loading=\"lazy\" decoding=\"async\" class=\"wp-image-160 aligncenter\" src=\"https:\/\/wp.ufpel.edu.br\/lega\/files\/2021\/08\/Capa1-1-400x400.jpg\" alt=\"\" width=\"280\" height=\"280\" srcset=\"https:\/\/wp.ufpel.edu.br\/lega\/files\/2021\/08\/Capa1-1-400x400.jpg 400w, https:\/\/wp.ufpel.edu.br\/lega\/files\/2021\/08\/Capa1-1-200x200.jpg 200w, https:\/\/wp.ufpel.edu.br\/lega\/files\/2021\/08\/Capa1-1-768x768.jpg 768w, https:\/\/wp.ufpel.edu.br\/lega\/files\/2021\/08\/Capa1-1-750x750.jpg 750w, https:\/\/wp.ufpel.edu.br\/lega\/files\/2021\/08\/Capa1-1.jpg 800w\" sizes=\"auto, (max-width: 280px) 100vw, 280px\" \/><\/a><\/p>\n<p>&nbsp;<\/p>\n<p style=\"text-align: center\"><strong>O SOCIAL BRASILEIRO E A PAMDEMIA\u00a0<\/strong><\/p>\n<p style=\"text-align: left\">Titulo do Material &#8211; <i><span style=\"font-weight: 400\">\u201cO SOCIAL BRASILEIRO E A PANDEMIA: VAI DAR PRA COMPRAR P\u00c3O?&#8221;<\/span><\/i><\/p>\n<p>Autores: Guilherme Crizel e Pedro de Moura.<\/p>\n<p><i><span style=\"font-weight: 400\">\u201cO social brasileiro e a pandemia: Vai dar pra comprar p\u00e3o?\u201d<\/span><\/i><span style=\"font-weight: 400\">\u00a0 Fala sobre os impactos da pandemia, trazendo os motivos dos aumentos no pre\u00e7o dos produtos, desemprego, o papel do Estado e de governos para ampliar pol\u00edticas p\u00fablicas.\u00a0<\/span><\/p>\n<p><a href=\"https:\/\/wp.ufpel.edu.br\/lega\/files\/2021\/09\/7-RESUMO-O-SOCIAL-BRASILEIRO-E-A-PANDEMIA_-VAI-DAR-PRA-COMPRAR-PAO_-.pdf\" target=\"_blank\" rel=\"noopener\">7\u00ba RESUMO &#8211; O SOCIAL BRASILEIRO E A PANDEMIA: VAI DAR PRA COMPRAR P\u00c3O?<\/a><\/p>\n<p><a href=\"https:\/\/wp.ufpel.edu.br\/lega\/files\/2021\/09\/7-DICIONARIO-O-SOCIAL-BRASILEIRO-E-A-PANDEMIA_-VAI-DAR-PRA-COMPRAR-PAO_-.pdf\" target=\"_blank\" rel=\"noopener\">7\u00ba DICION\u00c1RIO &#8211; O SOCIAL BRASILEIRO E A PANDEMIA: VAI DAR PRA COMPRAR P\u00c3O?<\/a><\/p>\n<p>Escute o PodCast clicando na imagem e siga nosso canal no Youtube.<\/p>\n<p><a href=\"https:\/\/youtu.be\/ik59eZcTs2I\" target=\"_blank\" rel=\"noopener\"><img loading=\"lazy\" decoding=\"async\" class=\"wp-image-160 aligncenter\" src=\"https:\/\/wp.ufpel.edu.br\/lega\/files\/2021\/08\/Capa1-1-400x400.jpg\" alt=\"\" width=\"280\" height=\"280\" srcset=\"https:\/\/wp.ufpel.edu.br\/lega\/files\/2021\/08\/Capa1-1-400x400.jpg 400w, https:\/\/wp.ufpel.edu.br\/lega\/files\/2021\/08\/Capa1-1-200x200.jpg 200w, https:\/\/wp.ufpel.edu.br\/lega\/files\/2021\/08\/Capa1-1-768x768.jpg 768w, https:\/\/wp.ufpel.edu.br\/lega\/files\/2021\/08\/Capa1-1-750x750.jpg 750w, https:\/\/wp.ufpel.edu.br\/lega\/files\/2021\/08\/Capa1-1.jpg 800w\" sizes=\"auto, (max-width: 280px) 100vw, 280px\" \/><\/a><\/p>\n<p>&nbsp;<\/p>\n","protected":false},"excerpt":{"rendered":"<p>Sauda\u00e7\u00f5es Geogr\u00e1ficas pessoal! Se voc\u00eas vieram at\u00e9 aqui \u00e9 porque est\u00e3o interessados nas produ\u00e7\u00f5es sobre o tema \u201cPandemia\u201d, mod\u00e9stia a parte vieram ao lugar certo.\u00a0 \u00a0Estar\u00e3o a seguir os materiais organizados em grupos onde os mesmos se complementam, as produ\u00e7\u00f5es a abaixo estar\u00e3o em diferentes linguagens e formatos como: Mapas Conceituais, Resumos, Pod e Videocasts, &hellip; <\/p>\n<p><a class=\"more-link btn\" href=\"https:\/\/wp.ufpel.edu.br\/lega\/blog-estagio-supervionado\/2o-ano-ensino-medio\/pamdemia\/\">Continue lendo<\/a><\/p>\n","protected":false},"author":747,"featured_media":0,"parent":279,"menu_order":0,"comment_status":"closed","ping_status":"closed","template":"","meta":{"footnotes":""},"class_list":["post-192","page","type-page","status-publish","hentry","nodate","item-wrap"],"_links":{"self":[{"href":"https:\/\/wp.ufpel.edu.br\/lega\/wp-json\/wp\/v2\/pages\/192","targetHints":{"allow":["GET"]}}],"collection":[{"href":"https:\/\/wp.ufpel.edu.br\/lega\/wp-json\/wp\/v2\/pages"}],"about":[{"href":"https:\/\/wp.ufpel.edu.br\/lega\/wp-json\/wp\/v2\/types\/page"}],"author":[{"embeddable":true,"href":"https:\/\/wp.ufpel.edu.br\/lega\/wp-json\/wp\/v2\/users\/747"}],"replies":[{"embeddable":true,"href":"https:\/\/wp.ufpel.edu.br\/lega\/wp-json\/wp\/v2\/comments?post=192"}],"version-history":[{"count":9,"href":"https:\/\/wp.ufpel.edu.br\/lega\/wp-json\/wp\/v2\/pages\/192\/revisions"}],"predecessor-version":[{"id":214,"href":"https:\/\/wp.ufpel.edu.br\/lega\/wp-json\/wp\/v2\/pages\/192\/revisions\/214"}],"up":[{"embeddable":true,"href":"https:\/\/wp.ufpel.edu.br\/lega\/wp-json\/wp\/v2\/pages\/279"}],"wp:attachment":[{"href":"https:\/\/wp.ufpel.edu.br\/lega\/wp-json\/wp\/v2\/media?parent=192"}],"curies":[{"name":"wp","href":"https:\/\/api.w.org\/{rel}","templated":true}]}}