{"id":16,"date":"2021-04-16T13:22:24","date_gmt":"2021-04-16T16:22:24","guid":{"rendered":"https:\/\/wp.ufpel.edu.br\/lega\/?page_id=16"},"modified":"2025-07-12T13:11:12","modified_gmt":"2025-07-12T16:11:12","slug":"grupo-de-pesquisa","status":"publish","type":"page","link":"https:\/\/wp.ufpel.edu.br\/lega\/grupo-de-pesquisa\/","title":{"rendered":"Grupo de Pesquisa"},"content":{"rendered":"<p style=\"text-align: left;\"><strong>Grupo de Pesquisa Espa\u00e7os Sociais e Forma\u00e7\u00e3o de Professores- GESFOP<\/strong><\/p>\n<p><strong><img loading=\"lazy\" decoding=\"async\" class=\"wp-image-519 alignleft\" src=\"https:\/\/wp.ufpel.edu.br\/lega\/files\/2025\/07\/Logos_organizacao-1024x742-1-e1752336164447-200x200.png\" alt=\"\" width=\"238\" height=\"238\" \/><\/strong><\/p>\n<p style=\"text-align: justify;\">O grupo tem como objetivo viabilizar o desenvolvimento de trabalhos integrados, ampliar a intera\u00e7\u00e3o e parcerias com a comunidade local e regional e construir projetos coletivos de pesquisa, ensino e extens\u00e3o voltados \u00e0 forma\u00e7\u00e3o inicial e continuada de professores. Tamb\u00e9m, ampliar a produ\u00e7\u00e3o do conhecimento geogr\u00e1fico e pedag\u00f3gico em diferentes espa\u00e7os sociais, contribuindo para o desenvolvimento de metodologias, cartografias e pr\u00e1ticas de ensino, na perspectiva de uma geografia da educa\u00e7\u00e3o. Est\u00e1 constitu\u00eddo por professores e estudantes de gradua\u00e7\u00e3o e p\u00f3s-gradua\u00e7\u00e3o da Universidade Federal de Pelotas, estabelecendo parcerias com docentes e grupos de pesquisas de outras universidades p\u00fablicas.<\/p>\n<p>&nbsp;<\/p>\n<p style=\"text-align: justify;\">Linhas de pesquisa:<br \/>\n&#8211; Cartografia e Representa\u00e7\u00f5es do Cotidiano;<br \/>\n&#8211; Forma\u00e7\u00e3o de professores teorias e pr\u00e1ticas pedag\u00f3gicas em diferentes espa\u00e7os sociais.<\/p>\n<p>Coordena\u00e7\u00e3o do Grupo:<br \/>\nProfa. Dra. Rosangela Lurdes Spironello e profa. Dra. L\u00edgia Cardoso Carlos<\/p>\n<p>Acesse nosso <a href=\"https:\/\/www.instagram.com\/gesfop.ufpel?utm_source=ig_web_button_share_sheet&amp;igsh=ZGJpbjlqcW9jcnhx\">Instagram<\/a>!<\/p>\n","protected":false},"excerpt":{"rendered":"<p>Grupo de Pesquisa Espa\u00e7os Sociais e Forma\u00e7\u00e3o de Professores- GESFOP O grupo tem como objetivo viabilizar o desenvolvimento de trabalhos integrados, ampliar a intera\u00e7\u00e3o e parcerias com a comunidade local e regional e construir projetos coletivos de pesquisa, ensino e extens\u00e3o voltados \u00e0 forma\u00e7\u00e3o inicial e continuada de professores. Tamb\u00e9m, ampliar a produ\u00e7\u00e3o do conhecimento &hellip; <\/p>\n<p><a class=\"more-link btn\" href=\"https:\/\/wp.ufpel.edu.br\/lega\/grupo-de-pesquisa\/\">Continue lendo<\/a><\/p>\n","protected":false},"author":747,"featured_media":0,"parent":0,"menu_order":0,"comment_status":"closed","ping_status":"closed","template":"","meta":{"footnotes":""},"class_list":["post-16","page","type-page","status-publish","hentry","nodate","item-wrap"],"_links":{"self":[{"href":"https:\/\/wp.ufpel.edu.br\/lega\/wp-json\/wp\/v2\/pages\/16","targetHints":{"allow":["GET"]}}],"collection":[{"href":"https:\/\/wp.ufpel.edu.br\/lega\/wp-json\/wp\/v2\/pages"}],"about":[{"href":"https:\/\/wp.ufpel.edu.br\/lega\/wp-json\/wp\/v2\/types\/page"}],"author":[{"embeddable":true,"href":"https:\/\/wp.ufpel.edu.br\/lega\/wp-json\/wp\/v2\/users\/747"}],"replies":[{"embeddable":true,"href":"https:\/\/wp.ufpel.edu.br\/lega\/wp-json\/wp\/v2\/comments?post=16"}],"version-history":[{"count":5,"href":"https:\/\/wp.ufpel.edu.br\/lega\/wp-json\/wp\/v2\/pages\/16\/revisions"}],"predecessor-version":[{"id":522,"href":"https:\/\/wp.ufpel.edu.br\/lega\/wp-json\/wp\/v2\/pages\/16\/revisions\/522"}],"wp:attachment":[{"href":"https:\/\/wp.ufpel.edu.br\/lega\/wp-json\/wp\/v2\/media?parent=16"}],"curies":[{"name":"wp","href":"https:\/\/api.w.org\/{rel}","templated":true}]}}