{"id":129,"date":"2021-08-26T17:13:06","date_gmt":"2021-08-26T20:13:06","guid":{"rendered":"https:\/\/wp.ufpel.edu.br\/lega\/?page_id=129"},"modified":"2025-07-15T23:34:05","modified_gmt":"2025-07-16T02:34:05","slug":"3o-ano-ensino-medio","status":"publish","type":"page","link":"https:\/\/wp.ufpel.edu.br\/lega\/blog-estagio-supervionado\/3o-ano-ensino-medio\/","title":{"rendered":"3\u00ba Ano &#8211; Ensino M\u00e9dio"},"content":{"rendered":"<h2>Sauda\u00e7\u00f5es Geogr\u00e1ficas!<\/h2>\n<p style=\"text-align: justify\">Nessa pagina est\u00e3o dispon\u00edveis mat\u00e9ria referentes ao 3\u00ba Ano do Ensino M\u00e9dio, estes produzidos por acad\u00eamicos da Licenciatura em Geografia &#8211; UFPel durante seu per\u00edodo de estagio supervisionado.\u00a0 \u00a0O material foi disponibilizados pelos aluno vinculados ao <strong>NESG<\/strong> &#8211; N\u00facleo de Est\u00e1gios Supervisionas em Geografia.<\/p>\n<p style=\"text-align: justify\">Esperamos que o material ajude no planejamento das aulas de Geografia de professores e estagi\u00e1rios\u00a0 e que tamb\u00e9m auxilie alunos que est\u00e3o cursando o 3\u00ba Ano do Ensino M\u00e9dio.<\/p>\n<p>&nbsp;<\/p>\n","protected":false},"excerpt":{"rendered":"<p>Sauda\u00e7\u00f5es Geogr\u00e1ficas! Nessa pagina est\u00e3o dispon\u00edveis mat\u00e9ria referentes ao 3\u00ba Ano do Ensino M\u00e9dio, estes produzidos por acad\u00eamicos da Licenciatura em Geografia &#8211; UFPel durante seu per\u00edodo de estagio supervisionado.\u00a0 \u00a0O material foi disponibilizados pelos aluno vinculados ao NESG &#8211; N\u00facleo de Est\u00e1gios Supervisionas em Geografia. Esperamos que o material ajude no planejamento das aulas &hellip; <\/p>\n<p><a class=\"more-link btn\" href=\"https:\/\/wp.ufpel.edu.br\/lega\/blog-estagio-supervionado\/3o-ano-ensino-medio\/\">Continue lendo<\/a><\/p>\n","protected":false},"author":747,"featured_media":0,"parent":48,"menu_order":0,"comment_status":"closed","ping_status":"closed","template":"","meta":{"footnotes":""},"class_list":["post-129","page","type-page","status-publish","hentry","nodate","item-wrap"],"_links":{"self":[{"href":"https:\/\/wp.ufpel.edu.br\/lega\/wp-json\/wp\/v2\/pages\/129","targetHints":{"allow":["GET"]}}],"collection":[{"href":"https:\/\/wp.ufpel.edu.br\/lega\/wp-json\/wp\/v2\/pages"}],"about":[{"href":"https:\/\/wp.ufpel.edu.br\/lega\/wp-json\/wp\/v2\/types\/page"}],"author":[{"embeddable":true,"href":"https:\/\/wp.ufpel.edu.br\/lega\/wp-json\/wp\/v2\/users\/747"}],"replies":[{"embeddable":true,"href":"https:\/\/wp.ufpel.edu.br\/lega\/wp-json\/wp\/v2\/comments?post=129"}],"version-history":[{"count":3,"href":"https:\/\/wp.ufpel.edu.br\/lega\/wp-json\/wp\/v2\/pages\/129\/revisions"}],"predecessor-version":[{"id":284,"href":"https:\/\/wp.ufpel.edu.br\/lega\/wp-json\/wp\/v2\/pages\/129\/revisions\/284"}],"up":[{"embeddable":true,"href":"https:\/\/wp.ufpel.edu.br\/lega\/wp-json\/wp\/v2\/pages\/48"}],"wp:attachment":[{"href":"https:\/\/wp.ufpel.edu.br\/lega\/wp-json\/wp\/v2\/media?parent=129"}],"curies":[{"name":"wp","href":"https:\/\/api.w.org\/{rel}","templated":true}]}}