{"id":45,"date":"2025-04-06T14:21:05","date_gmt":"2025-04-06T17:21:05","guid":{"rendered":"https:\/\/wp.ufpel.edu.br\/leetc\/?page_id=45"},"modified":"2025-04-06T15:13:01","modified_gmt":"2025-04-06T18:13:01","slug":"o-laboratorio","status":"publish","type":"page","link":"https:\/\/wp.ufpel.edu.br\/leetc\/o-laboratorio\/","title":{"rendered":"O laborat\u00f3rio"},"content":{"rendered":"<p>O Laborat\u00f3rio de Efici\u00eancia Energ\u00e9tica e Teoria Construtal (LEETC) foi criado no ano de 2020. As pesquisas desenvolvidas buscam avan\u00e7ar o conhecimento sobre dispositivos que aproveitem de modo sustent\u00e1vel as energias solar e t\u00e9rmica.<\/p>\n<p>Atualmente possui 2 sedes: uma no campus Cap\u00e3o do Le\u00e3o (sala 104 do pr\u00e9dio 16, junto ao PPGMMat) e outra no Centro de Engenharias, atendendo os pesquisadores envolvidos em mais de um campus da universidade.<\/p>\n<p><img loading=\"lazy\" decoding=\"async\" class=\"wp-image-49 aligncenter\" src=\"https:\/\/wp.ufpel.edu.br\/leetc\/files\/2025\/04\/2-283x400.png\" alt=\"\" width=\"293\" height=\"409\" \/><img loading=\"lazy\" decoding=\"async\" class=\" wp-image-50 aligncenter\" src=\"https:\/\/wp.ufpel.edu.br\/leetc\/files\/2025\/04\/9-267x400.png\" alt=\"\" width=\"287\" height=\"424\" \/><\/p>\n<p><strong>Estrutura &#8211; sede campus Cap\u00e3o do Le\u00e3o:<\/strong><\/p>\n<p><img loading=\"lazy\" decoding=\"async\" class=\"size-medium wp-image-46 aligncenter\" src=\"https:\/\/wp.ufpel.edu.br\/leetc\/files\/2025\/04\/WhatsApp-Image-2025-03-27-at-11.11.07-1-400x300.jpeg\" alt=\"\" width=\"400\" height=\"300\" srcset=\"https:\/\/wp.ufpel.edu.br\/leetc\/files\/2025\/04\/WhatsApp-Image-2025-03-27-at-11.11.07-1-400x300.jpeg 400w, https:\/\/wp.ufpel.edu.br\/leetc\/files\/2025\/04\/WhatsApp-Image-2025-03-27-at-11.11.07-1-1024x768.jpeg 1024w, https:\/\/wp.ufpel.edu.br\/leetc\/files\/2025\/04\/WhatsApp-Image-2025-03-27-at-11.11.07-1-768x576.jpeg 768w, https:\/\/wp.ufpel.edu.br\/leetc\/files\/2025\/04\/WhatsApp-Image-2025-03-27-at-11.11.07-1.jpeg 1280w\" sizes=\"auto, (max-width: 400px) 100vw, 400px\" \/> <img loading=\"lazy\" decoding=\"async\" class=\"size-medium wp-image-47 aligncenter\" src=\"https:\/\/wp.ufpel.edu.br\/leetc\/files\/2025\/04\/WhatsApp-Image-2025-03-27-at-11.11.07-400x300.jpeg\" alt=\"\" width=\"400\" height=\"300\" srcset=\"https:\/\/wp.ufpel.edu.br\/leetc\/files\/2025\/04\/WhatsApp-Image-2025-03-27-at-11.11.07-400x300.jpeg 400w, https:\/\/wp.ufpel.edu.br\/leetc\/files\/2025\/04\/WhatsApp-Image-2025-03-27-at-11.11.07-1024x768.jpeg 1024w, https:\/\/wp.ufpel.edu.br\/leetc\/files\/2025\/04\/WhatsApp-Image-2025-03-27-at-11.11.07-768x576.jpeg 768w, https:\/\/wp.ufpel.edu.br\/leetc\/files\/2025\/04\/WhatsApp-Image-2025-03-27-at-11.11.07.jpeg 1280w\" sizes=\"auto, (max-width: 400px) 100vw, 400px\" \/><\/p>\n","protected":false},"excerpt":{"rendered":"<p>O Laborat\u00f3rio de Efici\u00eancia Energ\u00e9tica e Teoria Construtal (LEETC) foi criado no ano de 2020. As pesquisas desenvolvidas buscam avan\u00e7ar o conhecimento sobre dispositivos que aproveitem de modo sustent\u00e1vel as energias solar e t\u00e9rmica. Atualmente possui 2 sedes: uma no &hellip; <a href=\"https:\/\/wp.ufpel.edu.br\/leetc\/o-laboratorio\/\">Continue lendo <span class=\"meta-nav\">&rarr;<\/span><\/a><\/p>\n","protected":false},"author":1192,"featured_media":25,"parent":0,"menu_order":0,"comment_status":"closed","ping_status":"closed","template":"","meta":{"footnotes":""},"class_list":["post-45","page","type-page","status-publish","has-post-thumbnail","hentry"],"_links":{"self":[{"href":"https:\/\/wp.ufpel.edu.br\/leetc\/wp-json\/wp\/v2\/pages\/45","targetHints":{"allow":["GET"]}}],"collection":[{"href":"https:\/\/wp.ufpel.edu.br\/leetc\/wp-json\/wp\/v2\/pages"}],"about":[{"href":"https:\/\/wp.ufpel.edu.br\/leetc\/wp-json\/wp\/v2\/types\/page"}],"author":[{"embeddable":true,"href":"https:\/\/wp.ufpel.edu.br\/leetc\/wp-json\/wp\/v2\/users\/1192"}],"replies":[{"embeddable":true,"href":"https:\/\/wp.ufpel.edu.br\/leetc\/wp-json\/wp\/v2\/comments?post=45"}],"version-history":[{"count":6,"href":"https:\/\/wp.ufpel.edu.br\/leetc\/wp-json\/wp\/v2\/pages\/45\/revisions"}],"predecessor-version":[{"id":82,"href":"https:\/\/wp.ufpel.edu.br\/leetc\/wp-json\/wp\/v2\/pages\/45\/revisions\/82"}],"wp:featuredmedia":[{"embeddable":true,"href":"https:\/\/wp.ufpel.edu.br\/leetc\/wp-json\/wp\/v2\/media\/25"}],"wp:attachment":[{"href":"https:\/\/wp.ufpel.edu.br\/leetc\/wp-json\/wp\/v2\/media?parent=45"}],"curies":[{"name":"wp","href":"https:\/\/api.w.org\/{rel}","templated":true}]}}