{"id":5,"date":"2020-06-26T13:51:42","date_gmt":"2020-06-26T16:51:42","guid":{"rendered":"https:\/\/wp.ufpel.edu.br\/leca\/?page_id=5"},"modified":"2020-06-28T04:04:29","modified_gmt":"2020-06-28T07:04:29","slug":"apresentacao","status":"publish","type":"page","link":"https:\/\/wp.ufpel.edu.br\/leca\/","title":{"rendered":""},"content":{"rendered":"\n<p><img loading=\"lazy\" decoding=\"async\" width=\"1400\" height=\"30\" data-attachment-id=\"65\" data-permalink=\"https:\/\/wp.ufpel.edu.br\/leca\/apresentacao\/faixa_2\/\" data-orig-file=\"https:\/\/wp.ufpel.edu.br\/leca\/files\/2020\/06\/faixa_2.jpg\" data-orig-size=\"1400,30\" data-comments-opened=\"0\" data-image-meta=\"{&quot;aperture&quot;:&quot;0&quot;,&quot;credit&quot;:&quot;&quot;,&quot;camera&quot;:&quot;&quot;,&quot;caption&quot;:&quot;&quot;,&quot;created_timestamp&quot;:&quot;0&quot;,&quot;copyright&quot;:&quot;&quot;,&quot;focal_length&quot;:&quot;0&quot;,&quot;iso&quot;:&quot;0&quot;,&quot;shutter_speed&quot;:&quot;0&quot;,&quot;title&quot;:&quot;&quot;,&quot;orientation&quot;:&quot;1&quot;}\" data-image-title=\"faixa_2\" data-image-description=\"\" data-image-caption=\"\" data-medium-file=\"https:\/\/wp.ufpel.edu.br\/leca\/files\/2020\/06\/faixa_2-400x9.jpg\" data-large-file=\"https:\/\/wp.ufpel.edu.br\/leca\/files\/2020\/06\/faixa_2-1024x22.jpg\" class=\"wp-image-65\" style=\"width: 1400px;\" src=\"https:\/\/wp.ufpel.edu.br\/leca\/files\/2020\/06\/faixa_2.jpg\" alt=\"\" srcset=\"https:\/\/wp.ufpel.edu.br\/leca\/files\/2020\/06\/faixa_2.jpg 1400w, https:\/\/wp.ufpel.edu.br\/leca\/files\/2020\/06\/faixa_2-400x9.jpg 400w, https:\/\/wp.ufpel.edu.br\/leca\/files\/2020\/06\/faixa_2-1024x22.jpg 1024w, https:\/\/wp.ufpel.edu.br\/leca\/files\/2020\/06\/faixa_2-768x16.jpg 768w\" sizes=\"auto, (max-width: 1400px) 100vw, 1400px\" \/><\/p>\n\n\n\n<h2 class=\"wp-block-heading\">Apresenta\u00e7\u00e3o<\/h2>\n\n\n<p><a href=\"https:\/\/wp.ufpel.edu.br\/leca\/files\/2020\/06\/tmb_e5c75446174519d0bac8351783eb3311.jpg\"><img loading=\"lazy\" decoding=\"async\" data-attachment-id=\"8\" data-permalink=\"https:\/\/wp.ufpel.edu.br\/leca\/apresentacao\/tmb_e5c75446174519d0bac8351783eb3311\/\" data-orig-file=\"https:\/\/wp.ufpel.edu.br\/leca\/files\/2020\/06\/tmb_e5c75446174519d0bac8351783eb3311.jpg\" data-orig-size=\"305,231\" data-comments-opened=\"0\" data-image-meta=\"{&quot;aperture&quot;:&quot;0&quot;,&quot;credit&quot;:&quot;&quot;,&quot;camera&quot;:&quot;&quot;,&quot;caption&quot;:&quot;&quot;,&quot;created_timestamp&quot;:&quot;0&quot;,&quot;copyright&quot;:&quot;&quot;,&quot;focal_length&quot;:&quot;0&quot;,&quot;iso&quot;:&quot;0&quot;,&quot;shutter_speed&quot;:&quot;0&quot;,&quot;title&quot;:&quot;&quot;,&quot;orientation&quot;:&quot;0&quot;}\" data-image-title=\"tmb_e5c75446174519d0bac8351783eb3311\" data-image-description=\"\" data-image-caption=\"\" data-medium-file=\"https:\/\/wp.ufpel.edu.br\/leca\/files\/2020\/06\/tmb_e5c75446174519d0bac8351783eb3311.jpg\" data-large-file=\"https:\/\/wp.ufpel.edu.br\/leca\/files\/2020\/06\/tmb_e5c75446174519d0bac8351783eb3311.jpg\" class=\"size-full wp-image-8 alignright\" src=\"https:\/\/wp.ufpel.edu.br\/leca\/files\/2020\/06\/tmb_e5c75446174519d0bac8351783eb3311.jpg\" alt=\"\" width=\"305\" height=\"231\"><\/a>O Laborat\u00f3rio de Estudos sobre a Cer\u00e2mica Antiga (LECA), criado no final de 2011, visa aprofundar e difundir pesquisas sobre a cer\u00e2mica antiga a partir de abordagens de estudo distintas e complementares, como por exemplo, estil\u00edsticas, formais, t\u00e9cnicas, tipol\u00f3gicas e iconogr\u00e1ficas. A equipe do LECA \u00e9 integrada por pesquisadores, professores, alunos e t\u00e9cnicos que desenvolvem estudos sobre a cer\u00e2mica antiga enquanto documento material para o conhecimento das sociedades antigas por meio das diferentes linhas de pesquisa contempladas pelo projeto tem\u00e1tico do laborat\u00f3rio.<\/p>\n<p>Al\u00e9m disso, tendo como objeto de an\u00e1lise central o material cer\u00e2mico, visamos tamb\u00e9m promover a coopera\u00e7\u00e3o entre especialistas neste material, contemplando diferentes per\u00edodos, circunst\u00e2ncias de achado e proced\u00eancias. Dessa forma, o LECA se configura tamb\u00e9m como um espa\u00e7o de trabalho interdisciplinar cujos objetivos incluem viabilizar reuni\u00f5es e discuss\u00f5es te\u00f3rico-metodol\u00f3gicas a respeito da tem\u00e1tica geral da cer\u00e2mica antiga com a participa\u00e7\u00e3o de diferentes especialistas na \u00e1rea no quadro acad\u00eamico brasileiro, buscando tamb\u00e9m promover interc\u00e2mbios de projetos e encontros internacionais, e assim, apoiando a forma\u00e7\u00e3o de novos pesquisadores no Brasil atrav\u00e9s da inclus\u00e3o de membros discentes e suas respectivas pesquisas de Inicia\u00e7\u00e3o Cient\u00edfica, monografias e trabalhos de conclus\u00e3o de curso, disserta\u00e7\u00f5es de mestrado e teses de doutorado.<\/p>\n<p>As pesquisas desenvolvidas pelo LECA incluem a reuni\u00e3o e cataloga\u00e7\u00e3o dos dados do material de estudo, a cer\u00e2mica, em uma base de dados a ser constru\u00edda e alimentada constantemente constitu\u00edda de fichas, imagens, mapas, fontes liter\u00e1rias e refer\u00eancias bibliogr\u00e1ficas a fim de disponibilizar tal documenta\u00e7\u00e3o para pesquisadores de todo pa\u00eds, viabilizando novas e futuras perspectivas e propostas de estudos e difundindo fontes de conhecimento e produ\u00e7\u00e3o cient\u00edfica, como artigos, textos cient\u00edficos, v\u00eddeos e material did\u00e1tico produzidos pela equipe do LECA. Tal documenta\u00e7\u00e3o ser\u00e1 direcionada tanto ao p\u00fablico acad\u00eamico, isto \u00e9 especialistas da \u00e1rea de Estudos Cl\u00e1ssicos no Brasil, quanto para um p\u00fablico mais amplo, como professores do ensino b\u00e1sico e m\u00e9dio.<\/p>","protected":false},"excerpt":{"rendered":"<p>Apresenta\u00e7\u00e3o O Laborat\u00f3rio de Estudos sobre a Cer\u00e2mica Antiga (LECA), criado no final de 2011, visa aprofundar e difundir pesquisas sobre a cer\u00e2mica antiga a partir de abordagens de estudo distintas e complementares, como&#46;&#46;&#46;<\/p>\n","protected":false},"author":667,"featured_media":0,"parent":0,"menu_order":0,"comment_status":"closed","ping_status":"closed","template":"","meta":{"footnotes":""},"class_list":["post-5","page","type-page","status-publish","hentry"],"jetpack_sharing_enabled":true,"_links":{"self":[{"href":"https:\/\/wp.ufpel.edu.br\/leca\/wp-json\/wp\/v2\/pages\/5","targetHints":{"allow":["GET"]}}],"collection":[{"href":"https:\/\/wp.ufpel.edu.br\/leca\/wp-json\/wp\/v2\/pages"}],"about":[{"href":"https:\/\/wp.ufpel.edu.br\/leca\/wp-json\/wp\/v2\/types\/page"}],"author":[{"embeddable":true,"href":"https:\/\/wp.ufpel.edu.br\/leca\/wp-json\/wp\/v2\/users\/667"}],"replies":[{"embeddable":true,"href":"https:\/\/wp.ufpel.edu.br\/leca\/wp-json\/wp\/v2\/comments?post=5"}],"version-history":[{"count":6,"href":"https:\/\/wp.ufpel.edu.br\/leca\/wp-json\/wp\/v2\/pages\/5\/revisions"}],"predecessor-version":[{"id":73,"href":"https:\/\/wp.ufpel.edu.br\/leca\/wp-json\/wp\/v2\/pages\/5\/revisions\/73"}],"wp:attachment":[{"href":"https:\/\/wp.ufpel.edu.br\/leca\/wp-json\/wp\/v2\/media?parent=5"}],"curies":[{"name":"wp","href":"https:\/\/api.w.org\/{rel}","templated":true}]}}