{"id":99,"date":"2019-04-19T22:02:59","date_gmt":"2019-04-20T01:02:59","guid":{"rendered":"https:\/\/wp.ufpel.edu.br\/leagef\/?page_id=99"},"modified":"2024-08-14T19:58:00","modified_gmt":"2024-08-14T22:58:00","slug":"nugep","status":"publish","type":"page","link":"https:\/\/wp.ufpel.edu.br\/leagef\/leagef\/estrutura\/nugep\/","title":{"rendered":"N\u00facleo de Geomorfologia e Pedologia"},"content":{"rendered":"<p style=\"text-align: justify;\">O <strong>N\u00facleo de Estudos e Pesquisas em Geomorfologia e Pedologia (NUGEP)<\/strong> tem a fun\u00e7\u00e3o de desenvolver atividades de pesquisa, extens\u00e3o e ensino de gradua\u00e7\u00e3o e p\u00f3s-gradua\u00e7\u00e3o com enfoque para temas relacionados \u00e0 geomorfologia e pedologia. O N\u00facleo se estrutura a partir de linhas de investiga\u00e7\u00e3o em: a)\u00a0 Geomorfologia, b) Pedologia; c) Intera\u00e7\u00f5es pedo-geomorfol\u00f3gicas; d) Geodiversidade e Geoconserva\u00e7\u00e3o; e) Conserva\u00e7\u00e3o de solos e \u00e1gua; f) Geoprocessamento aplicado \u00e0 An\u00e1lise Ambiental; g) Rela\u00e7\u00f5es Morfodin\u00e2mica X Ocupa\u00e7\u00e3o e Uso das Terras.<\/p>\n<p>Local: ICH &#8211; Campus I, sala 135-A<\/p>\n","protected":false},"excerpt":{"rendered":"<p>O N\u00facleo de Estudos e Pesquisas em Geomorfologia e Pedologia (NUGEP) tem a fun\u00e7\u00e3o de desenvolver atividades de pesquisa, extens\u00e3o e ensino de gradua\u00e7\u00e3o e p\u00f3s-gradua\u00e7\u00e3o com enfoque para temas relacionados \u00e0 geomorfologia e pedologia. O N\u00facleo se estrutura a partir de linhas de investiga\u00e7\u00e3o em: a)\u00a0 Geomorfologia, b) Pedologia; c) Intera\u00e7\u00f5es pedo-geomorfol\u00f3gicas; d) Geodiversidade &hellip; <\/p>\n<p><a class=\"more-link btn\" href=\"https:\/\/wp.ufpel.edu.br\/leagef\/leagef\/estrutura\/nugep\/\">Continue lendo<\/a><\/p>\n","protected":false},"author":492,"featured_media":0,"parent":96,"menu_order":0,"comment_status":"closed","ping_status":"closed","template":"","meta":{"footnotes":""},"class_list":["post-99","page","type-page","status-publish","hentry","nodate","item-wrap"],"_links":{"self":[{"href":"https:\/\/wp.ufpel.edu.br\/leagef\/wp-json\/wp\/v2\/pages\/99","targetHints":{"allow":["GET"]}}],"collection":[{"href":"https:\/\/wp.ufpel.edu.br\/leagef\/wp-json\/wp\/v2\/pages"}],"about":[{"href":"https:\/\/wp.ufpel.edu.br\/leagef\/wp-json\/wp\/v2\/types\/page"}],"author":[{"embeddable":true,"href":"https:\/\/wp.ufpel.edu.br\/leagef\/wp-json\/wp\/v2\/users\/492"}],"replies":[{"embeddable":true,"href":"https:\/\/wp.ufpel.edu.br\/leagef\/wp-json\/wp\/v2\/comments?post=99"}],"version-history":[{"count":4,"href":"https:\/\/wp.ufpel.edu.br\/leagef\/wp-json\/wp\/v2\/pages\/99\/revisions"}],"predecessor-version":[{"id":272,"href":"https:\/\/wp.ufpel.edu.br\/leagef\/wp-json\/wp\/v2\/pages\/99\/revisions\/272"}],"up":[{"embeddable":true,"href":"https:\/\/wp.ufpel.edu.br\/leagef\/wp-json\/wp\/v2\/pages\/96"}],"wp:attachment":[{"href":"https:\/\/wp.ufpel.edu.br\/leagef\/wp-json\/wp\/v2\/media?parent=99"}],"curies":[{"name":"wp","href":"https:\/\/api.w.org\/{rel}","templated":true}]}}