{"id":84,"date":"2019-04-19T21:35:20","date_gmt":"2019-04-20T00:35:20","guid":{"rendered":"https:\/\/wp.ufpel.edu.br\/leagef\/?page_id=84"},"modified":"2024-08-19T16:34:54","modified_gmt":"2024-08-19T19:34:54","slug":"fotos","status":"publish","type":"page","link":"https:\/\/wp.ufpel.edu.br\/leagef\/fotos\/","title":{"rendered":"Fotos"},"content":{"rendered":"<p style=\"text-align: justify;\">Nesta p\u00e1gina s\u00e3o disponibilizadas algumas fotos das atividades de Ensino, Pesquisa, Extens\u00e3o realizadas pelo LEAGEF, al\u00e9m de fotos de eventos, bancas e confraterniza\u00e7\u00f5es.<\/p>\n<p><a href=\"https:\/\/wp.ufpel.edu.br\/leagef\/files\/2024\/08\/LEAGEF_26.jpeg\"><img loading=\"lazy\" decoding=\"async\" class=\"aligncenter  wp-image-357\" src=\"https:\/\/wp.ufpel.edu.br\/leagef\/files\/2024\/08\/LEAGEF_26-225x400.jpeg\" alt=\"\" width=\"269\" height=\"478\" srcset=\"https:\/\/wp.ufpel.edu.br\/leagef\/files\/2024\/08\/LEAGEF_26-225x400.jpeg 225w, https:\/\/wp.ufpel.edu.br\/leagef\/files\/2024\/08\/LEAGEF_26-576x1024.jpeg 576w, https:\/\/wp.ufpel.edu.br\/leagef\/files\/2024\/08\/LEAGEF_26-768x1365.jpeg 768w, https:\/\/wp.ufpel.edu.br\/leagef\/files\/2024\/08\/LEAGEF_26-864x1536.jpeg 864w, https:\/\/wp.ufpel.edu.br\/leagef\/files\/2024\/08\/LEAGEF_26-750x1333.jpeg 750w, https:\/\/wp.ufpel.edu.br\/leagef\/files\/2024\/08\/LEAGEF_26.jpeg 900w\" sizes=\"auto, (max-width: 269px) 100vw, 269px\" \/><\/a><br \/>\n<a href=\"https:\/\/wp.ufpel.edu.br\/leagef\/files\/2024\/08\/LEAGEF_27.jpeg\"><img loading=\"lazy\" decoding=\"async\" class=\"aligncenter size-medium wp-image-356\" src=\"https:\/\/wp.ufpel.edu.br\/leagef\/files\/2024\/08\/LEAGEF_27-300x400.jpeg\" alt=\"\" width=\"300\" height=\"400\" srcset=\"https:\/\/wp.ufpel.edu.br\/leagef\/files\/2024\/08\/LEAGEF_27-300x400.jpeg 300w, https:\/\/wp.ufpel.edu.br\/leagef\/files\/2024\/08\/LEAGEF_27-768x1024.jpeg 768w, https:\/\/wp.ufpel.edu.br\/leagef\/files\/2024\/08\/LEAGEF_27-1152x1536.jpeg 1152w, https:\/\/wp.ufpel.edu.br\/leagef\/files\/2024\/08\/LEAGEF_27-750x1000.jpeg 750w, https:\/\/wp.ufpel.edu.br\/leagef\/files\/2024\/08\/LEAGEF_27.jpeg 1200w\" sizes=\"auto, (max-width: 300px) 100vw, 300px\" \/><\/a><br \/>\n<a href=\"https:\/\/wp.ufpel.edu.br\/leagef\/files\/2024\/08\/LEAGEF_6.jpeg\"><img loading=\"lazy\" decoding=\"async\" class=\"aligncenter size-medium wp-image-299\" src=\"https:\/\/wp.ufpel.edu.br\/leagef\/files\/2024\/08\/LEAGEF_6-400x266.jpeg\" alt=\"\" width=\"400\" height=\"266\" srcset=\"https:\/\/wp.ufpel.edu.br\/leagef\/files\/2024\/08\/LEAGEF_6-400x266.jpeg 400w, https:\/\/wp.ufpel.edu.br\/leagef\/files\/2024\/08\/LEAGEF_6-1024x681.jpeg 1024w, https:\/\/wp.ufpel.edu.br\/leagef\/files\/2024\/08\/LEAGEF_6-768x511.jpeg 768w, https:\/\/wp.ufpel.edu.br\/leagef\/files\/2024\/08\/LEAGEF_6-750x499.jpeg 750w, https:\/\/wp.ufpel.edu.br\/leagef\/files\/2024\/08\/LEAGEF_6-272x182.jpeg 272w, https:\/\/wp.ufpel.edu.br\/leagef\/files\/2024\/08\/LEAGEF_6.jpeg 1280w\" sizes=\"auto, (max-width: 400px) 100vw, 400px\" \/><\/a><br \/>\n<a href=\"https:\/\/wp.ufpel.edu.br\/leagef\/files\/2024\/08\/LEAGEF_2.jpeg\"><img loading=\"lazy\" decoding=\"async\" class=\"aligncenter size-medium wp-image-296\" src=\"https:\/\/wp.ufpel.edu.br\/leagef\/files\/2024\/08\/LEAGEF_2-400x300.jpeg\" alt=\"\" width=\"400\" height=\"300\" srcset=\"https:\/\/wp.ufpel.edu.br\/leagef\/files\/2024\/08\/LEAGEF_2-400x300.jpeg 400w, https:\/\/wp.ufpel.edu.br\/leagef\/files\/2024\/08\/LEAGEF_2-1024x768.jpeg 1024w, https:\/\/wp.ufpel.edu.br\/leagef\/files\/2024\/08\/LEAGEF_2-768x576.jpeg 768w, https:\/\/wp.ufpel.edu.br\/leagef\/files\/2024\/08\/LEAGEF_2-750x563.jpeg 750w, https:\/\/wp.ufpel.edu.br\/leagef\/files\/2024\/08\/LEAGEF_2.jpeg 1040w\" sizes=\"auto, (max-width: 400px) 100vw, 400px\" \/><\/a><br \/>\n<a href=\"https:\/\/wp.ufpel.edu.br\/leagef\/files\/2024\/08\/LEAGEF_4.jpeg\"><img loading=\"lazy\" decoding=\"async\" class=\"aligncenter size-medium wp-image-297\" src=\"https:\/\/wp.ufpel.edu.br\/leagef\/files\/2024\/08\/LEAGEF_4-266x400.jpeg\" alt=\"\" width=\"266\" height=\"400\" srcset=\"https:\/\/wp.ufpel.edu.br\/leagef\/files\/2024\/08\/LEAGEF_4-266x400.jpeg 266w, https:\/\/wp.ufpel.edu.br\/leagef\/files\/2024\/08\/LEAGEF_4-681x1024.jpeg 681w, https:\/\/wp.ufpel.edu.br\/leagef\/files\/2024\/08\/LEAGEF_4-768x1155.jpeg 768w, https:\/\/wp.ufpel.edu.br\/leagef\/files\/2024\/08\/LEAGEF_4-750x1128.jpeg 750w, https:\/\/wp.ufpel.edu.br\/leagef\/files\/2024\/08\/LEAGEF_4.jpeg 851w\" sizes=\"auto, (max-width: 266px) 100vw, 266px\" \/><\/a><br \/>\n<a href=\"https:\/\/wp.ufpel.edu.br\/leagef\/files\/2024\/08\/LEAGEF_5.jpeg\"><img loading=\"lazy\" decoding=\"async\" class=\"aligncenter size-medium wp-image-298\" src=\"https:\/\/wp.ufpel.edu.br\/leagef\/files\/2024\/08\/LEAGEF_5-400x400.jpeg\" alt=\"\" width=\"400\" height=\"400\" srcset=\"https:\/\/wp.ufpel.edu.br\/leagef\/files\/2024\/08\/LEAGEF_5-400x400.jpeg 400w, https:\/\/wp.ufpel.edu.br\/leagef\/files\/2024\/08\/LEAGEF_5-200x200.jpeg 200w, https:\/\/wp.ufpel.edu.br\/leagef\/files\/2024\/08\/LEAGEF_5.jpeg 480w\" sizes=\"auto, (max-width: 400px) 100vw, 400px\" \/><\/a><br \/>\n<a href=\"https:\/\/wp.ufpel.edu.br\/leagef\/files\/2024\/08\/LEAGEF_12.jpeg\"><img loading=\"lazy\" decoding=\"async\" class=\"aligncenter size-medium wp-image-295\" src=\"https:\/\/wp.ufpel.edu.br\/leagef\/files\/2024\/08\/LEAGEF_12-400x301.jpeg\" alt=\"\" width=\"400\" height=\"301\" srcset=\"https:\/\/wp.ufpel.edu.br\/leagef\/files\/2024\/08\/LEAGEF_12-400x301.jpeg 400w, https:\/\/wp.ufpel.edu.br\/leagef\/files\/2024\/08\/LEAGEF_12-768x577.jpeg 768w, https:\/\/wp.ufpel.edu.br\/leagef\/files\/2024\/08\/LEAGEF_12-750x564.jpeg 750w, https:\/\/wp.ufpel.edu.br\/leagef\/files\/2024\/08\/LEAGEF_12.jpeg 998w\" sizes=\"auto, (max-width: 400px) 100vw, 400px\" \/><\/a><br \/>\n<a href=\"https:\/\/wp.ufpel.edu.br\/leagef\/files\/2024\/08\/LEAGEF_15.jpeg\"><img loading=\"lazy\" decoding=\"async\" class=\"aligncenter size-medium wp-image-305\" src=\"https:\/\/wp.ufpel.edu.br\/leagef\/files\/2024\/08\/LEAGEF_15-225x400.jpeg\" alt=\"\" width=\"225\" height=\"400\" srcset=\"https:\/\/wp.ufpel.edu.br\/leagef\/files\/2024\/08\/LEAGEF_15-225x400.jpeg 225w, https:\/\/wp.ufpel.edu.br\/leagef\/files\/2024\/08\/LEAGEF_15-576x1024.jpeg 576w, https:\/\/wp.ufpel.edu.br\/leagef\/files\/2024\/08\/LEAGEF_15.jpeg 720w\" sizes=\"auto, (max-width: 225px) 100vw, 225px\" \/><\/a><br \/>\n<a href=\"https:\/\/wp.ufpel.edu.br\/leagef\/files\/2024\/08\/LEAGEF_16.jpeg\"><img loading=\"lazy\" decoding=\"async\" class=\"aligncenter size-medium wp-image-306\" src=\"https:\/\/wp.ufpel.edu.br\/leagef\/files\/2024\/08\/LEAGEF_16-300x400.jpeg\" alt=\"\" width=\"300\" height=\"400\" srcset=\"https:\/\/wp.ufpel.edu.br\/leagef\/files\/2024\/08\/LEAGEF_16-300x400.jpeg 300w, https:\/\/wp.ufpel.edu.br\/leagef\/files\/2024\/08\/LEAGEF_16.jpeg 720w\" sizes=\"auto, (max-width: 300px) 100vw, 300px\" \/><\/a><br \/>\n<a href=\"https:\/\/wp.ufpel.edu.br\/leagef\/files\/2024\/08\/LEAGEF_17.jpeg\"><img loading=\"lazy\" decoding=\"async\" class=\"aligncenter size-medium wp-image-307\" src=\"https:\/\/wp.ufpel.edu.br\/leagef\/files\/2024\/08\/LEAGEF_17-400x400.jpeg\" alt=\"\" width=\"400\" height=\"400\" srcset=\"https:\/\/wp.ufpel.edu.br\/leagef\/files\/2024\/08\/LEAGEF_17-400x400.jpeg 400w, https:\/\/wp.ufpel.edu.br\/leagef\/files\/2024\/08\/LEAGEF_17-1024x1024.jpeg 1024w, https:\/\/wp.ufpel.edu.br\/leagef\/files\/2024\/08\/LEAGEF_17-200x200.jpeg 200w, https:\/\/wp.ufpel.edu.br\/leagef\/files\/2024\/08\/LEAGEF_17-768x768.jpeg 768w, https:\/\/wp.ufpel.edu.br\/leagef\/files\/2024\/08\/LEAGEF_17-750x750.jpeg 750w, https:\/\/wp.ufpel.edu.br\/leagef\/files\/2024\/08\/LEAGEF_17.jpeg 1280w\" sizes=\"auto, (max-width: 400px) 100vw, 400px\" \/><\/a><br \/>\n<a href=\"https:\/\/wp.ufpel.edu.br\/leagef\/files\/2024\/08\/LEAGEF_22.jpeg\"><img loading=\"lazy\" decoding=\"async\" class=\"aligncenter size-medium wp-image-319\" src=\"https:\/\/wp.ufpel.edu.br\/leagef\/files\/2024\/08\/LEAGEF_22-400x240.jpeg\" alt=\"\" width=\"400\" height=\"240\" srcset=\"https:\/\/wp.ufpel.edu.br\/leagef\/files\/2024\/08\/LEAGEF_22-400x240.jpeg 400w, https:\/\/wp.ufpel.edu.br\/leagef\/files\/2024\/08\/LEAGEF_22-768x461.jpeg 768w, https:\/\/wp.ufpel.edu.br\/leagef\/files\/2024\/08\/LEAGEF_22-750x450.jpeg 750w, https:\/\/wp.ufpel.edu.br\/leagef\/files\/2024\/08\/LEAGEF_22.jpeg 960w\" sizes=\"auto, (max-width: 400px) 100vw, 400px\" \/><\/a><br \/>\n<a href=\"https:\/\/wp.ufpel.edu.br\/leagef\/files\/2024\/08\/LEAGEF_23.jpeg\"><img loading=\"lazy\" decoding=\"async\" class=\"aligncenter size-medium wp-image-320\" src=\"https:\/\/wp.ufpel.edu.br\/leagef\/files\/2024\/08\/LEAGEF_23-400x300.jpeg\" alt=\"\" width=\"400\" height=\"300\" srcset=\"https:\/\/wp.ufpel.edu.br\/leagef\/files\/2024\/08\/LEAGEF_23-400x300.jpeg 400w, https:\/\/wp.ufpel.edu.br\/leagef\/files\/2024\/08\/LEAGEF_23-1024x768.jpeg 1024w, https:\/\/wp.ufpel.edu.br\/leagef\/files\/2024\/08\/LEAGEF_23-768x576.jpeg 768w, https:\/\/wp.ufpel.edu.br\/leagef\/files\/2024\/08\/LEAGEF_23-1536x1152.jpeg 1536w, https:\/\/wp.ufpel.edu.br\/leagef\/files\/2024\/08\/LEAGEF_23-750x563.jpeg 750w, https:\/\/wp.ufpel.edu.br\/leagef\/files\/2024\/08\/LEAGEF_23.jpeg 1600w\" sizes=\"auto, (max-width: 400px) 100vw, 400px\" \/><\/a><br \/>\n<a href=\"https:\/\/wp.ufpel.edu.br\/leagef\/files\/2024\/08\/LEAGEF_24.jpeg\"><img loading=\"lazy\" decoding=\"async\" class=\"aligncenter size-medium wp-image-321\" src=\"https:\/\/wp.ufpel.edu.br\/leagef\/files\/2024\/08\/LEAGEF_24-400x185.jpeg\" alt=\"\" width=\"400\" height=\"185\" srcset=\"https:\/\/wp.ufpel.edu.br\/leagef\/files\/2024\/08\/LEAGEF_24-400x185.jpeg 400w, https:\/\/wp.ufpel.edu.br\/leagef\/files\/2024\/08\/LEAGEF_24-1024x473.jpeg 1024w, https:\/\/wp.ufpel.edu.br\/leagef\/files\/2024\/08\/LEAGEF_24-768x355.jpeg 768w, https:\/\/wp.ufpel.edu.br\/leagef\/files\/2024\/08\/LEAGEF_24-750x347.jpeg 750w, https:\/\/wp.ufpel.edu.br\/leagef\/files\/2024\/08\/LEAGEF_24.jpeg 1032w\" sizes=\"auto, (max-width: 400px) 100vw, 400px\" \/><\/a><br \/>\n<a href=\"https:\/\/wp.ufpel.edu.br\/leagef\/files\/2024\/08\/LEAGEF_25.jpeg\"><img loading=\"lazy\" decoding=\"async\" class=\"aligncenter size-medium wp-image-324\" src=\"https:\/\/wp.ufpel.edu.br\/leagef\/files\/2024\/08\/LEAGEF_25-400x267.jpeg\" alt=\"\" width=\"400\" height=\"267\" srcset=\"https:\/\/wp.ufpel.edu.br\/leagef\/files\/2024\/08\/LEAGEF_25-400x267.jpeg 400w, https:\/\/wp.ufpel.edu.br\/leagef\/files\/2024\/08\/LEAGEF_25-1024x682.jpeg 1024w, https:\/\/wp.ufpel.edu.br\/leagef\/files\/2024\/08\/LEAGEF_25-768x512.jpeg 768w, https:\/\/wp.ufpel.edu.br\/leagef\/files\/2024\/08\/LEAGEF_25-1536x1023.jpeg 1536w, https:\/\/wp.ufpel.edu.br\/leagef\/files\/2024\/08\/LEAGEF_25-750x500.jpeg 750w, https:\/\/wp.ufpel.edu.br\/leagef\/files\/2024\/08\/LEAGEF_25-272x182.jpeg 272w, https:\/\/wp.ufpel.edu.br\/leagef\/files\/2024\/08\/LEAGEF_25.jpeg 1600w\" sizes=\"auto, (max-width: 400px) 100vw, 400px\" \/><\/a><br \/>\n<a href=\"https:\/\/wp.ufpel.edu.br\/leagef\/files\/2024\/08\/LEAGEF_13.jpeg\"><img loading=\"lazy\" decoding=\"async\" class=\"aligncenter size-medium wp-image-308\" src=\"https:\/\/wp.ufpel.edu.br\/leagef\/files\/2024\/08\/LEAGEF_13-400x300.jpeg\" alt=\"\" width=\"400\" height=\"300\" srcset=\"https:\/\/wp.ufpel.edu.br\/leagef\/files\/2024\/08\/LEAGEF_13-400x300.jpeg 400w, https:\/\/wp.ufpel.edu.br\/leagef\/files\/2024\/08\/LEAGEF_13-1024x768.jpeg 1024w, https:\/\/wp.ufpel.edu.br\/leagef\/files\/2024\/08\/LEAGEF_13-768x576.jpeg 768w, https:\/\/wp.ufpel.edu.br\/leagef\/files\/2024\/08\/LEAGEF_13-750x563.jpeg 750w, https:\/\/wp.ufpel.edu.br\/leagef\/files\/2024\/08\/LEAGEF_13.jpeg 1280w\" sizes=\"auto, (max-width: 400px) 100vw, 400px\" \/><\/a><\/p>\n","protected":false},"excerpt":{"rendered":"<p>Nesta p\u00e1gina s\u00e3o disponibilizadas algumas fotos das atividades de Ensino, Pesquisa, Extens\u00e3o realizadas pelo LEAGEF, al\u00e9m de fotos de eventos, bancas e confraterniza\u00e7\u00f5es.<\/p>\n","protected":false},"author":492,"featured_media":0,"parent":0,"menu_order":6,"comment_status":"closed","ping_status":"closed","template":"","meta":{"footnotes":""},"class_list":["post-84","page","type-page","status-publish","hentry","nodate","item-wrap"],"_links":{"self":[{"href":"https:\/\/wp.ufpel.edu.br\/leagef\/wp-json\/wp\/v2\/pages\/84","targetHints":{"allow":["GET"]}}],"collection":[{"href":"https:\/\/wp.ufpel.edu.br\/leagef\/wp-json\/wp\/v2\/pages"}],"about":[{"href":"https:\/\/wp.ufpel.edu.br\/leagef\/wp-json\/wp\/v2\/types\/page"}],"author":[{"embeddable":true,"href":"https:\/\/wp.ufpel.edu.br\/leagef\/wp-json\/wp\/v2\/users\/492"}],"replies":[{"embeddable":true,"href":"https:\/\/wp.ufpel.edu.br\/leagef\/wp-json\/wp\/v2\/comments?post=84"}],"version-history":[{"count":14,"href":"https:\/\/wp.ufpel.edu.br\/leagef\/wp-json\/wp\/v2\/pages\/84\/revisions"}],"predecessor-version":[{"id":362,"href":"https:\/\/wp.ufpel.edu.br\/leagef\/wp-json\/wp\/v2\/pages\/84\/revisions\/362"}],"wp:attachment":[{"href":"https:\/\/wp.ufpel.edu.br\/leagef\/wp-json\/wp\/v2\/media?parent=84"}],"curies":[{"name":"wp","href":"https:\/\/api.w.org\/{rel}","templated":true}]}}