{"id":56,"date":"2019-04-17T15:14:23","date_gmt":"2019-04-17T18:14:23","guid":{"rendered":"https:\/\/wp.ufpel.edu.br\/leagef\/?page_id=56"},"modified":"2024-08-19T15:27:17","modified_gmt":"2024-08-19T18:27:17","slug":"publicacoes","status":"publish","type":"page","link":"https:\/\/wp.ufpel.edu.br\/leagef\/publicacoes\/","title":{"rendered":"Publica\u00e7\u00f5es"},"content":{"rendered":"<p style=\"text-align: justify;\">P\u00e1gina destinada \u00e0 divulga\u00e7\u00e3o das principais publica\u00e7\u00f5es realizadas pela equipe do LEAGEF. Para conhec\u00ea-las, acesse uma das categorias a seguir.<\/p>\n<p><a href=\"https:\/\/wp.ufpel.edu.br\/leagef\/publicacoes\/livros\/\">Livros<\/a><\/p>\n<p><a href=\"https:\/\/wp.ufpel.edu.br\/leagef\/publicacoes\/dissertacoes\/\">Disserta\u00e7\u00f5es<\/a><\/p>\n<p><a href=\"https:\/\/wp.ufpel.edu.br\/leagef\/publicacoes\/tccs\/\">TCCs<\/a><\/p>\n<p><a href=\"https:\/\/wp.ufpel.edu.br\/leagef\/publicacoes\/artigos\/\">Artigos<\/a><\/p>\n","protected":false},"excerpt":{"rendered":"<p>P\u00e1gina destinada \u00e0 divulga\u00e7\u00e3o das principais publica\u00e7\u00f5es realizadas pela equipe do LEAGEF. Para conhec\u00ea-las, acesse uma das categorias a seguir. Livros Disserta\u00e7\u00f5es TCCs Artigos<\/p>\n","protected":false},"author":492,"featured_media":0,"parent":0,"menu_order":4,"comment_status":"closed","ping_status":"closed","template":"","meta":{"footnotes":""},"class_list":["post-56","page","type-page","status-publish","hentry","nodate","item-wrap"],"_links":{"self":[{"href":"https:\/\/wp.ufpel.edu.br\/leagef\/wp-json\/wp\/v2\/pages\/56","targetHints":{"allow":["GET"]}}],"collection":[{"href":"https:\/\/wp.ufpel.edu.br\/leagef\/wp-json\/wp\/v2\/pages"}],"about":[{"href":"https:\/\/wp.ufpel.edu.br\/leagef\/wp-json\/wp\/v2\/types\/page"}],"author":[{"embeddable":true,"href":"https:\/\/wp.ufpel.edu.br\/leagef\/wp-json\/wp\/v2\/users\/492"}],"replies":[{"embeddable":true,"href":"https:\/\/wp.ufpel.edu.br\/leagef\/wp-json\/wp\/v2\/comments?post=56"}],"version-history":[{"count":3,"href":"https:\/\/wp.ufpel.edu.br\/leagef\/wp-json\/wp\/v2\/pages\/56\/revisions"}],"predecessor-version":[{"id":343,"href":"https:\/\/wp.ufpel.edu.br\/leagef\/wp-json\/wp\/v2\/pages\/56\/revisions\/343"}],"wp:attachment":[{"href":"https:\/\/wp.ufpel.edu.br\/leagef\/wp-json\/wp\/v2\/media?parent=56"}],"curies":[{"name":"wp","href":"https:\/\/api.w.org\/{rel}","templated":true}]}}