{"id":45,"date":"2019-04-17T15:01:45","date_gmt":"2019-04-17T18:01:45","guid":{"rendered":"https:\/\/wp.ufpel.edu.br\/leagef\/?page_id=45"},"modified":"2024-08-29T08:09:23","modified_gmt":"2024-08-29T11:09:23","slug":"leagef","status":"publish","type":"page","link":"https:\/\/wp.ufpel.edu.br\/leagef\/leagef\/","title":{"rendered":"LEAGEF"},"content":{"rendered":"<p style=\"text-align: justify;\">O LEAGEF &#8211; Laborat\u00f3rio de Estudos Aplicados em Geografia F\u00edsica \u00e9 o laborat\u00f3rio que congrega professores, alunos de Gradua\u00e7\u00e3o e P\u00f3s-gradua\u00e7\u00e3o que atuam na \u00e1rea da Geografia F\u00edsica e nas interfaces desta com as outras \u00e1reas do conhecimento.<\/p>\n<p style=\"text-align: justify;\">Para conhecer mais sobre o LEAGEF, navegue pelo nosso site, informe-se atrav\u00e9s das not\u00edcias ou entre em contato conosco.<\/p>\n","protected":false},"excerpt":{"rendered":"<p>O LEAGEF &#8211; Laborat\u00f3rio de Estudos Aplicados em Geografia F\u00edsica \u00e9 o laborat\u00f3rio que congrega professores, alunos de Gradua\u00e7\u00e3o e P\u00f3s-gradua\u00e7\u00e3o que atuam na \u00e1rea da Geografia F\u00edsica e nas interfaces desta com as outras \u00e1reas do conhecimento. Para conhecer mais sobre o LEAGEF, navegue pelo nosso site, informe-se atrav\u00e9s das not\u00edcias ou entre em &hellip; <\/p>\n<p><a class=\"more-link btn\" href=\"https:\/\/wp.ufpel.edu.br\/leagef\/leagef\/\">Continue lendo<\/a><\/p>\n","protected":false},"author":492,"featured_media":0,"parent":0,"menu_order":1,"comment_status":"closed","ping_status":"closed","template":"","meta":{"footnotes":""},"class_list":["post-45","page","type-page","status-publish","hentry","nodate","item-wrap"],"_links":{"self":[{"href":"https:\/\/wp.ufpel.edu.br\/leagef\/wp-json\/wp\/v2\/pages\/45","targetHints":{"allow":["GET"]}}],"collection":[{"href":"https:\/\/wp.ufpel.edu.br\/leagef\/wp-json\/wp\/v2\/pages"}],"about":[{"href":"https:\/\/wp.ufpel.edu.br\/leagef\/wp-json\/wp\/v2\/types\/page"}],"author":[{"embeddable":true,"href":"https:\/\/wp.ufpel.edu.br\/leagef\/wp-json\/wp\/v2\/users\/492"}],"replies":[{"embeddable":true,"href":"https:\/\/wp.ufpel.edu.br\/leagef\/wp-json\/wp\/v2\/comments?post=45"}],"version-history":[{"count":5,"href":"https:\/\/wp.ufpel.edu.br\/leagef\/wp-json\/wp\/v2\/pages\/45\/revisions"}],"predecessor-version":[{"id":385,"href":"https:\/\/wp.ufpel.edu.br\/leagef\/wp-json\/wp\/v2\/pages\/45\/revisions\/385"}],"wp:attachment":[{"href":"https:\/\/wp.ufpel.edu.br\/leagef\/wp-json\/wp\/v2\/media?parent=45"}],"curies":[{"name":"wp","href":"https:\/\/api.w.org\/{rel}","templated":true}]}}