{"id":41,"date":"2019-04-17T14:57:55","date_gmt":"2019-04-17T17:57:55","guid":{"rendered":"https:\/\/wp.ufpel.edu.br\/leagef\/?page_id=41"},"modified":"2024-08-14T19:35:42","modified_gmt":"2024-08-14T22:35:42","slug":"egressos","status":"publish","type":"page","link":"https:\/\/wp.ufpel.edu.br\/leagef\/equipe\/egressos\/","title":{"rendered":"Egressos"},"content":{"rendered":"<p>(em atualiza\u00e7\u00e3o)<\/p>\n<p><strong>Gradua\u00e7\u00e3o<\/strong><\/p>\n<p>Carine Raquel Heck<\/p>\n<p>Tatiane Oliveira Delamare<\/p>\n<p>&nbsp;<\/p>\n<p><strong>P\u00f3s-gradua\u00e7\u00e3o<\/strong><\/p>\n<p>Anderson Rodrigo Estevam da Silva<\/p>\n<p>\u00c2ndrea Lenise de Oliveira Lopes<\/p>\n<p>Anelize Milano Cardoso<\/p>\n<p>Bianca Marques Maio<\/p>\n<p>Cl\u00e1udia Werner Flach<\/p>\n<p>Danilo da Silva Dutra<\/p>\n<p>Elenice Crochemore Rutz<\/p>\n<p>F\u00e1bio Castilhos Arruda dos Santos<\/p>\n<p>Maur\u00edcio Mendes Von Ahn<\/p>\n<p>P\u00e2mela Freitas da Silva<\/p>\n<p>Rodrigo de Oliveira Siqueira<\/p>\n<p>Simone Rivaroli<\/p>\n<p>Tamara Felipim<\/p>\n<p>Viviane Spiering<\/p>\n","protected":false},"excerpt":{"rendered":"<p>(em atualiza\u00e7\u00e3o) Gradua\u00e7\u00e3o Carine Raquel Heck Tatiane Oliveira Delamare &nbsp; P\u00f3s-gradua\u00e7\u00e3o Anderson Rodrigo Estevam da Silva \u00c2ndrea Lenise de Oliveira Lopes Anelize Milano Cardoso Bianca Marques Maio Cl\u00e1udia Werner Flach Danilo da Silva Dutra Elenice Crochemore Rutz F\u00e1bio Castilhos Arruda dos Santos Maur\u00edcio Mendes Von Ahn P\u00e2mela Freitas da Silva Rodrigo de Oliveira Siqueira Simone &hellip; <\/p>\n<p><a class=\"more-link btn\" href=\"https:\/\/wp.ufpel.edu.br\/leagef\/equipe\/egressos\/\">Continue lendo<\/a><\/p>\n","protected":false},"author":492,"featured_media":0,"parent":19,"menu_order":4,"comment_status":"closed","ping_status":"closed","template":"","meta":{"footnotes":""},"class_list":["post-41","page","type-page","status-publish","hentry","nodate","item-wrap"],"_links":{"self":[{"href":"https:\/\/wp.ufpel.edu.br\/leagef\/wp-json\/wp\/v2\/pages\/41","targetHints":{"allow":["GET"]}}],"collection":[{"href":"https:\/\/wp.ufpel.edu.br\/leagef\/wp-json\/wp\/v2\/pages"}],"about":[{"href":"https:\/\/wp.ufpel.edu.br\/leagef\/wp-json\/wp\/v2\/types\/page"}],"author":[{"embeddable":true,"href":"https:\/\/wp.ufpel.edu.br\/leagef\/wp-json\/wp\/v2\/users\/492"}],"replies":[{"embeddable":true,"href":"https:\/\/wp.ufpel.edu.br\/leagef\/wp-json\/wp\/v2\/comments?post=41"}],"version-history":[{"count":8,"href":"https:\/\/wp.ufpel.edu.br\/leagef\/wp-json\/wp\/v2\/pages\/41\/revisions"}],"predecessor-version":[{"id":263,"href":"https:\/\/wp.ufpel.edu.br\/leagef\/wp-json\/wp\/v2\/pages\/41\/revisions\/263"}],"up":[{"embeddable":true,"href":"https:\/\/wp.ufpel.edu.br\/leagef\/wp-json\/wp\/v2\/pages\/19"}],"wp:attachment":[{"href":"https:\/\/wp.ufpel.edu.br\/leagef\/wp-json\/wp\/v2\/media?parent=41"}],"curies":[{"name":"wp","href":"https:\/\/api.w.org\/{rel}","templated":true}]}}