{"id":31,"date":"2019-04-17T14:55:25","date_gmt":"2019-04-17T17:55:25","guid":{"rendered":"https:\/\/wp.ufpel.edu.br\/leagef\/?page_id=31"},"modified":"2024-08-17T09:45:47","modified_gmt":"2024-08-17T12:45:47","slug":"docentes","status":"publish","type":"page","link":"https:\/\/wp.ufpel.edu.br\/leagef\/equipe\/docentes\/","title":{"rendered":"Docentes"},"content":{"rendered":"<p style=\"text-align: justify;\"><strong>Prof. Dr. Adriano Lu\u00eds Heck Simon<\/strong><br \/>\n\u00c1reas de Atua\u00e7\u00e3o: Geodiversidade, Patrim\u00f4nio geomorfol\u00f3gico e Geoconserva\u00e7\u00e3o; Cartografia Geomorfol\u00f3gica e Rela\u00e7\u00f5es Morfodin\u00e2mica X Ocupa\u00e7\u00e3o e Uso das Terras e Geomorfologia Antropog\u00eanica. <a href=\"http:\/\/lattes.cnpq.br\/0532593883570233\">Curr\u00edculo Lattes<\/a><\/p>\n<p style=\"text-align: justify;\"><strong>Profa. Dra. Edvania Aparecida Corr\u00eaa Alves<\/strong><br \/>\n\u00c1reas de Atua\u00e7\u00e3o: Geografia F\u00edsica, com \u00eanfase em Geoprocessamento e Sensoriamento Remoto aplicados na Conserva\u00e7\u00e3o do Solo e da \u00c1gua, Planejamento e Manejo de Bacias Hidrogr\u00e1ficas, Gest\u00e3o de Recursos H\u00eddricos e Geoecologia de Paisagens.<br \/>\n<a href=\"http:\/\/lattes.cnpq.br\/4190381543138987\">Curr\u00edculo Lattes<\/a><\/p>\n<p style=\"text-align: justify;\"><strong>Profa. Dra. Erika Collischonn<\/strong><br \/>\n\u00c1reas de Atua\u00e7\u00e3o: Climatologia Geogr\u00e1fica, Ensino de Climatologia, Geocartografia nas \u00e1reas de Sa\u00fade e Seguran\u00e7a P\u00fablica.<br \/>\n<a href=\"http:\/\/lattes.cnpq.br\/9149982511285040\">Curr\u00edculo Lattes<\/a><\/p>\n<p style=\"text-align: justify;\"><strong>Prof. Dr. Maur\u00edcio Meurer<\/strong><br \/>\n\u00c1reas de Atua\u00e7\u00e3o: Geomorfologia, Geomorfologia Fluvial, An\u00e1lise Ambiental.<br \/>\n<a href=\"http:\/\/lattes.cnpq.br\/4692042478572187\">Curr\u00edculo Lattes<\/a><\/p>\n<p style=\"text-align: justify;\"><strong>Prof. Dr. Mois\u00e9s Ortemar Rehbein<\/strong><br \/>\n\u00c1reas de Atua\u00e7\u00e3o: Geomorfologia, com \u00eanfase em estudos de Cartografia Geomorfol\u00f3gica e Sensoriamento Remoto, com \u00eanfase em estudos de coberturas e usos da terra.<br \/>\n<a href=\"http:\/\/lattes.cnpq.br\/9410223282785441\">Curr\u00edculo Lattes<\/a><\/p>\n<p style=\"text-align: justify;\"><strong>Prof. Dr. Roberto Luiz dos Santos Antunes<\/strong><br \/>\n\u00c1reas de Atua\u00e7\u00e3o: Geologia, Sensoriamento Remoto, Topografia, An\u00e1lise ambiental e Geoecologia da paisagem a partir das Geotecnologias.<br \/>\n<a href=\"http:\/\/lattes.cnpq.br\/9974716436553650\">Curr\u00edculo Lattes<\/a><\/p>\n<p style=\"text-align: justify;\"><strong>Profa. Dra. Vanda Carneiro de Claudino Sales<\/strong><br \/>\n\u00c1reas de Atua\u00e7\u00e3o: Geomorfologia Costeira, Geomorfologia Estrutural, Megageomorfologia, Geodiversidade, An\u00e1lise Ambiental.<br \/>\n<a href=\"http:\/\/lattes.cnpq.br\/2474440867143635\">Curr\u00edculo Lattes<\/a><\/p>\n","protected":false},"excerpt":{"rendered":"<p>Prof. Dr. Adriano Lu\u00eds Heck Simon \u00c1reas de Atua\u00e7\u00e3o: Geodiversidade, Patrim\u00f4nio geomorfol\u00f3gico e Geoconserva\u00e7\u00e3o; Cartografia Geomorfol\u00f3gica e Rela\u00e7\u00f5es Morfodin\u00e2mica X Ocupa\u00e7\u00e3o e Uso das Terras e Geomorfologia Antropog\u00eanica. Curr\u00edculo Lattes Profa. Dra. Edvania Aparecida Corr\u00eaa Alves \u00c1reas de Atua\u00e7\u00e3o: Geografia F\u00edsica, com \u00eanfase em Geoprocessamento e Sensoriamento Remoto aplicados na Conserva\u00e7\u00e3o do Solo e da &hellip; <\/p>\n<p><a class=\"more-link btn\" href=\"https:\/\/wp.ufpel.edu.br\/leagef\/equipe\/docentes\/\">Continue lendo<\/a><\/p>\n","protected":false},"author":492,"featured_media":0,"parent":19,"menu_order":1,"comment_status":"closed","ping_status":"closed","template":"","meta":{"footnotes":""},"class_list":["post-31","page","type-page","status-publish","hentry","nodate","item-wrap"],"_links":{"self":[{"href":"https:\/\/wp.ufpel.edu.br\/leagef\/wp-json\/wp\/v2\/pages\/31","targetHints":{"allow":["GET"]}}],"collection":[{"href":"https:\/\/wp.ufpel.edu.br\/leagef\/wp-json\/wp\/v2\/pages"}],"about":[{"href":"https:\/\/wp.ufpel.edu.br\/leagef\/wp-json\/wp\/v2\/types\/page"}],"author":[{"embeddable":true,"href":"https:\/\/wp.ufpel.edu.br\/leagef\/wp-json\/wp\/v2\/users\/492"}],"replies":[{"embeddable":true,"href":"https:\/\/wp.ufpel.edu.br\/leagef\/wp-json\/wp\/v2\/comments?post=31"}],"version-history":[{"count":9,"href":"https:\/\/wp.ufpel.edu.br\/leagef\/wp-json\/wp\/v2\/pages\/31\/revisions"}],"predecessor-version":[{"id":313,"href":"https:\/\/wp.ufpel.edu.br\/leagef\/wp-json\/wp\/v2\/pages\/31\/revisions\/313"}],"up":[{"embeddable":true,"href":"https:\/\/wp.ufpel.edu.br\/leagef\/wp-json\/wp\/v2\/pages\/19"}],"wp:attachment":[{"href":"https:\/\/wp.ufpel.edu.br\/leagef\/wp-json\/wp\/v2\/media?parent=31"}],"curies":[{"name":"wp","href":"https:\/\/api.w.org\/{rel}","templated":true}]}}