{"id":276,"date":"2024-08-15T07:39:09","date_gmt":"2024-08-15T10:39:09","guid":{"rendered":"https:\/\/wp.ufpel.edu.br\/leagef\/?page_id=276"},"modified":"2024-08-19T14:57:12","modified_gmt":"2024-08-19T17:57:12","slug":"camafeugeografico","status":"publish","type":"page","link":"https:\/\/wp.ufpel.edu.br\/leagef\/camafeugeografico\/","title":{"rendered":"Camafeu Geogr\u00e1fico"},"content":{"rendered":"<p><a href=\"https:\/\/www.youtube.com\/@LEAGEFUFPEL\/streams\"><img loading=\"lazy\" decoding=\"async\" class=\"aligncenter size-thumbnail wp-image-339\" src=\"https:\/\/wp.ufpel.edu.br\/leagef\/files\/2024\/08\/Camafeu_logo-200x200.png\" alt=\"\" width=\"200\" height=\"200\" srcset=\"https:\/\/wp.ufpel.edu.br\/leagef\/files\/2024\/08\/Camafeu_logo-200x200.png 200w, https:\/\/wp.ufpel.edu.br\/leagef\/files\/2024\/08\/Camafeu_logo-400x400.png 400w, https:\/\/wp.ufpel.edu.br\/leagef\/files\/2024\/08\/Camafeu_logo.png 553w\" sizes=\"auto, (max-width: 200px) 100vw, 200px\" \/><\/a><\/p>\n<p style=\"text-align: justify;\">O &#8220;Camafeu Geogr\u00e1fico: di\u00e1logos online em Geografia F\u00edsica&#8221; foi um projeto desenvolvido pelo LEAGEF durante a pandemia de COVID-19. Quinzenalmente, foram realizadas <em>lives<\/em>\u00a0com palestrantes atuantes em diferentes \u00e1reas da Geografia F\u00edsica.<\/p>\n<p>Por ocasi\u00e3o do anivers\u00e1rio do laborat\u00f3rio, o Camafeu Geogr\u00e1fico ganhou uma edi\u00e7\u00e3o especial: o &#8220;Semin\u00e1rio de 10 anos do LEAGEF&#8221;, quando foram realizadas 3 <em>lives<\/em> com grandes nomes da Geografia F\u00edsica brasileira .<\/p>\n<p>O conte\u00fado do Camafeu Geogr\u00e1fico e do Semin\u00e1rio de 10 anos do LEAGEF pode ser assistido a qualquer momento acessando <a href=\"https:\/\/www.youtube.com\/@LEAGEFUFPEL\/streams\">esta p\u00e1gina<\/a>.<\/p>\n","protected":false},"excerpt":{"rendered":"<p>O &#8220;Camafeu Geogr\u00e1fico: di\u00e1logos online em Geografia F\u00edsica&#8221; foi um projeto desenvolvido pelo LEAGEF durante a pandemia de COVID-19. Quinzenalmente, foram realizadas lives\u00a0com palestrantes atuantes em diferentes \u00e1reas da Geografia F\u00edsica. Por ocasi\u00e3o do anivers\u00e1rio do laborat\u00f3rio, o Camafeu Geogr\u00e1fico ganhou uma edi\u00e7\u00e3o especial: o &#8220;Semin\u00e1rio de 10 anos do LEAGEF&#8221;, quando foram realizadas 3 &hellip; <\/p>\n<p><a class=\"more-link btn\" href=\"https:\/\/wp.ufpel.edu.br\/leagef\/camafeugeografico\/\">Continue lendo<\/a><\/p>\n","protected":false},"author":492,"featured_media":0,"parent":0,"menu_order":7,"comment_status":"closed","ping_status":"closed","template":"","meta":{"footnotes":""},"class_list":["post-276","page","type-page","status-publish","hentry","nodate","item-wrap"],"_links":{"self":[{"href":"https:\/\/wp.ufpel.edu.br\/leagef\/wp-json\/wp\/v2\/pages\/276","targetHints":{"allow":["GET"]}}],"collection":[{"href":"https:\/\/wp.ufpel.edu.br\/leagef\/wp-json\/wp\/v2\/pages"}],"about":[{"href":"https:\/\/wp.ufpel.edu.br\/leagef\/wp-json\/wp\/v2\/types\/page"}],"author":[{"embeddable":true,"href":"https:\/\/wp.ufpel.edu.br\/leagef\/wp-json\/wp\/v2\/users\/492"}],"replies":[{"embeddable":true,"href":"https:\/\/wp.ufpel.edu.br\/leagef\/wp-json\/wp\/v2\/comments?post=276"}],"version-history":[{"count":6,"href":"https:\/\/wp.ufpel.edu.br\/leagef\/wp-json\/wp\/v2\/pages\/276\/revisions"}],"predecessor-version":[{"id":340,"href":"https:\/\/wp.ufpel.edu.br\/leagef\/wp-json\/wp\/v2\/pages\/276\/revisions\/340"}],"wp:attachment":[{"href":"https:\/\/wp.ufpel.edu.br\/leagef\/wp-json\/wp\/v2\/media?parent=276"}],"curies":[{"name":"wp","href":"https:\/\/api.w.org\/{rel}","templated":true}]}}