{"id":24,"date":"2019-04-17T14:53:23","date_gmt":"2019-04-17T17:53:23","guid":{"rendered":"https:\/\/wp.ufpel.edu.br\/leagef\/?page_id=24"},"modified":"2024-08-16T10:13:07","modified_gmt":"2024-08-16T13:13:07","slug":"ensino","status":"publish","type":"page","link":"https:\/\/wp.ufpel.edu.br\/leagef\/projetos\/ensino\/","title":{"rendered":"Ensino"},"content":{"rendered":"<p style=\"text-align: justify;\"><strong>Vigentes:<\/strong><\/p>\n<p style=\"text-align: justify;\"><a href=\"https:\/\/institucional.ufpel.edu.br\/projetos\/id\/u2280\">LDGF &#8211; Laborat\u00f3rio Did\u00e1tico de Geografia F\u00edsica<\/a><\/p>\n<p style=\"text-align: justify;\"><a href=\"https:\/\/institucional.ufpel.edu.br\/projetos\/id\/e2636\">Cartografia, Topografia e Geoprocessamento: integra\u00e7\u00e3o dos conhecimentos te\u00f3ricos e pr\u00e1ticos na compreens\u00e3o do espa\u00e7o geogr\u00e1fico.<\/a><\/p>\n<p style=\"text-align: justify;\"><strong>Anteriores:<\/strong><\/p>\n<p style=\"text-align: justify;\"><a href=\"https:\/\/institucional.ufpel.edu.br\/projetos\/id\/e2227\">Cria\u00e7\u00e3o de uma cole\u00e7\u00e3o did\u00e1tica de minerais e rochas para o Laborat\u00f3rio Did\u00e1tico de Geografia F\u00edsica<\/a><\/p>\n","protected":false},"excerpt":{"rendered":"<p>Vigentes: LDGF &#8211; Laborat\u00f3rio Did\u00e1tico de Geografia F\u00edsica Cartografia, Topografia e Geoprocessamento: integra\u00e7\u00e3o dos conhecimentos te\u00f3ricos e pr\u00e1ticos na compreens\u00e3o do espa\u00e7o geogr\u00e1fico. Anteriores: Cria\u00e7\u00e3o de uma cole\u00e7\u00e3o did\u00e1tica de minerais e rochas para o Laborat\u00f3rio Did\u00e1tico de Geografia F\u00edsica<\/p>\n","protected":false},"author":492,"featured_media":0,"parent":14,"menu_order":1,"comment_status":"closed","ping_status":"closed","template":"","meta":{"footnotes":""},"class_list":["post-24","page","type-page","status-publish","hentry","nodate","item-wrap"],"_links":{"self":[{"href":"https:\/\/wp.ufpel.edu.br\/leagef\/wp-json\/wp\/v2\/pages\/24","targetHints":{"allow":["GET"]}}],"collection":[{"href":"https:\/\/wp.ufpel.edu.br\/leagef\/wp-json\/wp\/v2\/pages"}],"about":[{"href":"https:\/\/wp.ufpel.edu.br\/leagef\/wp-json\/wp\/v2\/types\/page"}],"author":[{"embeddable":true,"href":"https:\/\/wp.ufpel.edu.br\/leagef\/wp-json\/wp\/v2\/users\/492"}],"replies":[{"embeddable":true,"href":"https:\/\/wp.ufpel.edu.br\/leagef\/wp-json\/wp\/v2\/comments?post=24"}],"version-history":[{"count":9,"href":"https:\/\/wp.ufpel.edu.br\/leagef\/wp-json\/wp\/v2\/pages\/24\/revisions"}],"predecessor-version":[{"id":293,"href":"https:\/\/wp.ufpel.edu.br\/leagef\/wp-json\/wp\/v2\/pages\/24\/revisions\/293"}],"up":[{"embeddable":true,"href":"https:\/\/wp.ufpel.edu.br\/leagef\/wp-json\/wp\/v2\/pages\/14"}],"wp:attachment":[{"href":"https:\/\/wp.ufpel.edu.br\/leagef\/wp-json\/wp\/v2\/media?parent=24"}],"curies":[{"name":"wp","href":"https:\/\/api.w.org\/{rel}","templated":true}]}}