{"id":21,"date":"2019-04-17T14:18:55","date_gmt":"2019-04-17T17:18:55","guid":{"rendered":"https:\/\/wp.ufpel.edu.br\/leagef\/?page_id=21"},"modified":"2024-08-19T15:58:55","modified_gmt":"2024-08-19T18:58:55","slug":"contatos","status":"publish","type":"page","link":"https:\/\/wp.ufpel.edu.br\/leagef\/contatos\/","title":{"rendered":"Contatos"},"content":{"rendered":"<p style=\"text-align: center;\"><strong>Universidade Federal de Pelotas<br \/>\nInstituto de Ci\u00eancias Humanas, Departamento de Geografia<\/strong><br \/>\n<strong>LEAGEF &#8211; Laborat\u00f3rio de Estudos Aplicados \u00e0 Geografia F\u00edsica<\/strong><\/p>\n<p style=\"text-align: center;\"><strong>Rua Coronel Alberto Rosa, 154, sala 135-A \u2013 <\/strong><strong>Centro<\/strong><br \/>\n<strong>CEP:\u00a0<\/strong><strong>96010-770 \u2013 Pelotas, RS \u2013 Brasil<\/strong><\/p>\n<p style=\"text-align: center;\"><strong>ufpel.leagef@gmail.com<\/strong><\/p>\n<p style=\"text-align: center;\"><a href=\"https:\/\/www.instagram.com\/leagef.ufpel\/\"><img loading=\"lazy\" decoding=\"async\" class=\"aligncenter wp-image-334\" src=\"https:\/\/wp.ufpel.edu.br\/leagef\/files\/2024\/08\/instagram-200x200.png\" alt=\"\" width=\"53\" height=\"53\" srcset=\"https:\/\/wp.ufpel.edu.br\/leagef\/files\/2024\/08\/instagram-200x200.png 200w, https:\/\/wp.ufpel.edu.br\/leagef\/files\/2024\/08\/instagram-400x400.png 400w, https:\/\/wp.ufpel.edu.br\/leagef\/files\/2024\/08\/instagram.png 512w\" sizes=\"auto, (max-width: 53px) 100vw, 53px\" \/><\/a><a href=\"https:\/\/www.instagram.com\/leagef.ufpel\/\">@leagef.ufpel<\/a><\/p>\n<p style=\"text-align: center;\"><a href=\"https:\/\/www.youtube.com\/@LEAGEFUFPEL\"><img loading=\"lazy\" decoding=\"async\" class=\"aligncenter wp-image-333\" src=\"https:\/\/wp.ufpel.edu.br\/leagef\/files\/2024\/08\/youtube-200x200.png\" alt=\"\" width=\"49\" height=\"49\" srcset=\"https:\/\/wp.ufpel.edu.br\/leagef\/files\/2024\/08\/youtube-200x200.png 200w, https:\/\/wp.ufpel.edu.br\/leagef\/files\/2024\/08\/youtube-400x400.png 400w, https:\/\/wp.ufpel.edu.br\/leagef\/files\/2024\/08\/youtube.png 512w\" sizes=\"auto, (max-width: 49px) 100vw, 49px\" \/><\/a><a href=\"https:\/\/www.youtube.com\/@LEAGEFUFPEL\">@LEAGEFUFPEL<\/a><\/p>\n","protected":false},"excerpt":{"rendered":"<p>Universidade Federal de Pelotas Instituto de Ci\u00eancias Humanas, Departamento de Geografia LEAGEF &#8211; Laborat\u00f3rio de Estudos Aplicados \u00e0 Geografia F\u00edsica Rua Coronel Alberto Rosa, 154, sala 135-A \u2013 Centro CEP:\u00a096010-770 \u2013 Pelotas, RS \u2013 Brasil ufpel.leagef@gmail.com @leagef.ufpel @LEAGEFUFPEL<\/p>\n","protected":false},"author":492,"featured_media":0,"parent":0,"menu_order":8,"comment_status":"closed","ping_status":"closed","template":"","meta":{"footnotes":""},"class_list":["post-21","page","type-page","status-publish","hentry","nodate","item-wrap"],"_links":{"self":[{"href":"https:\/\/wp.ufpel.edu.br\/leagef\/wp-json\/wp\/v2\/pages\/21","targetHints":{"allow":["GET"]}}],"collection":[{"href":"https:\/\/wp.ufpel.edu.br\/leagef\/wp-json\/wp\/v2\/pages"}],"about":[{"href":"https:\/\/wp.ufpel.edu.br\/leagef\/wp-json\/wp\/v2\/types\/page"}],"author":[{"embeddable":true,"href":"https:\/\/wp.ufpel.edu.br\/leagef\/wp-json\/wp\/v2\/users\/492"}],"replies":[{"embeddable":true,"href":"https:\/\/wp.ufpel.edu.br\/leagef\/wp-json\/wp\/v2\/comments?post=21"}],"version-history":[{"count":16,"href":"https:\/\/wp.ufpel.edu.br\/leagef\/wp-json\/wp\/v2\/pages\/21\/revisions"}],"predecessor-version":[{"id":353,"href":"https:\/\/wp.ufpel.edu.br\/leagef\/wp-json\/wp\/v2\/pages\/21\/revisions\/353"}],"wp:attachment":[{"href":"https:\/\/wp.ufpel.edu.br\/leagef\/wp-json\/wp\/v2\/media?parent=21"}],"curies":[{"name":"wp","href":"https:\/\/api.w.org\/{rel}","templated":true}]}}