{"id":17,"date":"2019-04-17T14:53:58","date_gmt":"2019-04-17T17:53:58","guid":{"rendered":"https:\/\/wp.ufpel.edu.br\/leagef\/?page_id=17"},"modified":"2024-08-17T09:43:11","modified_gmt":"2024-08-17T12:43:11","slug":"pesquisa","status":"publish","type":"page","link":"https:\/\/wp.ufpel.edu.br\/leagef\/projetos\/pesquisa\/","title":{"rendered":"Pesquisa"},"content":{"rendered":"<p style=\"text-align: justify;\"><strong>Vigentes:<\/strong><\/p>\n<p style=\"text-align: justify;\">Geocronologia como base para a defini\u00e7\u00e3o e interpreta\u00e7\u00e3o da evolu\u00e7\u00e3o geomorfol\u00f3gica do Canal S\u00e3o Gon\u00e7alo (RS \u2013 Brasil).\u00a0 (Financiamento FAPERGS &#8211; Edital PqG\/2024)<\/p>\n<p style=\"text-align: justify;\"><a href=\"https:\/\/institucional.ufpel.edu.br\/projetos\/id\/u5507\">\u00c1reas priorit\u00e1rias \u00e0 geoconserva\u00e7\u00e3o a partir da an\u00e1lise espacial da geodiversidade na Bacia Hidrogr\u00e1fica do Rio Camaqu\u00e3.<\/a><\/p>\n<p><a href=\"https:\/\/institucional.ufpel.edu.br\/projetos\/id\/u7562\">Custos ambientais e econ\u00f4micos da din\u00e2mica de uso da terra vinculada \u00e0s commodities agr\u00edcolas na Serra dos Tapes\/RS: an\u00e1lise a partir dos servi\u00e7os ecossist\u00eamicos prestados pelos campos nativos alterados e fragmentados.<\/a> (Financiamento FAPERGS &#8211; Edital PqG\/2024)<\/p>\n<p><a href=\"https:\/\/institucional.ufpel.edu.br\/projetos\/id\/u4435\">Avalia\u00e7\u00e3o dos riscos e impactos da eros\u00e3o h\u00eddrica e valida\u00e7\u00e3o de modelos preditivos em campos agr\u00edcolas sulinos.<\/a><\/p>\n<p><a href=\"https:\/\/institucional.ufpel.edu.br\/projetos\/id\/u2594\">Perda e aporte de sedimentos em bacias hidrogr\u00e1ficas da metade sul do Rio Grande do Sul.<\/a><\/p>\n<p><a href=\"https:\/\/institucional.ufpel.edu.br\/projetos\/id\/u3878\">Mapeamento Geomorfol\u00f3gico do munic\u00edpio de Pelotas\/RS.<\/a><\/p>\n<p style=\"text-align: justify;\"><strong>Anteriores:<\/strong><\/p>\n<p style=\"text-align: justify;\"><a href=\"https:\/\/institucional.ufpel.edu.br\/projetos\/id\/p9694\">Avalia\u00e7\u00e3o do Patrim\u00f4nio Geomorfol\u00f3gico de Ca\u00e7apava do Sul (RS) a partir do \u00cdndice de Geomorfodiversidade<\/a><\/p>\n<p style=\"text-align: justify;\"><a href=\"https:\/\/institucional.ufpel.edu.br\/projetos\/id\/p7886\">Avalia\u00e7\u00e3o dos Riscos e Impactos da Eros\u00e3o H\u00eddrica do Solo em Campos Agr\u00edcolas e Avalia\u00e7\u00e3o do desempenho e valida\u00e7\u00e3o de Modelos Preditivos<\/a><\/p>\n<p style=\"text-align: justify;\"><a href=\"https:\/\/institucional.ufpel.edu.br\/projetos\/id\/p9592\">Mapeamento Geomorfol\u00f3gico do munic\u00edpio de Pelotas\/ RS\/ Brasil<\/a><\/p>\n","protected":false},"excerpt":{"rendered":"<p>Vigentes: Geocronologia como base para a defini\u00e7\u00e3o e interpreta\u00e7\u00e3o da evolu\u00e7\u00e3o geomorfol\u00f3gica do Canal S\u00e3o Gon\u00e7alo (RS \u2013 Brasil).\u00a0 (Financiamento FAPERGS &#8211; Edital PqG\/2024) \u00c1reas priorit\u00e1rias \u00e0 geoconserva\u00e7\u00e3o a partir da an\u00e1lise espacial da geodiversidade na Bacia Hidrogr\u00e1fica do Rio Camaqu\u00e3. Custos ambientais e econ\u00f4micos da din\u00e2mica de uso da terra vinculada \u00e0s commodities agr\u00edcolas &hellip; <\/p>\n<p><a class=\"more-link btn\" href=\"https:\/\/wp.ufpel.edu.br\/leagef\/projetos\/pesquisa\/\">Continue lendo<\/a><\/p>\n","protected":false},"author":492,"featured_media":0,"parent":14,"menu_order":2,"comment_status":"closed","ping_status":"closed","template":"","meta":{"footnotes":""},"class_list":["post-17","page","type-page","status-publish","hentry","nodate","item-wrap"],"_links":{"self":[{"href":"https:\/\/wp.ufpel.edu.br\/leagef\/wp-json\/wp\/v2\/pages\/17","targetHints":{"allow":["GET"]}}],"collection":[{"href":"https:\/\/wp.ufpel.edu.br\/leagef\/wp-json\/wp\/v2\/pages"}],"about":[{"href":"https:\/\/wp.ufpel.edu.br\/leagef\/wp-json\/wp\/v2\/types\/page"}],"author":[{"embeddable":true,"href":"https:\/\/wp.ufpel.edu.br\/leagef\/wp-json\/wp\/v2\/users\/492"}],"replies":[{"embeddable":true,"href":"https:\/\/wp.ufpel.edu.br\/leagef\/wp-json\/wp\/v2\/comments?post=17"}],"version-history":[{"count":8,"href":"https:\/\/wp.ufpel.edu.br\/leagef\/wp-json\/wp\/v2\/pages\/17\/revisions"}],"predecessor-version":[{"id":116,"href":"https:\/\/wp.ufpel.edu.br\/leagef\/wp-json\/wp\/v2\/pages\/17\/revisions\/116"}],"up":[{"embeddable":true,"href":"https:\/\/wp.ufpel.edu.br\/leagef\/wp-json\/wp\/v2\/pages\/14"}],"wp:attachment":[{"href":"https:\/\/wp.ufpel.edu.br\/leagef\/wp-json\/wp\/v2\/media?parent=17"}],"curies":[{"name":"wp","href":"https:\/\/api.w.org\/{rel}","templated":true}]}}