{"id":147,"date":"2019-05-02T22:40:42","date_gmt":"2019-05-03T01:40:42","guid":{"rendered":"https:\/\/wp.ufpel.edu.br\/leagef\/?page_id=147"},"modified":"2024-08-19T15:47:07","modified_gmt":"2024-08-19T18:47:07","slug":"rdg_leagef","status":"publish","type":"page","link":"https:\/\/wp.ufpel.edu.br\/leagef\/rdg_leagef\/","title":{"rendered":"Informa\u00e7\u00f5es Geoespaciais"},"content":{"rendered":"<p style=\"text-align: justify;\">O <strong>Reposit\u00f3rio de Informa\u00e7\u00f5es Geoespaciais<\/strong> \u00e9 uma iniciativa criada pelo LEAGEF para disponibilizar na p\u00e1gina do laborat\u00f3rio os arquivos e bancos de dados produzidos pelos discentes e egressos dos cursos de gradua\u00e7\u00e3o e p\u00f3s-gradua\u00e7\u00e3o, bem como mapas s\u00edntese resultantes de pesquisas e projetos desenvolvidos pelos membros do LEAGEF.<\/p>\n<p>(Reposit\u00f3rio em constru\u00e7\u00e3o &#8211; volte em breve para conhec\u00ea-lo)<\/p>\n","protected":false},"excerpt":{"rendered":"<p>O Reposit\u00f3rio de Informa\u00e7\u00f5es Geoespaciais \u00e9 uma iniciativa criada pelo LEAGEF para disponibilizar na p\u00e1gina do laborat\u00f3rio os arquivos e bancos de dados produzidos pelos discentes e egressos dos cursos de gradua\u00e7\u00e3o e p\u00f3s-gradua\u00e7\u00e3o, bem como mapas s\u00edntese resultantes de pesquisas e projetos desenvolvidos pelos membros do LEAGEF. (Reposit\u00f3rio em constru\u00e7\u00e3o &#8211; volte em breve &hellip; <\/p>\n<p><a class=\"more-link btn\" href=\"https:\/\/wp.ufpel.edu.br\/leagef\/rdg_leagef\/\">Continue lendo<\/a><\/p>\n","protected":false},"author":492,"featured_media":0,"parent":0,"menu_order":5,"comment_status":"closed","ping_status":"closed","template":"","meta":{"footnotes":""},"class_list":["post-147","page","type-page","status-publish","hentry","nodate","item-wrap"],"_links":{"self":[{"href":"https:\/\/wp.ufpel.edu.br\/leagef\/wp-json\/wp\/v2\/pages\/147","targetHints":{"allow":["GET"]}}],"collection":[{"href":"https:\/\/wp.ufpel.edu.br\/leagef\/wp-json\/wp\/v2\/pages"}],"about":[{"href":"https:\/\/wp.ufpel.edu.br\/leagef\/wp-json\/wp\/v2\/types\/page"}],"author":[{"embeddable":true,"href":"https:\/\/wp.ufpel.edu.br\/leagef\/wp-json\/wp\/v2\/users\/492"}],"replies":[{"embeddable":true,"href":"https:\/\/wp.ufpel.edu.br\/leagef\/wp-json\/wp\/v2\/comments?post=147"}],"version-history":[{"count":5,"href":"https:\/\/wp.ufpel.edu.br\/leagef\/wp-json\/wp\/v2\/pages\/147\/revisions"}],"predecessor-version":[{"id":345,"href":"https:\/\/wp.ufpel.edu.br\/leagef\/wp-json\/wp\/v2\/pages\/147\/revisions\/345"}],"wp:attachment":[{"href":"https:\/\/wp.ufpel.edu.br\/leagef\/wp-json\/wp\/v2\/media?parent=147"}],"curies":[{"name":"wp","href":"https:\/\/api.w.org\/{rel}","templated":true}]}}