{"id":144,"date":"2019-05-02T21:07:53","date_gmt":"2019-05-03T00:07:53","guid":{"rendered":"https:\/\/wp.ufpel.edu.br\/leagef\/?page_id=144"},"modified":"2019-05-02T21:07:53","modified_gmt":"2019-05-03T00:07:53","slug":"identidade-visual","status":"publish","type":"page","link":"https:\/\/wp.ufpel.edu.br\/leagef\/leagef\/identidade-visual\/","title":{"rendered":"Identidade Visual"},"content":{"rendered":"<p style=\"text-align: justify\">O conceito inserido no logotipo do LEAGEF evidencia as complexas rela\u00e7\u00f5es e din\u00e2micas existentes entre os elementos do sistema natural. Desta forma tr\u00eas conjuntos s\u00e3o representados:<\/p>\n<p style=\"text-align: justify\">-Os <strong>Elementos da Geodin\u00e2mica<\/strong>, em tons de marrom e cinza, evidenciam as rela\u00e7\u00f5es entre a geologia, pedologia e geomorfologia na organiza\u00e7\u00e3o da estrutura superficial terrestre;<\/p>\n<p style=\"text-align: justify\">&#8211; A <strong>Biodiversidade<\/strong>, em tons de verde, abrange os aspectos da cobertura vegetal e das associa\u00e7\u00f5es dos demais organismos vivos decorrentes dos diferentes mosaicos biogeogr\u00e1ficos;<\/p>\n<p style=\"text-align: justify\">&#8211; Os tons de azul representam os <strong>Elementos e Processos Atmosf\u00e9ricos e Hidrogr\u00e1ficos<\/strong>, conectados pelo ciclo hidrol\u00f3gico.<\/p>\n<p style=\"text-align: justify\">As linhas brancas fazem refer\u00eancia aos fluxos de energia e mat\u00e9ria respons\u00e1veis pela rela\u00e7\u00e3o, depend\u00eancia e din\u00e2mica dos elementos do sistema natural. Elas abrangem ainda a a\u00e7\u00e3o do Homem enquanto agente modificador e dinamizador dos processos da natureza. Por fim, estas mesmas linhas brancas representam as distintas possibilidades de investiga\u00e7\u00e3o e compreens\u00e3o da din\u00e2mica natural e das rela\u00e7\u00f5es desta com as atividades socioecon\u00f4micas, que permeiam os objetivos da Geografia F\u00edsica.<\/p>\n","protected":false},"excerpt":{"rendered":"<p>O conceito inserido no logotipo do LEAGEF evidencia as complexas rela\u00e7\u00f5es e din\u00e2micas existentes entre os elementos do sistema natural. Desta forma tr\u00eas conjuntos s\u00e3o representados: -Os Elementos da Geodin\u00e2mica, em tons de marrom e cinza, evidenciam as rela\u00e7\u00f5es entre a geologia, pedologia e geomorfologia na organiza\u00e7\u00e3o da estrutura superficial terrestre; &#8211; A Biodiversidade, em &hellip; <\/p>\n<p><a class=\"more-link btn\" href=\"https:\/\/wp.ufpel.edu.br\/leagef\/leagef\/identidade-visual\/\">Continue lendo<\/a><\/p>\n","protected":false},"author":492,"featured_media":0,"parent":45,"menu_order":4,"comment_status":"closed","ping_status":"closed","template":"","meta":{"footnotes":""},"class_list":["post-144","page","type-page","status-publish","hentry","nodate","item-wrap"],"_links":{"self":[{"href":"https:\/\/wp.ufpel.edu.br\/leagef\/wp-json\/wp\/v2\/pages\/144","targetHints":{"allow":["GET"]}}],"collection":[{"href":"https:\/\/wp.ufpel.edu.br\/leagef\/wp-json\/wp\/v2\/pages"}],"about":[{"href":"https:\/\/wp.ufpel.edu.br\/leagef\/wp-json\/wp\/v2\/types\/page"}],"author":[{"embeddable":true,"href":"https:\/\/wp.ufpel.edu.br\/leagef\/wp-json\/wp\/v2\/users\/492"}],"replies":[{"embeddable":true,"href":"https:\/\/wp.ufpel.edu.br\/leagef\/wp-json\/wp\/v2\/comments?post=144"}],"version-history":[{"count":1,"href":"https:\/\/wp.ufpel.edu.br\/leagef\/wp-json\/wp\/v2\/pages\/144\/revisions"}],"predecessor-version":[{"id":146,"href":"https:\/\/wp.ufpel.edu.br\/leagef\/wp-json\/wp\/v2\/pages\/144\/revisions\/146"}],"up":[{"embeddable":true,"href":"https:\/\/wp.ufpel.edu.br\/leagef\/wp-json\/wp\/v2\/pages\/45"}],"wp:attachment":[{"href":"https:\/\/wp.ufpel.edu.br\/leagef\/wp-json\/wp\/v2\/media?parent=144"}],"curies":[{"name":"wp","href":"https:\/\/api.w.org\/{rel}","templated":true}]}}